{"id":5887045,"date":"2026-02-06T10:51:38","date_gmt":"2026-02-06T10:51:38","guid":{"rendered":"https:\/\/theinvisiblecollection.com\/?post_type=product&#038;p=5887045"},"modified":"2026-05-01T07:37:05","modified_gmt":"2026-05-01T07:37:05","slug":"mobilier-national-jules-levasseu-table-s","status":"publish","type":"product","link":"https:\/\/theinvisiblecollection.com\/fr\/produit\/mobilier-national-jules-levasseu-table-s\/","title":{"rendered":"Table S"},"content":{"rendered":"<p>La table S par Jules Levasseur est une pi\u00e8ce de grande envergure qui met \u00e0 l\u2019honneur le savoir-faire des chaudronniers agricoles. Derri\u00e8re son allure sobre et essentielle, elle d\u00e9ploie pr\u00e8s de trois m\u00e8tres de longueur, fa\u00e7onn\u00e9e \u00e0 partir d\u2019une t\u00f4le de 2 mm d\u2019\u00e9paisseur formant \u00e0 la fois les pieds et la structure du plateau. Surmont\u00e9e d\u2019un plateau en t\u00f4le d\u2019acier, elle se distingue par sa robustesse et se pr\u00eate aussi bien \u00e0 un usage int\u00e9rieur qu\u2019ext\u00e9rieur.<\/p>\n","protected":false},"excerpt":{"rendered":"<p>La table S par Jules Levasseur est une pi\u00e8ce de grande envergure qui met \u00e0 l\u2019honneur le savoir-faire des chaudronniers agricoles. Derri\u00e8re son allure sobre et essentielle, elle d\u00e9ploie pr\u00e8s de trois m\u00e8tres de longueur, fa\u00e7onn\u00e9e \u00e0 partir d\u2019une t\u00f4le de 2 mm d\u2019\u00e9paisseur formant \u00e0 la fois les pieds et la structure du plateau. [&hellip;]<\/p>\n","protected":false},"featured_media":5887041,"template":"","meta":{"_acf_changed":false,"content-type":"","_themeisle_gutenberg_block_has_review":false},"product_brand":[],"product_cat":[8977,12503],"product_tag":[20434,33319],"product_designer":[20441,36674],"comfabric":[],"manufacturer":[36660],"reporting_designer":[37480],"samplecomfabric":[],"designer_clubroom":[],"class_list":{"0":"post-5887045","1":"product","2":"type-product","3":"status-publish","4":"has-post-thumbnail","6":"product_cat-tables-salle-a-manger","7":"product_cat-tables-fr","8":"product_tag-mobilier-national-fr","9":"product_tag-edition-limitee","10":"product_designer-mobilier-national-fr","11":"product_designer-jules-levasseur-fr","12":"manufacturer-jules-levasseur-fr","13":"reporting_designer-mobilier-national","15":"first","16":"instock","17":"taxable","18":"shipping-taxable","19":"purchasable","20":"product-type-simple"},"acf":[],"_links":{"self":[{"href":"https:\/\/theinvisiblecollection.com\/fr\/wp-json\/wp\/v2\/product\/5887045","targetHints":{"allow":["GET"]}}],"collection":[{"href":"https:\/\/theinvisiblecollection.com\/fr\/wp-json\/wp\/v2\/product"}],"about":[{"href":"https:\/\/theinvisiblecollection.com\/fr\/wp-json\/wp\/v2\/types\/product"}],"wp:featuredmedia":[{"embeddable":true,"href":"https:\/\/theinvisiblecollection.com\/fr\/wp-json\/wp\/v2\/media\/5887041"}],"wp:attachment":[{"href":"https:\/\/theinvisiblecollection.com\/fr\/wp-json\/wp\/v2\/media?parent=5887045"}],"wp:term":[{"taxonomy":"product_brand","embeddable":true,"href":"https:\/\/theinvisiblecollection.com\/fr\/wp-json\/wp\/v2\/product_brand?post=5887045"},{"taxonomy":"product_cat","embeddable":true,"href":"https:\/\/theinvisiblecollection.com\/fr\/wp-json\/wp\/v2\/product_cat?post=5887045"},{"taxonomy":"product_tag","embeddable":true,"href":"https:\/\/theinvisiblecollection.com\/fr\/wp-json\/wp\/v2\/product_tag?post=5887045"},{"taxonomy":"product_designer","embeddable":true,"href":"https:\/\/theinvisiblecollection.com\/fr\/wp-json\/wp\/v2\/product_designer?post=5887045"},{"taxonomy":"comfabric","embeddable":true,"href":"https:\/\/theinvisiblecollection.com\/fr\/wp-json\/wp\/v2\/comfabric?post=5887045"},{"taxonomy":"manufacturer","embeddable":true,"href":"https:\/\/theinvisiblecollection.com\/fr\/wp-json\/wp\/v2\/manufacturer?post=5887045"},{"taxonomy":"reporting_designer","embeddable":true,"href":"https:\/\/theinvisiblecollection.com\/fr\/wp-json\/wp\/v2\/reporting_designer?post=5887045"},{"taxonomy":"samplecomfabric","embeddable":true,"href":"https:\/\/theinvisiblecollection.com\/fr\/wp-json\/wp\/v2\/samplecomfabric?post=5887045"},{"taxonomy":"clubroom_product_designer","embeddable":true,"href":"https:\/\/theinvisiblecollection.com\/fr\/wp-json\/wp\/v2\/designer_clubroom?post=5887045"}],"curies":[{"name":"wp","href":"https:\/\/api.w.org\/{rel}","templated":true}]}}