{"id":5887047,"date":"2026-02-03T09:53:59","date_gmt":"2026-02-03T09:53:59","guid":{"rendered":"https:\/\/theinvisiblecollection.com\/?post_type=product&#038;p=5887047"},"modified":"2026-05-01T07:37:05","modified_gmt":"2026-05-01T07:37:05","slug":"mobilier-national-maerl-banc-sepia","status":"publish","type":"product","link":"https:\/\/theinvisiblecollection.com\/fr\/produit\/mobilier-national-maerl-banc-sepia\/","title":{"rendered":"Banc Sepia"},"content":{"rendered":"<p style=\"text-align: justify;\">Le banc Sepia de Maerl, int\u00e9gr\u00e9 \u00e0 la collection du Mobilier National, s\u2019inscrit dans l\u2019histoire de ses origines bretonnes par la juxtaposition de la vannerie de ch\u00e2taigner, technique des paysans terriens, et du cintrage \u00e0 la vapeur, proc\u00e9d\u00e9 des charpentiers de marine. Ce banc incarne un dialogue subtil entre savoir-faire artisanal et h\u00e9ritage maritime, alliant utilit\u00e9 et po\u00e9sie, et racontant \u00e0 travers ses courbes l\u2019histoire des mains et des paysages qui l\u2019ont inspir\u00e9.<\/p>\n","protected":false},"excerpt":{"rendered":"<p>Le banc Sepia de Maerl, int\u00e9gr\u00e9 \u00e0 la collection du Mobilier National, s\u2019inscrit dans l\u2019histoire de ses origines bretonnes par la juxtaposition de la vannerie de ch\u00e2taigner, technique des paysans terriens, et du cintrage \u00e0 la vapeur, proc\u00e9d\u00e9 des charpentiers de marine. Ce banc incarne un dialogue subtil entre savoir-faire artisanal et h\u00e9ritage maritime, alliant [&hellip;]<\/p>\n","protected":false},"featured_media":5887053,"template":"","meta":{"_acf_changed":false,"content-type":"","_themeisle_gutenberg_block_has_review":false},"product_brand":[],"product_cat":[8947,12499],"product_tag":[20434,33319],"product_designer":[20441,36668],"comfabric":[],"manufacturer":[36648],"reporting_designer":[37818],"samplecomfabric":[],"designer_clubroom":[],"class_list":{"0":"post-5887047","1":"product","2":"type-product","3":"status-publish","4":"has-post-thumbnail","6":"product_cat-bancs","7":"product_cat-assises","8":"product_tag-mobilier-national-fr","9":"product_tag-edition-limitee","10":"product_designer-mobilier-national-fr","11":"product_designer-maerl-fr","12":"manufacturer-atelier-maerl-fr","13":"reporting_designer-maerl","15":"first","16":"instock","17":"taxable","18":"shipping-taxable","19":"purchasable","20":"product-type-simple"},"acf":[],"_links":{"self":[{"href":"https:\/\/theinvisiblecollection.com\/fr\/wp-json\/wp\/v2\/product\/5887047","targetHints":{"allow":["GET"]}}],"collection":[{"href":"https:\/\/theinvisiblecollection.com\/fr\/wp-json\/wp\/v2\/product"}],"about":[{"href":"https:\/\/theinvisiblecollection.com\/fr\/wp-json\/wp\/v2\/types\/product"}],"wp:featuredmedia":[{"embeddable":true,"href":"https:\/\/theinvisiblecollection.com\/fr\/wp-json\/wp\/v2\/media\/5887053"}],"wp:attachment":[{"href":"https:\/\/theinvisiblecollection.com\/fr\/wp-json\/wp\/v2\/media?parent=5887047"}],"wp:term":[{"taxonomy":"product_brand","embeddable":true,"href":"https:\/\/theinvisiblecollection.com\/fr\/wp-json\/wp\/v2\/product_brand?post=5887047"},{"taxonomy":"product_cat","embeddable":true,"href":"https:\/\/theinvisiblecollection.com\/fr\/wp-json\/wp\/v2\/product_cat?post=5887047"},{"taxonomy":"product_tag","embeddable":true,"href":"https:\/\/theinvisiblecollection.com\/fr\/wp-json\/wp\/v2\/product_tag?post=5887047"},{"taxonomy":"product_designer","embeddable":true,"href":"https:\/\/theinvisiblecollection.com\/fr\/wp-json\/wp\/v2\/product_designer?post=5887047"},{"taxonomy":"comfabric","embeddable":true,"href":"https:\/\/theinvisiblecollection.com\/fr\/wp-json\/wp\/v2\/comfabric?post=5887047"},{"taxonomy":"manufacturer","embeddable":true,"href":"https:\/\/theinvisiblecollection.com\/fr\/wp-json\/wp\/v2\/manufacturer?post=5887047"},{"taxonomy":"reporting_designer","embeddable":true,"href":"https:\/\/theinvisiblecollection.com\/fr\/wp-json\/wp\/v2\/reporting_designer?post=5887047"},{"taxonomy":"samplecomfabric","embeddable":true,"href":"https:\/\/theinvisiblecollection.com\/fr\/wp-json\/wp\/v2\/samplecomfabric?post=5887047"},{"taxonomy":"clubroom_product_designer","embeddable":true,"href":"https:\/\/theinvisiblecollection.com\/fr\/wp-json\/wp\/v2\/designer_clubroom?post=5887047"}],"curies":[{"name":"wp","href":"https:\/\/api.w.org\/{rel}","templated":true}]}}