{"id":5887080,"date":"2026-02-03T10:12:00","date_gmt":"2026-02-03T10:12:00","guid":{"rendered":"https:\/\/theinvisiblecollection.com\/?post_type=product&#038;p=5887080"},"modified":"2026-05-01T07:37:05","modified_gmt":"2026-05-01T07:37:05","slug":"mobilier-national-marine-peyre-banc-eclair-au-chocolat","status":"publish","type":"product","link":"https:\/\/theinvisiblecollection.com\/fr\/produit\/mobilier-national-marine-peyre-banc-eclair-au-chocolat\/","title":{"rendered":"Banc Eclair Au Chocolat"},"content":{"rendered":"<p style=\"text-align: justify;\" data-start=\"144\" data-end=\"608\">Le banc \u00c9clair au Chocolat est n\u00e9 de la rencontre entre Marine Peyre et Proc\u00e9d\u00e9s Ch\u00e9nel International. Les panneaux DropCake\u00ae en papier recycl\u00e9 ont s\u00e9duit la designer tant par leur conception \u00e9co-responsable que par leur facilit\u00e9 de mise en \u0153uvre et leur qualit\u00e9 esth\u00e9tique. Le choix d\u2019associer des mat\u00e9riaux volontairement contrast\u00e9s, ainsi que la d\u00e9cision de combiner un \u00e9l\u00e9ment rembourr\u00e9 \u00e0 une structure rigide, donnent naissance \u00e0 cette assise singuli\u00e8re.<br \/>\nCompos\u00e9 d\u2019une structure en panneaux DropCake\u00ae d\u00e9coup\u00e9s et d\u2019un coussin en mousse habill\u00e9 de tissu recycl\u00e9, le banc joue avec son esth\u00e9tique de mani\u00e8re assum\u00e9e, \u00e0 travers un clin d\u2019\u0153il formel aux c\u00e9l\u00e8bres p\u00e2tisseries. Ludique par son apparence, il se distingue \u00e9galement par sa simplicit\u00e9 d\u2019assemblage, rendue possible gr\u00e2ce \u00e0 un syst\u00e8me d\u2019embo\u00eetement et d\u2019encoches, pens\u00e9 comme un jeu d\u2019enfant.<\/p>\n","protected":false},"excerpt":{"rendered":"<p>Le banc \u00c9clair au Chocolat est n\u00e9 de la rencontre entre Marine Peyre et Proc\u00e9d\u00e9s Ch\u00e9nel International. Les panneaux DropCake\u00ae en papier recycl\u00e9 ont s\u00e9duit la designer tant par leur conception \u00e9co-responsable que par leur facilit\u00e9 de mise en \u0153uvre et leur qualit\u00e9 esth\u00e9tique. Le choix d\u2019associer des mat\u00e9riaux volontairement contrast\u00e9s, ainsi que la d\u00e9cision [&hellip;]<\/p>\n","protected":false},"featured_media":5887092,"template":"","meta":{"_acf_changed":false,"content-type":"","_themeisle_gutenberg_block_has_review":false},"product_brand":[],"product_cat":[8947,12499],"product_tag":[20434,33319],"product_designer":[20441,36670],"comfabric":[],"manufacturer":[36654],"reporting_designer":[37480],"samplecomfabric":[],"designer_clubroom":[],"class_list":{"0":"post-5887080","1":"product","2":"type-product","3":"status-publish","4":"has-post-thumbnail","6":"product_cat-bancs","7":"product_cat-assises","8":"product_tag-mobilier-national-fr","9":"product_tag-edition-limitee","10":"product_designer-mobilier-national-fr","11":"product_designer-marine-peyre-fr","12":"manufacturer-atelier-procdes-chenel-pick-up-marine-peyre-fr","13":"reporting_designer-mobilier-national","15":"first","16":"instock","17":"taxable","18":"shipping-taxable","19":"purchasable","20":"product-type-simple"},"acf":[],"_links":{"self":[{"href":"https:\/\/theinvisiblecollection.com\/fr\/wp-json\/wp\/v2\/product\/5887080","targetHints":{"allow":["GET"]}}],"collection":[{"href":"https:\/\/theinvisiblecollection.com\/fr\/wp-json\/wp\/v2\/product"}],"about":[{"href":"https:\/\/theinvisiblecollection.com\/fr\/wp-json\/wp\/v2\/types\/product"}],"wp:featuredmedia":[{"embeddable":true,"href":"https:\/\/theinvisiblecollection.com\/fr\/wp-json\/wp\/v2\/media\/5887092"}],"wp:attachment":[{"href":"https:\/\/theinvisiblecollection.com\/fr\/wp-json\/wp\/v2\/media?parent=5887080"}],"wp:term":[{"taxonomy":"product_brand","embeddable":true,"href":"https:\/\/theinvisiblecollection.com\/fr\/wp-json\/wp\/v2\/product_brand?post=5887080"},{"taxonomy":"product_cat","embeddable":true,"href":"https:\/\/theinvisiblecollection.com\/fr\/wp-json\/wp\/v2\/product_cat?post=5887080"},{"taxonomy":"product_tag","embeddable":true,"href":"https:\/\/theinvisiblecollection.com\/fr\/wp-json\/wp\/v2\/product_tag?post=5887080"},{"taxonomy":"product_designer","embeddable":true,"href":"https:\/\/theinvisiblecollection.com\/fr\/wp-json\/wp\/v2\/product_designer?post=5887080"},{"taxonomy":"comfabric","embeddable":true,"href":"https:\/\/theinvisiblecollection.com\/fr\/wp-json\/wp\/v2\/comfabric?post=5887080"},{"taxonomy":"manufacturer","embeddable":true,"href":"https:\/\/theinvisiblecollection.com\/fr\/wp-json\/wp\/v2\/manufacturer?post=5887080"},{"taxonomy":"reporting_designer","embeddable":true,"href":"https:\/\/theinvisiblecollection.com\/fr\/wp-json\/wp\/v2\/reporting_designer?post=5887080"},{"taxonomy":"samplecomfabric","embeddable":true,"href":"https:\/\/theinvisiblecollection.com\/fr\/wp-json\/wp\/v2\/samplecomfabric?post=5887080"},{"taxonomy":"clubroom_product_designer","embeddable":true,"href":"https:\/\/theinvisiblecollection.com\/fr\/wp-json\/wp\/v2\/designer_clubroom?post=5887080"}],"curies":[{"name":"wp","href":"https:\/\/api.w.org\/{rel}","templated":true}]}}