{"id":5887094,"date":"2026-02-03T10:21:42","date_gmt":"2026-02-03T10:21:42","guid":{"rendered":"https:\/\/theinvisiblecollection.com\/?post_type=product&#038;p=5887094"},"modified":"2026-05-01T07:37:05","modified_gmt":"2026-05-01T07:37:05","slug":"mobilier-national-materra-matang-table-dappoint-noyer","status":"publish","type":"product","link":"https:\/\/theinvisiblecollection.com\/fr\/produit\/mobilier-national-materra-matang-table-dappoint-noyer\/","title":{"rendered":"Table D&#8217;appoint Noyer"},"content":{"rendered":"<p style=\"text-align: justify;\">La table d\u2019appoint en noyer massif est le fruit d\u2019un dialogue subtil entre l\u2019assemblage du bois et le tressage de cordage. Ses pieds, pr\u00e9cis\u00e9ment \u00e9vid\u00e9s, sont maintenus par une cl\u00e9 en marbre assurant la stabilit\u00e9 de la pi\u00e8ce. En son centre, une surface en corde de papier tress\u00e9e \u00e0 la main apporte l\u00e9g\u00e8ret\u00e9 et contraste. Con\u00e7ue comme une petite architecture, cet objet en apparence simple se r\u00e9v\u00e8le \u00eatre un v\u00e9ritable d\u00e9fi artisanal, o\u00f9 seul un savoir-faire ma\u00eetris\u00e9 permet d\u2019unir des mat\u00e9riaux et des techniques aussi vari\u00e9s.<\/p>\n","protected":false},"excerpt":{"rendered":"<p>La table d\u2019appoint en noyer massif est le fruit d\u2019un dialogue subtil entre l\u2019assemblage du bois et le tressage de cordage. Ses pieds, pr\u00e9cis\u00e9ment \u00e9vid\u00e9s, sont maintenus par une cl\u00e9 en marbre assurant la stabilit\u00e9 de la pi\u00e8ce. En son centre, une surface en corde de papier tress\u00e9e \u00e0 la main apporte l\u00e9g\u00e8ret\u00e9 et contraste. [&hellip;]<\/p>\n","protected":false},"featured_media":5887098,"template":"","meta":{"_acf_changed":false,"content-type":"","_themeisle_gutenberg_block_has_review":false},"product_brand":[],"product_cat":[12503,7675,12332],"product_tag":[20434,33319],"product_designer":[20441,36666],"comfabric":[],"manufacturer":[36642],"reporting_designer":[37480],"samplecomfabric":[],"designer_clubroom":[],"class_list":{"0":"post-5887094","1":"product","2":"type-product","3":"status-publish","4":"has-post-thumbnail","6":"product_cat-tables-fr","7":"product_cat-consoles-fr","8":"product_cat-tables-dappoint","9":"product_tag-mobilier-national-fr","10":"product_tag-edition-limitee","11":"product_designer-mobilier-national-fr","12":"product_designer-materra-matang-fr","13":"manufacturer-materra-matang-fr","14":"reporting_designer-mobilier-national","16":"first","17":"instock","18":"taxable","19":"shipping-taxable","20":"purchasable","21":"product-type-simple"},"acf":[],"_links":{"self":[{"href":"https:\/\/theinvisiblecollection.com\/fr\/wp-json\/wp\/v2\/product\/5887094","targetHints":{"allow":["GET"]}}],"collection":[{"href":"https:\/\/theinvisiblecollection.com\/fr\/wp-json\/wp\/v2\/product"}],"about":[{"href":"https:\/\/theinvisiblecollection.com\/fr\/wp-json\/wp\/v2\/types\/product"}],"wp:featuredmedia":[{"embeddable":true,"href":"https:\/\/theinvisiblecollection.com\/fr\/wp-json\/wp\/v2\/media\/5887098"}],"wp:attachment":[{"href":"https:\/\/theinvisiblecollection.com\/fr\/wp-json\/wp\/v2\/media?parent=5887094"}],"wp:term":[{"taxonomy":"product_brand","embeddable":true,"href":"https:\/\/theinvisiblecollection.com\/fr\/wp-json\/wp\/v2\/product_brand?post=5887094"},{"taxonomy":"product_cat","embeddable":true,"href":"https:\/\/theinvisiblecollection.com\/fr\/wp-json\/wp\/v2\/product_cat?post=5887094"},{"taxonomy":"product_tag","embeddable":true,"href":"https:\/\/theinvisiblecollection.com\/fr\/wp-json\/wp\/v2\/product_tag?post=5887094"},{"taxonomy":"product_designer","embeddable":true,"href":"https:\/\/theinvisiblecollection.com\/fr\/wp-json\/wp\/v2\/product_designer?post=5887094"},{"taxonomy":"comfabric","embeddable":true,"href":"https:\/\/theinvisiblecollection.com\/fr\/wp-json\/wp\/v2\/comfabric?post=5887094"},{"taxonomy":"manufacturer","embeddable":true,"href":"https:\/\/theinvisiblecollection.com\/fr\/wp-json\/wp\/v2\/manufacturer?post=5887094"},{"taxonomy":"reporting_designer","embeddable":true,"href":"https:\/\/theinvisiblecollection.com\/fr\/wp-json\/wp\/v2\/reporting_designer?post=5887094"},{"taxonomy":"samplecomfabric","embeddable":true,"href":"https:\/\/theinvisiblecollection.com\/fr\/wp-json\/wp\/v2\/samplecomfabric?post=5887094"},{"taxonomy":"clubroom_product_designer","embeddable":true,"href":"https:\/\/theinvisiblecollection.com\/fr\/wp-json\/wp\/v2\/designer_clubroom?post=5887094"}],"curies":[{"name":"wp","href":"https:\/\/api.w.org\/{rel}","templated":true}]}}