{"id":5887114,"date":"2026-02-03T10:28:30","date_gmt":"2026-02-03T10:28:30","guid":{"rendered":"https:\/\/theinvisiblecollection.com\/?post_type=product&#038;p=5887114"},"modified":"2026-05-01T07:37:05","modified_gmt":"2026-05-01T07:37:05","slug":"mobilier-national-materra-matang-buffet-bois-brule","status":"publish","type":"product","link":"https:\/\/theinvisiblecollection.com\/fr\/produit\/mobilier-national-materra-matang-buffet-bois-brule\/","title":{"rendered":"Buffet Bois Br\u00fbl\u00e9"},"content":{"rendered":"<p style=\"text-align: justify;\" data-start=\"32\" data-end=\"380\">Le buffet en bois br\u00fbl\u00e9 de Materra Matang explore le concept d\u2019une v\u00e9ritable \u00ab couture du bois \u00bb, orchestrant un dialogue inattendu entre la corde et la structure en bois. Compos\u00e9 d\u2019une multitude de petits \u00e9l\u00e9ments assembl\u00e9s sans clous ni vis, il est enti\u00e8rement maintenu par des liens de corde et des techniques d\u2019assemblage traditionnelles.<br \/>\nSa finition en bois br\u00fbl\u00e9 s\u2019inspire d\u2019un proc\u00e9d\u00e9 architectural japonais qui renforce naturellement la mati\u00e8re tout en lui conf\u00e9rant un caract\u00e8re singulier et expressif.<br \/>\nCon\u00e7u comme une forme architecturale \u00e0 petite \u00e9chelle, cet objet en apparence simple se r\u00e9v\u00e8le \u00eatre un v\u00e9ritable d\u00e9fi artisanal, o\u00f9 seul un savoir-faire ma\u00eetris\u00e9 permet d\u2019unir harmonieusement des mat\u00e9riaux et des techniques aussi vari\u00e9s.<\/p>\n","protected":false},"excerpt":{"rendered":"<p>Le buffet en bois br\u00fbl\u00e9 de Materra Matang explore le concept d\u2019une v\u00e9ritable \u00ab couture du bois \u00bb, orchestrant un dialogue inattendu entre la corde et la structure en bois. Compos\u00e9 d\u2019une multitude de petits \u00e9l\u00e9ments assembl\u00e9s sans clous ni vis, il est enti\u00e8rement maintenu par des liens de corde et des techniques d\u2019assemblage traditionnelles. [&hellip;]<\/p>\n","protected":false},"featured_media":5887120,"template":"","meta":{"_acf_changed":false,"content-type":"","_themeisle_gutenberg_block_has_review":false},"product_brand":[],"product_cat":[12505,8957],"product_tag":[9456,20434,33319,9423],"product_designer":[36666,20441],"comfabric":[],"manufacturer":[36642],"reporting_designer":[37480],"samplecomfabric":[],"designer_clubroom":[],"class_list":{"0":"post-5887114","1":"product","2":"type-product","3":"status-publish","4":"has-post-thumbnail","6":"product_cat-rangements","7":"product_cat-commodes","8":"product_tag-cabinet","9":"product_tag-mobilier-national-fr","10":"product_tag-edition-limitee","11":"product_tag-storage","12":"product_designer-materra-matang-fr","13":"product_designer-mobilier-national-fr","14":"manufacturer-materra-matang-fr","15":"reporting_designer-mobilier-national","17":"first","18":"instock","19":"taxable","20":"shipping-taxable","21":"purchasable","22":"product-type-simple"},"acf":[],"_links":{"self":[{"href":"https:\/\/theinvisiblecollection.com\/fr\/wp-json\/wp\/v2\/product\/5887114","targetHints":{"allow":["GET"]}}],"collection":[{"href":"https:\/\/theinvisiblecollection.com\/fr\/wp-json\/wp\/v2\/product"}],"about":[{"href":"https:\/\/theinvisiblecollection.com\/fr\/wp-json\/wp\/v2\/types\/product"}],"wp:featuredmedia":[{"embeddable":true,"href":"https:\/\/theinvisiblecollection.com\/fr\/wp-json\/wp\/v2\/media\/5887120"}],"wp:attachment":[{"href":"https:\/\/theinvisiblecollection.com\/fr\/wp-json\/wp\/v2\/media?parent=5887114"}],"wp:term":[{"taxonomy":"product_brand","embeddable":true,"href":"https:\/\/theinvisiblecollection.com\/fr\/wp-json\/wp\/v2\/product_brand?post=5887114"},{"taxonomy":"product_cat","embeddable":true,"href":"https:\/\/theinvisiblecollection.com\/fr\/wp-json\/wp\/v2\/product_cat?post=5887114"},{"taxonomy":"product_tag","embeddable":true,"href":"https:\/\/theinvisiblecollection.com\/fr\/wp-json\/wp\/v2\/product_tag?post=5887114"},{"taxonomy":"product_designer","embeddable":true,"href":"https:\/\/theinvisiblecollection.com\/fr\/wp-json\/wp\/v2\/product_designer?post=5887114"},{"taxonomy":"comfabric","embeddable":true,"href":"https:\/\/theinvisiblecollection.com\/fr\/wp-json\/wp\/v2\/comfabric?post=5887114"},{"taxonomy":"manufacturer","embeddable":true,"href":"https:\/\/theinvisiblecollection.com\/fr\/wp-json\/wp\/v2\/manufacturer?post=5887114"},{"taxonomy":"reporting_designer","embeddable":true,"href":"https:\/\/theinvisiblecollection.com\/fr\/wp-json\/wp\/v2\/reporting_designer?post=5887114"},{"taxonomy":"samplecomfabric","embeddable":true,"href":"https:\/\/theinvisiblecollection.com\/fr\/wp-json\/wp\/v2\/samplecomfabric?post=5887114"},{"taxonomy":"clubroom_product_designer","embeddable":true,"href":"https:\/\/theinvisiblecollection.com\/fr\/wp-json\/wp\/v2\/designer_clubroom?post=5887114"}],"curies":[{"name":"wp","href":"https:\/\/api.w.org\/{rel}","templated":true}]}}