{"id":5887150,"date":"2026-02-03T11:04:26","date_gmt":"2026-02-03T11:04:26","guid":{"rendered":"https:\/\/theinvisiblecollection.com\/?post_type=product&#038;p=5887150"},"modified":"2026-05-01T07:37:05","modified_gmt":"2026-05-01T07:37:05","slug":"mobilier-national-mercoeur-lampadaire-arcy","status":"publish","type":"product","link":"https:\/\/theinvisiblecollection.com\/fr\/produit\/mobilier-national-mercoeur-lampadaire-arcy\/","title":{"rendered":"Lampadaire Arcy"},"content":{"rendered":"<p style=\"text-align: justify;\">Le lampadaire ARCY de Mercoeur Edition par Gr\u00e9goire De Laforrest, r\u00e9interpr\u00e8te l\u2019arch\u00e9type du luminaire en pla\u00e7ant la mati\u00e8re et le savoir-faire au c\u0153ur de sa conception. Pens\u00e9 \u00e0 l\u2019origine comme une pi\u00e8ce monolithique en pierre de lave \u00e9maill\u00e9e, il a d\u00fb, en raison des contraintes de cuisson, \u00eatre con\u00e7u en \u00e9l\u00e9ments distincts. Assembl\u00e9es avec pr\u00e9cision, ces briques composent un ensemble rythm\u00e9, o\u00f9 les joints et les nuances de l\u2019\u00e9mail participent pleinement \u00e0 l\u2019esth\u00e9tique de l\u2019objet. L\u2019\u00e9mail vert \u00e9volue subtilement vers le blanc au niveau de l\u2019abat-jour, permettant ainsi la diffusion d\u2019une lumi\u00e8re douce et chaleureuse.<\/p>\n","protected":false},"excerpt":{"rendered":"<p>Le lampadaire ARCY de Mercoeur Edition par Gr\u00e9goire De Laforrest, r\u00e9interpr\u00e8te l\u2019arch\u00e9type du luminaire en pla\u00e7ant la mati\u00e8re et le savoir-faire au c\u0153ur de sa conception. Pens\u00e9 \u00e0 l\u2019origine comme une pi\u00e8ce monolithique en pierre de lave \u00e9maill\u00e9e, il a d\u00fb, en raison des contraintes de cuisson, \u00eatre con\u00e7u en \u00e9l\u00e9ments distincts. Assembl\u00e9es avec pr\u00e9cision, [&hellip;]<\/p>\n","protected":false},"featured_media":5887158,"template":"","meta":{"_acf_changed":false,"content-type":"","_themeisle_gutenberg_block_has_review":false},"product_brand":[],"product_cat":[8966,12507],"product_tag":[9200,20434,33319],"product_designer":[20441,26734],"comfabric":[],"manufacturer":[26722],"reporting_designer":[37480],"samplecomfabric":[],"designer_clubroom":[],"class_list":{"0":"post-5887150","1":"product","2":"type-product","3":"status-publish","4":"has-post-thumbnail","6":"product_cat-lampes-sur-pied","7":"product_cat-luminaires","8":"product_tag-luminaire-fr-2","9":"product_tag-mobilier-national-fr","10":"product_tag-edition-limitee","11":"product_designer-mobilier-national-fr","12":"product_designer-jolle-rigal-by-mercoeur-edition-fr","13":"manufacturer-mercoeur-edition-fr","14":"reporting_designer-mobilier-national","16":"first","17":"instock","18":"taxable","19":"shipping-taxable","20":"purchasable","21":"product-type-simple"},"acf":[],"_links":{"self":[{"href":"https:\/\/theinvisiblecollection.com\/fr\/wp-json\/wp\/v2\/product\/5887150","targetHints":{"allow":["GET"]}}],"collection":[{"href":"https:\/\/theinvisiblecollection.com\/fr\/wp-json\/wp\/v2\/product"}],"about":[{"href":"https:\/\/theinvisiblecollection.com\/fr\/wp-json\/wp\/v2\/types\/product"}],"wp:featuredmedia":[{"embeddable":true,"href":"https:\/\/theinvisiblecollection.com\/fr\/wp-json\/wp\/v2\/media\/5887158"}],"wp:attachment":[{"href":"https:\/\/theinvisiblecollection.com\/fr\/wp-json\/wp\/v2\/media?parent=5887150"}],"wp:term":[{"taxonomy":"product_brand","embeddable":true,"href":"https:\/\/theinvisiblecollection.com\/fr\/wp-json\/wp\/v2\/product_brand?post=5887150"},{"taxonomy":"product_cat","embeddable":true,"href":"https:\/\/theinvisiblecollection.com\/fr\/wp-json\/wp\/v2\/product_cat?post=5887150"},{"taxonomy":"product_tag","embeddable":true,"href":"https:\/\/theinvisiblecollection.com\/fr\/wp-json\/wp\/v2\/product_tag?post=5887150"},{"taxonomy":"product_designer","embeddable":true,"href":"https:\/\/theinvisiblecollection.com\/fr\/wp-json\/wp\/v2\/product_designer?post=5887150"},{"taxonomy":"comfabric","embeddable":true,"href":"https:\/\/theinvisiblecollection.com\/fr\/wp-json\/wp\/v2\/comfabric?post=5887150"},{"taxonomy":"manufacturer","embeddable":true,"href":"https:\/\/theinvisiblecollection.com\/fr\/wp-json\/wp\/v2\/manufacturer?post=5887150"},{"taxonomy":"reporting_designer","embeddable":true,"href":"https:\/\/theinvisiblecollection.com\/fr\/wp-json\/wp\/v2\/reporting_designer?post=5887150"},{"taxonomy":"samplecomfabric","embeddable":true,"href":"https:\/\/theinvisiblecollection.com\/fr\/wp-json\/wp\/v2\/samplecomfabric?post=5887150"},{"taxonomy":"clubroom_product_designer","embeddable":true,"href":"https:\/\/theinvisiblecollection.com\/fr\/wp-json\/wp\/v2\/designer_clubroom?post=5887150"}],"curies":[{"name":"wp","href":"https:\/\/api.w.org\/{rel}","templated":true}]}}