{"id":5887184,"date":"2026-02-03T11:18:32","date_gmt":"2026-02-03T11:18:32","guid":{"rendered":"https:\/\/theinvisiblecollection.com\/?post_type=product&#038;p=5887184"},"modified":"2026-05-01T07:37:05","modified_gmt":"2026-05-01T07:37:05","slug":"mobilier-national-table-dappoint-ballerina","status":"publish","type":"product","link":"https:\/\/theinvisiblecollection.com\/fr\/produit\/mobilier-national-table-dappoint-ballerina\/","title":{"rendered":"Table Ballerina"},"content":{"rendered":"<p>La table Ballerine est l\u2019une des premi\u00e8res pi\u00e8ces de la collection Senimo, une \u0153uvre manifeste o\u00f9 le mouvement devient mati\u00e8re. Enti\u00e8rement r\u00e9alis\u00e9e \u00e0 la main en bois laqu\u00e9 par Fabien Colomines, artisan et designer, elle brouille volontairement les fronti\u00e8res entre mati\u00e8re, \u00e9poque et usage. \u00c0 la fois pr\u00e9sente et a\u00e9rienne, ses courbes se d\u00e9voilent dans un d\u00e9grad\u00e9 profond, du noir abyssal aux verts apaisants. Inspir\u00e9e par la danse, la table Ballerina se m\u00e9tamorphose \u2014 tabouret, table d\u2019appoint ou sculpture \u2014 et incarne avec subtilit\u00e9 l\u2019ambivalence des \u00e9motions.<\/p>\n","protected":false},"excerpt":{"rendered":"<p>La table Ballerine est l\u2019une des premi\u00e8res pi\u00e8ces de la collection Senimo, une \u0153uvre manifeste o\u00f9 le mouvement devient mati\u00e8re. Enti\u00e8rement r\u00e9alis\u00e9e \u00e0 la main en bois laqu\u00e9 par Fabien Colomines, artisan et designer, elle brouille volontairement les fronti\u00e8res entre mati\u00e8re, \u00e9poque et usage. \u00c0 la fois pr\u00e9sente et a\u00e9rienne, ses courbes se d\u00e9voilent dans [&hellip;]<\/p>\n","protected":false},"featured_media":5887188,"template":"","meta":{"_acf_changed":false,"content-type":"","_themeisle_gutenberg_block_has_review":false},"product_brand":[],"product_cat":[12332,12503],"product_tag":[20434,33319],"product_designer":[20441,36696],"comfabric":[],"manufacturer":[36682],"reporting_designer":[37680],"samplecomfabric":[],"designer_clubroom":[],"class_list":{"0":"post-5887184","1":"product","2":"type-product","3":"status-publish","4":"has-post-thumbnail","6":"product_cat-tables-dappoint","7":"product_cat-tables-fr","8":"product_tag-mobilier-national-fr","9":"product_tag-edition-limitee","10":"product_designer-mobilier-national-fr","11":"product_designer-senimo-fr","12":"manufacturer-senimo-fr","13":"reporting_designer-senimo","15":"first","16":"instock","17":"taxable","18":"shipping-taxable","19":"purchasable","20":"product-type-simple"},"acf":[],"_links":{"self":[{"href":"https:\/\/theinvisiblecollection.com\/fr\/wp-json\/wp\/v2\/product\/5887184","targetHints":{"allow":["GET"]}}],"collection":[{"href":"https:\/\/theinvisiblecollection.com\/fr\/wp-json\/wp\/v2\/product"}],"about":[{"href":"https:\/\/theinvisiblecollection.com\/fr\/wp-json\/wp\/v2\/types\/product"}],"wp:featuredmedia":[{"embeddable":true,"href":"https:\/\/theinvisiblecollection.com\/fr\/wp-json\/wp\/v2\/media\/5887188"}],"wp:attachment":[{"href":"https:\/\/theinvisiblecollection.com\/fr\/wp-json\/wp\/v2\/media?parent=5887184"}],"wp:term":[{"taxonomy":"product_brand","embeddable":true,"href":"https:\/\/theinvisiblecollection.com\/fr\/wp-json\/wp\/v2\/product_brand?post=5887184"},{"taxonomy":"product_cat","embeddable":true,"href":"https:\/\/theinvisiblecollection.com\/fr\/wp-json\/wp\/v2\/product_cat?post=5887184"},{"taxonomy":"product_tag","embeddable":true,"href":"https:\/\/theinvisiblecollection.com\/fr\/wp-json\/wp\/v2\/product_tag?post=5887184"},{"taxonomy":"product_designer","embeddable":true,"href":"https:\/\/theinvisiblecollection.com\/fr\/wp-json\/wp\/v2\/product_designer?post=5887184"},{"taxonomy":"comfabric","embeddable":true,"href":"https:\/\/theinvisiblecollection.com\/fr\/wp-json\/wp\/v2\/comfabric?post=5887184"},{"taxonomy":"manufacturer","embeddable":true,"href":"https:\/\/theinvisiblecollection.com\/fr\/wp-json\/wp\/v2\/manufacturer?post=5887184"},{"taxonomy":"reporting_designer","embeddable":true,"href":"https:\/\/theinvisiblecollection.com\/fr\/wp-json\/wp\/v2\/reporting_designer?post=5887184"},{"taxonomy":"samplecomfabric","embeddable":true,"href":"https:\/\/theinvisiblecollection.com\/fr\/wp-json\/wp\/v2\/samplecomfabric?post=5887184"},{"taxonomy":"clubroom_product_designer","embeddable":true,"href":"https:\/\/theinvisiblecollection.com\/fr\/wp-json\/wp\/v2\/designer_clubroom?post=5887184"}],"curies":[{"name":"wp","href":"https:\/\/api.w.org\/{rel}","templated":true}]}}