{"id":5887211,"date":"2026-02-03T11:35:13","date_gmt":"2026-02-03T11:35:13","guid":{"rendered":"https:\/\/theinvisiblecollection.com\/?post_type=product&#038;p=5887211"},"modified":"2026-05-01T07:37:05","modified_gmt":"2026-05-01T07:37:05","slug":"mobilier-national-studio-cabane-lampadaire-sycomore","status":"publish","type":"product","link":"https:\/\/theinvisiblecollection.com\/fr\/produit\/mobilier-national-studio-cabane-lampadaire-sycomore\/","title":{"rendered":"Lampadaire Sycomore"},"content":{"rendered":"<p style=\"text-align: justify;\"><span class=\"TextRun SCXW112840387 BCX8\" lang=\"FR-FR\" xml:lang=\"FR-FR\" data-contrast=\"none\"><span class=\"NormalTextRun SCXW112840387 BCX8\">Reflet d\u2019une d\u00e9marche de cr\u00e9ation entre artisanat et design \u2013la\u00a0<\/span><span class=\"NormalTextRun SCXW112840387 BCX8\">sculpture<\/span><span class=\"NormalTextRun SCXW112840387 BCX8\">\u00a0dans la masse et le travail de la lumi\u00e8re, de l\u2019ombre et\u00a0<\/span><span class=\"NormalTextRun SCXW112840387 BCX8\">de<\/span><span class=\"NormalTextRun SCXW112840387 BCX8\"> la mati\u00e8re- le lampadaire du Studio Cabane est sculpt\u00e9 dans de l\u2019\u00e9rable sycomore, <\/span><span class=\"NormalTextRun SCXW112840387 BCX8\">un<\/span><span class=\"NormalTextRun SCXW112840387 BCX8\">\u00a0bois clair au veinage discret. Cette combinaison entre mati\u00e8re\u00a0<\/span><span class=\"NormalTextRun SCXW112840387 BCX8\">et<\/span><span class=\"NormalTextRun SCXW112840387 BCX8\">\u00a0forme rend sa pr\u00e9sence \u00e0 la fois discr\u00e8te et omnipr\u00e9sente. L\u2019\u00e9clairage indirect donne une lumi\u00e8re douce et diffuse, accentu\u00e9e\u00a0<\/span><span class=\"NormalTextRun SCXW112840387 BCX8\">par<\/span><span class=\"NormalTextRun SCXW112840387 BCX8\">\u00a0la l\u00e9g\u00e8re courbe de la t\u00eate adoucissant ainsi l\u2019ensemble de\u00a0<\/span><span class=\"NormalTextRun SCXW112840387 BCX8\">l\u2019objet<\/span><span class=\"NormalTextRun SCXW112840387 BCX8\">. A l\u2019int\u00e9rieur de la t\u00eate apparaissent des traces brutes de\u00a0<\/span><span class=\"NormalTextRun SCXW112840387 BCX8\">sculpture<\/span><span class=\"NormalTextRun SCXW112840387 BCX8\">, laissant deviner sa conception technique r\u00e9solument\u00a0<\/span><span class=\"NormalTextRun SCXW112840387 BCX8\">artisanale<\/span><\/span><span class=\"EOP SCXW112840387 BCX8\" data-ccp-props=\"{&quot;134233117&quot;:false,&quot;134233118&quot;:false,&quot;335559738&quot;:150,&quot;335559739&quot;:150}\">\u00a0<\/span><\/p>\n","protected":false},"excerpt":{"rendered":"<p>Reflet d\u2019une d\u00e9marche de cr\u00e9ation entre artisanat et design \u2013la\u00a0sculpture\u00a0dans la masse et le travail de la lumi\u00e8re, de l\u2019ombre et\u00a0de la mati\u00e8re- le lampadaire du Studio Cabane est sculpt\u00e9 dans de l\u2019\u00e9rable sycomore, un\u00a0bois clair au veinage discret. Cette combinaison entre mati\u00e8re\u00a0et\u00a0forme rend sa pr\u00e9sence \u00e0 la fois discr\u00e8te et omnipr\u00e9sente. L\u2019\u00e9clairage indirect donne [&hellip;]<\/p>\n","protected":false},"featured_media":5887243,"template":"","meta":{"_acf_changed":false,"content-type":"","_themeisle_gutenberg_block_has_review":false},"product_brand":[],"product_cat":[8966,12507],"product_tag":[9200,20434,33319],"product_designer":[20441,36698],"comfabric":[],"manufacturer":[36676],"reporting_designer":[37872],"samplecomfabric":[],"designer_clubroom":[],"class_list":{"0":"post-5887211","1":"product","2":"type-product","3":"status-publish","4":"has-post-thumbnail","6":"product_cat-lampes-sur-pied","7":"product_cat-luminaires","8":"product_tag-luminaire-fr-2","9":"product_tag-mobilier-national-fr","10":"product_tag-edition-limitee","11":"pa_size-moyen","12":"pa_size-petit","13":"product_designer-mobilier-national-fr","14":"product_designer-studio-cabane-fr","15":"manufacturer-atelier-studio-cabane-fr","16":"reporting_designer-studio-cabane","18":"first","19":"instock","20":"taxable","21":"shipping-taxable","22":"purchasable","23":"product-type-variable"},"acf":[],"_links":{"self":[{"href":"https:\/\/theinvisiblecollection.com\/fr\/wp-json\/wp\/v2\/product\/5887211","targetHints":{"allow":["GET"]}}],"collection":[{"href":"https:\/\/theinvisiblecollection.com\/fr\/wp-json\/wp\/v2\/product"}],"about":[{"href":"https:\/\/theinvisiblecollection.com\/fr\/wp-json\/wp\/v2\/types\/product"}],"wp:featuredmedia":[{"embeddable":true,"href":"https:\/\/theinvisiblecollection.com\/fr\/wp-json\/wp\/v2\/media\/5887243"}],"wp:attachment":[{"href":"https:\/\/theinvisiblecollection.com\/fr\/wp-json\/wp\/v2\/media?parent=5887211"}],"wp:term":[{"taxonomy":"product_brand","embeddable":true,"href":"https:\/\/theinvisiblecollection.com\/fr\/wp-json\/wp\/v2\/product_brand?post=5887211"},{"taxonomy":"product_cat","embeddable":true,"href":"https:\/\/theinvisiblecollection.com\/fr\/wp-json\/wp\/v2\/product_cat?post=5887211"},{"taxonomy":"product_tag","embeddable":true,"href":"https:\/\/theinvisiblecollection.com\/fr\/wp-json\/wp\/v2\/product_tag?post=5887211"},{"taxonomy":"product_designer","embeddable":true,"href":"https:\/\/theinvisiblecollection.com\/fr\/wp-json\/wp\/v2\/product_designer?post=5887211"},{"taxonomy":"comfabric","embeddable":true,"href":"https:\/\/theinvisiblecollection.com\/fr\/wp-json\/wp\/v2\/comfabric?post=5887211"},{"taxonomy":"manufacturer","embeddable":true,"href":"https:\/\/theinvisiblecollection.com\/fr\/wp-json\/wp\/v2\/manufacturer?post=5887211"},{"taxonomy":"reporting_designer","embeddable":true,"href":"https:\/\/theinvisiblecollection.com\/fr\/wp-json\/wp\/v2\/reporting_designer?post=5887211"},{"taxonomy":"samplecomfabric","embeddable":true,"href":"https:\/\/theinvisiblecollection.com\/fr\/wp-json\/wp\/v2\/samplecomfabric?post=5887211"},{"taxonomy":"clubroom_product_designer","embeddable":true,"href":"https:\/\/theinvisiblecollection.com\/fr\/wp-json\/wp\/v2\/designer_clubroom?post=5887211"}],"curies":[{"name":"wp","href":"https:\/\/api.w.org\/{rel}","templated":true}]}}