{"id":5887252,"date":"2026-02-03T11:56:35","date_gmt":"2026-02-03T11:56:35","guid":{"rendered":"https:\/\/theinvisiblecollection.com\/?post_type=product&#038;p=5887252"},"modified":"2026-05-01T07:37:05","modified_gmt":"2026-05-01T07:37:05","slug":"mobilier-national-studio-meanngful-table-dappoint-polychrome","status":"publish","type":"product","link":"https:\/\/theinvisiblecollection.com\/fr\/produit\/mobilier-national-studio-meanngful-table-dappoint-polychrome\/","title":{"rendered":"Table D&#8217;appoint Polychrome"},"content":{"rendered":"<p style=\"text-align: justify;\"><span class=\"TextRun SCXW5277489 BCX8\" lang=\"FR-FR\" xml:lang=\"FR-FR\" data-contrast=\"auto\"><span class=\"NormalTextRun SCXW5277489 BCX8\">Cr\u00e9\u00e9 pour l\u2019exposition Objets Polychromes \u00e0 la Villa Savoye, la table d&#8217;appoint polychrome du Studio Meaningful, est le fruit d&#8217;une recherche sur la couleur lumi\u00e8re. Con\u00e7us en dialogue avec la polychromie de Le Corbusier, les tables utilisent des panneaux d\u2019acrylique aux teintes douces \u2014 rose, bleu et violet \u2014 dont la translucidit\u00e9 r\u00e9v\u00e8le des jeux de superposition. Au-del\u00e0 de leur fonction, ces objets invitent \u00e0 percevoir les variations subtiles produites lorsque la couleur na\u00eet autant de la mati\u00e8re que de la lumi\u00e8re<\/span><\/span><span class=\"EOP SCXW5277489 BCX8\" data-ccp-props=\"{}\">\u00a0<\/span><\/p>\n","protected":false},"excerpt":{"rendered":"<p>Cr\u00e9\u00e9 pour l\u2019exposition Objets Polychromes \u00e0 la Villa Savoye, la table d&#8217;appoint polychrome du Studio Meaningful, est le fruit d&#8217;une recherche sur la couleur lumi\u00e8re. Con\u00e7us en dialogue avec la polychromie de Le Corbusier, les tables utilisent des panneaux d\u2019acrylique aux teintes douces \u2014 rose, bleu et violet \u2014 dont la translucidit\u00e9 r\u00e9v\u00e8le des jeux [&hellip;]<\/p>\n","protected":false},"featured_media":5887268,"template":"","meta":{"_acf_changed":false,"content-type":"","_themeisle_gutenberg_block_has_review":false},"product_brand":[],"product_cat":[12332,12503],"product_tag":[20434,33319],"product_designer":[20441,36712],"comfabric":[],"manufacturer":[36706],"reporting_designer":[37500],"samplecomfabric":[],"designer_clubroom":[],"class_list":{"0":"post-5887252","1":"product","2":"type-product","3":"status-publish","4":"has-post-thumbnail","6":"product_cat-tables-dappoint","7":"product_cat-tables-fr","8":"product_tag-mobilier-national-fr","9":"product_tag-edition-limitee","10":"product_designer-mobilier-national-fr","11":"product_designer-meaningful-fr","12":"manufacturer-mpa-prototype-meaningful-pick-up-fr","13":"reporting_designer-meaningful","15":"first","16":"instock","17":"taxable","18":"shipping-taxable","19":"purchasable","20":"product-type-simple"},"acf":[],"_links":{"self":[{"href":"https:\/\/theinvisiblecollection.com\/fr\/wp-json\/wp\/v2\/product\/5887252","targetHints":{"allow":["GET"]}}],"collection":[{"href":"https:\/\/theinvisiblecollection.com\/fr\/wp-json\/wp\/v2\/product"}],"about":[{"href":"https:\/\/theinvisiblecollection.com\/fr\/wp-json\/wp\/v2\/types\/product"}],"wp:featuredmedia":[{"embeddable":true,"href":"https:\/\/theinvisiblecollection.com\/fr\/wp-json\/wp\/v2\/media\/5887268"}],"wp:attachment":[{"href":"https:\/\/theinvisiblecollection.com\/fr\/wp-json\/wp\/v2\/media?parent=5887252"}],"wp:term":[{"taxonomy":"product_brand","embeddable":true,"href":"https:\/\/theinvisiblecollection.com\/fr\/wp-json\/wp\/v2\/product_brand?post=5887252"},{"taxonomy":"product_cat","embeddable":true,"href":"https:\/\/theinvisiblecollection.com\/fr\/wp-json\/wp\/v2\/product_cat?post=5887252"},{"taxonomy":"product_tag","embeddable":true,"href":"https:\/\/theinvisiblecollection.com\/fr\/wp-json\/wp\/v2\/product_tag?post=5887252"},{"taxonomy":"product_designer","embeddable":true,"href":"https:\/\/theinvisiblecollection.com\/fr\/wp-json\/wp\/v2\/product_designer?post=5887252"},{"taxonomy":"comfabric","embeddable":true,"href":"https:\/\/theinvisiblecollection.com\/fr\/wp-json\/wp\/v2\/comfabric?post=5887252"},{"taxonomy":"manufacturer","embeddable":true,"href":"https:\/\/theinvisiblecollection.com\/fr\/wp-json\/wp\/v2\/manufacturer?post=5887252"},{"taxonomy":"reporting_designer","embeddable":true,"href":"https:\/\/theinvisiblecollection.com\/fr\/wp-json\/wp\/v2\/reporting_designer?post=5887252"},{"taxonomy":"samplecomfabric","embeddable":true,"href":"https:\/\/theinvisiblecollection.com\/fr\/wp-json\/wp\/v2\/samplecomfabric?post=5887252"},{"taxonomy":"clubroom_product_designer","embeddable":true,"href":"https:\/\/theinvisiblecollection.com\/fr\/wp-json\/wp\/v2\/designer_clubroom?post=5887252"}],"curies":[{"name":"wp","href":"https:\/\/api.w.org\/{rel}","templated":true}]}}