{"id":5887274,"date":"2026-02-03T13:09:36","date_gmt":"2026-02-03T13:09:36","guid":{"rendered":"https:\/\/theinvisiblecollection.com\/?post_type=product&#038;p=5887274"},"modified":"2026-05-01T07:37:05","modified_gmt":"2026-05-01T07:37:05","slug":"mobilier-national-victoria-magniant-table-ki-tripode","status":"publish","type":"product","link":"https:\/\/theinvisiblecollection.com\/fr\/produit\/mobilier-national-victoria-magniant-table-ki-tripode\/","title":{"rendered":"Table Ki Tripode"},"content":{"rendered":"<div class=\"pro-content-txt below-product-slide\">\n<div class=\"pro-content-area readmore-full\">\n<p style=\"text-align: justify;\">La rigueur et la finesse des lignes de la Table Tripode KI met en valeur la beaut\u00e9 naturelle du bois centenaire, sourc\u00e9 dans les for\u00eats fran\u00e7aises. Nous utilisons du ch\u00eane, du noyer ou du fr\u00eane massif, fa\u00e7onn\u00e9s dans nos ateliers o\u00f9 savoir-faire traditionnel et techniques modernes se rejoignent. Chaque meuble, unique, est travaill\u00e9 \u00e0 la main avec des textures et des assemblages pr\u00e9cis, en respectant les normes les plus strictes de durabilit\u00e9. Nous minimisons l\u2019utilisation de colle et utilisons uniquement des produits hydrofuges. \u201cJ\u2019appr\u00e9cie les mat\u00e9riaux mall\u00e9ables mais impr\u00e9visibles. Le bois massif \u00e9volue avec le temps, pr\u00e9servant une part de libert\u00e9 qui le rend toujours surprenant. Cette unicit\u00e9 refl\u00e8te la nature elle-m\u00eame, indomptable.\u201d Victoria Magniant<br \/>\nCette pi\u00e8ce est fabriqu\u00e9e en bois massif, une mati\u00e8re naturelle qui r\u00e9agit aux changements de temp\u00e9rature et d\u2019humidit\u00e9 en se dilatant et en se contractant. Les variations de veinage, de couleur et de texture sont inh\u00e9rentes et pr\u00e9visibles.<\/p>\n<\/div>\n<\/div>\n","protected":false},"excerpt":{"rendered":"<p>La rigueur et la finesse des lignes de la Table Tripode KI met en valeur la beaut\u00e9 naturelle du bois centenaire, sourc\u00e9 dans les for\u00eats fran\u00e7aises. Nous utilisons du ch\u00eane, du noyer ou du fr\u00eane massif, fa\u00e7onn\u00e9s dans nos ateliers o\u00f9 savoir-faire traditionnel et techniques modernes se rejoignent. Chaque meuble, unique, est travaill\u00e9 \u00e0 la [&hellip;]<\/p>\n","protected":false},"featured_media":5887278,"template":"","meta":{"_acf_changed":false,"content-type":"","_themeisle_gutenberg_block_has_review":false},"product_brand":[],"product_cat":[8977,12503],"product_tag":[20434,31477,33319],"product_designer":[11131,20441],"comfabric":[],"manufacturer":[19094],"reporting_designer":[37480],"samplecomfabric":[],"designer_clubroom":[],"class_list":{"0":"post-5887274","1":"product","2":"type-product","3":"status-publish","4":"has-post-thumbnail","6":"product_cat-tables-salle-a-manger","7":"product_cat-tables-fr","8":"product_tag-mobilier-national-fr","9":"product_tag-st-curvy-fr","10":"product_tag-edition-limitee","11":"product_designer-victoria-magniant-fr","12":"product_designer-mobilier-national-fr","13":"manufacturer-victoria-magniant-sas-atl-ebeniste-fr","14":"reporting_designer-mobilier-national","16":"first","17":"instock","18":"taxable","19":"shipping-taxable","20":"purchasable","21":"product-type-simple"},"acf":[],"_links":{"self":[{"href":"https:\/\/theinvisiblecollection.com\/fr\/wp-json\/wp\/v2\/product\/5887274","targetHints":{"allow":["GET"]}}],"collection":[{"href":"https:\/\/theinvisiblecollection.com\/fr\/wp-json\/wp\/v2\/product"}],"about":[{"href":"https:\/\/theinvisiblecollection.com\/fr\/wp-json\/wp\/v2\/types\/product"}],"wp:featuredmedia":[{"embeddable":true,"href":"https:\/\/theinvisiblecollection.com\/fr\/wp-json\/wp\/v2\/media\/5887278"}],"wp:attachment":[{"href":"https:\/\/theinvisiblecollection.com\/fr\/wp-json\/wp\/v2\/media?parent=5887274"}],"wp:term":[{"taxonomy":"product_brand","embeddable":true,"href":"https:\/\/theinvisiblecollection.com\/fr\/wp-json\/wp\/v2\/product_brand?post=5887274"},{"taxonomy":"product_cat","embeddable":true,"href":"https:\/\/theinvisiblecollection.com\/fr\/wp-json\/wp\/v2\/product_cat?post=5887274"},{"taxonomy":"product_tag","embeddable":true,"href":"https:\/\/theinvisiblecollection.com\/fr\/wp-json\/wp\/v2\/product_tag?post=5887274"},{"taxonomy":"product_designer","embeddable":true,"href":"https:\/\/theinvisiblecollection.com\/fr\/wp-json\/wp\/v2\/product_designer?post=5887274"},{"taxonomy":"comfabric","embeddable":true,"href":"https:\/\/theinvisiblecollection.com\/fr\/wp-json\/wp\/v2\/comfabric?post=5887274"},{"taxonomy":"manufacturer","embeddable":true,"href":"https:\/\/theinvisiblecollection.com\/fr\/wp-json\/wp\/v2\/manufacturer?post=5887274"},{"taxonomy":"reporting_designer","embeddable":true,"href":"https:\/\/theinvisiblecollection.com\/fr\/wp-json\/wp\/v2\/reporting_designer?post=5887274"},{"taxonomy":"samplecomfabric","embeddable":true,"href":"https:\/\/theinvisiblecollection.com\/fr\/wp-json\/wp\/v2\/samplecomfabric?post=5887274"},{"taxonomy":"clubroom_product_designer","embeddable":true,"href":"https:\/\/theinvisiblecollection.com\/fr\/wp-json\/wp\/v2\/designer_clubroom?post=5887274"}],"curies":[{"name":"wp","href":"https:\/\/api.w.org\/{rel}","templated":true}]}}