{"id":5887290,"date":"2026-02-03T13:30:01","date_gmt":"2026-02-03T13:30:01","guid":{"rendered":"https:\/\/theinvisiblecollection.com\/?post_type=product&#038;p=5887290"},"modified":"2026-05-01T07:37:05","modified_gmt":"2026-05-01T07:37:05","slug":"mobilier-national-wendry-andreu-table-16-legged","status":"publish","type":"product","link":"https:\/\/theinvisiblecollection.com\/fr\/produit\/mobilier-national-wendry-andreu-table-16-legged\/","title":{"rendered":"Table 16 Legged"},"content":{"rendered":"<p style=\"text-align: justify;\">La Table 16 Legged \u00e0 roues de Wendy Andreu est r\u00e9alis\u00e9e \u00e0 partir de l\u2019id\u00e9e d\u2019une complexit\u00e9 absurde. La fonction de l\u2019objet est mise en avant par une exag\u00e9ration pouss\u00e9e de ses caract\u00e9ristiques. Les seize pieds apportent une certaine lourdeur \u00e0 la pi\u00e8ce, qui doit alors \u00eatre support\u00e9e par des roues. Cette table sculpturale est soigneusement fabriqu\u00e9e \u00e0 la main en acier et patin\u00e9e dans une teinte noire nuanc\u00e9e \u00e0 l\u2019aide d\u2019h\u00e9matite.<\/p>\n","protected":false},"excerpt":{"rendered":"<p>La Table 16 Legged \u00e0 roues de Wendy Andreu est r\u00e9alis\u00e9e \u00e0 partir de l\u2019id\u00e9e d\u2019une complexit\u00e9 absurde. La fonction de l\u2019objet est mise en avant par une exag\u00e9ration pouss\u00e9e de ses caract\u00e9ristiques. Les seize pieds apportent une certaine lourdeur \u00e0 la pi\u00e8ce, qui doit alors \u00eatre support\u00e9e par des roues. Cette table sculpturale est [&hellip;]<\/p>\n","protected":false},"featured_media":5887298,"template":"","meta":{"_acf_changed":false,"content-type":"","_themeisle_gutenberg_block_has_review":false},"product_brand":[],"product_cat":[7509,12503],"product_tag":[20434,33319],"product_designer":[20441,36714],"comfabric":[],"manufacturer":[36700],"reporting_designer":[37660],"samplecomfabric":[],"designer_clubroom":[],"class_list":{"0":"post-5887290","1":"product","2":"type-product","3":"status-publish","4":"has-post-thumbnail","6":"product_cat-tables-basses-dappoint","7":"product_cat-tables-fr","8":"product_tag-mobilier-national-fr","9":"product_tag-edition-limitee","10":"product_designer-mobilier-national-fr","11":"product_designer-wendy-andreu-fr","12":"manufacturer-atelier-wendy-andreu-fr","13":"reporting_designer-wendy-andreu","15":"first","16":"instock","17":"taxable","18":"shipping-taxable","19":"purchasable","20":"product-type-simple"},"acf":[],"_links":{"self":[{"href":"https:\/\/theinvisiblecollection.com\/fr\/wp-json\/wp\/v2\/product\/5887290","targetHints":{"allow":["GET"]}}],"collection":[{"href":"https:\/\/theinvisiblecollection.com\/fr\/wp-json\/wp\/v2\/product"}],"about":[{"href":"https:\/\/theinvisiblecollection.com\/fr\/wp-json\/wp\/v2\/types\/product"}],"wp:featuredmedia":[{"embeddable":true,"href":"https:\/\/theinvisiblecollection.com\/fr\/wp-json\/wp\/v2\/media\/5887298"}],"wp:attachment":[{"href":"https:\/\/theinvisiblecollection.com\/fr\/wp-json\/wp\/v2\/media?parent=5887290"}],"wp:term":[{"taxonomy":"product_brand","embeddable":true,"href":"https:\/\/theinvisiblecollection.com\/fr\/wp-json\/wp\/v2\/product_brand?post=5887290"},{"taxonomy":"product_cat","embeddable":true,"href":"https:\/\/theinvisiblecollection.com\/fr\/wp-json\/wp\/v2\/product_cat?post=5887290"},{"taxonomy":"product_tag","embeddable":true,"href":"https:\/\/theinvisiblecollection.com\/fr\/wp-json\/wp\/v2\/product_tag?post=5887290"},{"taxonomy":"product_designer","embeddable":true,"href":"https:\/\/theinvisiblecollection.com\/fr\/wp-json\/wp\/v2\/product_designer?post=5887290"},{"taxonomy":"comfabric","embeddable":true,"href":"https:\/\/theinvisiblecollection.com\/fr\/wp-json\/wp\/v2\/comfabric?post=5887290"},{"taxonomy":"manufacturer","embeddable":true,"href":"https:\/\/theinvisiblecollection.com\/fr\/wp-json\/wp\/v2\/manufacturer?post=5887290"},{"taxonomy":"reporting_designer","embeddable":true,"href":"https:\/\/theinvisiblecollection.com\/fr\/wp-json\/wp\/v2\/reporting_designer?post=5887290"},{"taxonomy":"samplecomfabric","embeddable":true,"href":"https:\/\/theinvisiblecollection.com\/fr\/wp-json\/wp\/v2\/samplecomfabric?post=5887290"},{"taxonomy":"clubroom_product_designer","embeddable":true,"href":"https:\/\/theinvisiblecollection.com\/fr\/wp-json\/wp\/v2\/designer_clubroom?post=5887290"}],"curies":[{"name":"wp","href":"https:\/\/api.w.org\/{rel}","templated":true}]}}