{"id":5887318,"date":"2026-02-03T15:10:55","date_gmt":"2026-02-03T15:10:55","guid":{"rendered":"https:\/\/theinvisiblecollection.com\/?post_type=product&#038;p=5887318"},"modified":"2026-05-01T07:37:05","modified_gmt":"2026-05-01T07:37:05","slug":"victoria-magniant-buffet-wa","status":"publish","type":"product","link":"https:\/\/theinvisiblecollection.com\/fr\/produit\/victoria-magniant-buffet-wa\/","title":{"rendered":"Buffet Wa"},"content":{"rendered":"<p>Chaque surface du Buffet Wa s\u2019aligne comme une composition graphique, en noyer massif s\u00e9lectionn\u00e9 pour la richesse de son veinage et la solidit\u00e9 de sa mati\u00e8re, associ\u00e9 \u00e0 un assemblage artisanal et \u00e0 des finitions minutieuses qui refl\u00e8tent notre exigence de perfection.<br \/>\nGuid\u00e9 par la philosophie Wa une harmonie n\u00e9e de la pr\u00e9cision, le Buffet Wa se pr\u00e9sente comme la premi\u00e8re expression d\u2019une collection d\u00e9finie par la retenue, le savoir-faire et une qualit\u00e9 intemporelle.<\/p>\n","protected":false},"excerpt":{"rendered":"<p>Chaque surface du Buffet Wa s\u2019aligne comme une composition graphique, en noyer massif s\u00e9lectionn\u00e9 pour la richesse de son veinage et la solidit\u00e9 de sa mati\u00e8re, associ\u00e9 \u00e0 un assemblage artisanal et \u00e0 des finitions minutieuses qui refl\u00e8tent notre exigence de perfection. Guid\u00e9 par la philosophie Wa une harmonie n\u00e9e de la pr\u00e9cision, le Buffet [&hellip;]<\/p>\n","protected":false},"featured_media":5887349,"template":"","meta":{"_acf_changed":false,"content-type":"","_themeisle_gutenberg_block_has_review":false},"product_brand":[],"product_cat":[8957,12505],"product_tag":[8855,8952,11173,33319],"product_designer":[11131],"comfabric":[],"manufacturer":[19094],"reporting_designer":[37392],"samplecomfabric":[],"designer_clubroom":[],"class_list":{"0":"post-5887318","1":"product","2":"type-product","3":"status-publish","4":"has-post-thumbnail","6":"product_cat-commodes","7":"product_cat-rangements","8":"product_tag-table-fr-3","9":"product_tag-bois-fr","10":"product_tag-victoria-magniant-fr-2","11":"product_tag-edition-limitee","12":"product_designer-victoria-magniant-fr","13":"manufacturer-victoria-magniant-sas-atl-ebeniste-fr","14":"reporting_designer-victoria-magniant","16":"first","17":"instock","18":"taxable","19":"shipping-taxable","20":"purchasable","21":"product-type-variable"},"acf":[],"_links":{"self":[{"href":"https:\/\/theinvisiblecollection.com\/fr\/wp-json\/wp\/v2\/product\/5887318","targetHints":{"allow":["GET"]}}],"collection":[{"href":"https:\/\/theinvisiblecollection.com\/fr\/wp-json\/wp\/v2\/product"}],"about":[{"href":"https:\/\/theinvisiblecollection.com\/fr\/wp-json\/wp\/v2\/types\/product"}],"wp:featuredmedia":[{"embeddable":true,"href":"https:\/\/theinvisiblecollection.com\/fr\/wp-json\/wp\/v2\/media\/5887349"}],"wp:attachment":[{"href":"https:\/\/theinvisiblecollection.com\/fr\/wp-json\/wp\/v2\/media?parent=5887318"}],"wp:term":[{"taxonomy":"product_brand","embeddable":true,"href":"https:\/\/theinvisiblecollection.com\/fr\/wp-json\/wp\/v2\/product_brand?post=5887318"},{"taxonomy":"product_cat","embeddable":true,"href":"https:\/\/theinvisiblecollection.com\/fr\/wp-json\/wp\/v2\/product_cat?post=5887318"},{"taxonomy":"product_tag","embeddable":true,"href":"https:\/\/theinvisiblecollection.com\/fr\/wp-json\/wp\/v2\/product_tag?post=5887318"},{"taxonomy":"product_designer","embeddable":true,"href":"https:\/\/theinvisiblecollection.com\/fr\/wp-json\/wp\/v2\/product_designer?post=5887318"},{"taxonomy":"comfabric","embeddable":true,"href":"https:\/\/theinvisiblecollection.com\/fr\/wp-json\/wp\/v2\/comfabric?post=5887318"},{"taxonomy":"manufacturer","embeddable":true,"href":"https:\/\/theinvisiblecollection.com\/fr\/wp-json\/wp\/v2\/manufacturer?post=5887318"},{"taxonomy":"reporting_designer","embeddable":true,"href":"https:\/\/theinvisiblecollection.com\/fr\/wp-json\/wp\/v2\/reporting_designer?post=5887318"},{"taxonomy":"samplecomfabric","embeddable":true,"href":"https:\/\/theinvisiblecollection.com\/fr\/wp-json\/wp\/v2\/samplecomfabric?post=5887318"},{"taxonomy":"clubroom_product_designer","embeddable":true,"href":"https:\/\/theinvisiblecollection.com\/fr\/wp-json\/wp\/v2\/designer_clubroom?post=5887318"}],"curies":[{"name":"wp","href":"https:\/\/api.w.org\/{rel}","templated":true}]}}