{"id":5888096,"date":"2026-02-05T11:54:15","date_gmt":"2026-02-05T11:54:15","guid":{"rendered":"https:\/\/theinvisiblecollection.com\/?post_type=product&#038;p=5888096"},"modified":"2026-05-01T07:37:05","modified_gmt":"2026-05-01T07:37:05","slug":"garce-dimofski-table-mimi-verte","status":"publish","type":"product","link":"https:\/\/theinvisiblecollection.com\/fr\/produit\/garce-dimofski-table-mimi-verte\/","title":{"rendered":"Table Mimi Verte"},"content":{"rendered":"<p style=\"text-align: justify;\">Cette version de la Table \u00e0 Manger Mimi par Garc\u00e9 &amp; Dimofski \u2014 cr\u00e9\u00e9e exclusivement pour The Invisible Collection avec Kelly Behun et mise en avant dans <em data-start=\"210\" data-end=\"232\">Architectural Digest<\/em> \u2014 met en lumi\u00e8re la rondeur signature du design \u00e0 une \u00e9chelle \u00e9largie. Son chaleureux plateau en ch\u00e2taignier repose sur des pieds centraux en c\u00e9ramique verte sculpturale, cr\u00e9ant une pr\u00e9sence audacieuse et \u00e9l\u00e9gante \u00e0 la fois. Plus grande que la normale, elle est con\u00e7ue pour accueillir davantage d\u2019invit\u00e9s ou pour habiller des espaces g\u00e9n\u00e9reux, transformant le repas quotidien en une v\u00e9ritable d\u00e9claration de forme, d\u2019artisanat et de convivialit\u00e9.<\/p>\n","protected":false},"excerpt":{"rendered":"<p>Cette version de la Table \u00e0 Manger Mimi par Garc\u00e9 &amp; Dimofski \u2014 cr\u00e9\u00e9e exclusivement pour The Invisible Collection avec Kelly Behun et mise en avant dans Architectural Digest \u2014 met en lumi\u00e8re la rondeur signature du design \u00e0 une \u00e9chelle \u00e9largie. Son chaleureux plateau en ch\u00e2taignier repose sur des pieds centraux en c\u00e9ramique verte [&hellip;]<\/p>\n","protected":false},"featured_media":5888164,"template":"","meta":{"_acf_changed":false,"content-type":"","_themeisle_gutenberg_block_has_review":false},"product_brand":[],"product_cat":[8977,12503],"product_tag":[35206,14925,31474,31475,31477],"product_designer":[15857],"comfabric":[],"manufacturer":[22038],"reporting_designer":[37464],"samplecomfabric":[],"designer_clubroom":[],"class_list":{"0":"post-5888096","1":"product","2":"type-product","3":"status-publish","4":"has-post-thumbnail","6":"product_cat-tables-salle-a-manger","7":"product_cat-tables-fr","8":"product_tag-exclusive-fr","9":"product_tag-hpfav-fr","10":"product_tag-co-white-fr","11":"product_tag-st-ceramic-fr","12":"product_tag-st-curvy-fr","13":"product_designer-garce-dimofski-fr","14":"manufacturer-garc-dimofski-atelier-so-pedro-da-cova-fr","15":"reporting_designer-garce-dimofski-fr","17":"first","18":"onbackorder","19":"taxable","20":"shipping-taxable","21":"purchasable","22":"product-type-simple"},"acf":[],"_links":{"self":[{"href":"https:\/\/theinvisiblecollection.com\/fr\/wp-json\/wp\/v2\/product\/5888096","targetHints":{"allow":["GET"]}}],"collection":[{"href":"https:\/\/theinvisiblecollection.com\/fr\/wp-json\/wp\/v2\/product"}],"about":[{"href":"https:\/\/theinvisiblecollection.com\/fr\/wp-json\/wp\/v2\/types\/product"}],"wp:featuredmedia":[{"embeddable":true,"href":"https:\/\/theinvisiblecollection.com\/fr\/wp-json\/wp\/v2\/media\/5888164"}],"wp:attachment":[{"href":"https:\/\/theinvisiblecollection.com\/fr\/wp-json\/wp\/v2\/media?parent=5888096"}],"wp:term":[{"taxonomy":"product_brand","embeddable":true,"href":"https:\/\/theinvisiblecollection.com\/fr\/wp-json\/wp\/v2\/product_brand?post=5888096"},{"taxonomy":"product_cat","embeddable":true,"href":"https:\/\/theinvisiblecollection.com\/fr\/wp-json\/wp\/v2\/product_cat?post=5888096"},{"taxonomy":"product_tag","embeddable":true,"href":"https:\/\/theinvisiblecollection.com\/fr\/wp-json\/wp\/v2\/product_tag?post=5888096"},{"taxonomy":"product_designer","embeddable":true,"href":"https:\/\/theinvisiblecollection.com\/fr\/wp-json\/wp\/v2\/product_designer?post=5888096"},{"taxonomy":"comfabric","embeddable":true,"href":"https:\/\/theinvisiblecollection.com\/fr\/wp-json\/wp\/v2\/comfabric?post=5888096"},{"taxonomy":"manufacturer","embeddable":true,"href":"https:\/\/theinvisiblecollection.com\/fr\/wp-json\/wp\/v2\/manufacturer?post=5888096"},{"taxonomy":"reporting_designer","embeddable":true,"href":"https:\/\/theinvisiblecollection.com\/fr\/wp-json\/wp\/v2\/reporting_designer?post=5888096"},{"taxonomy":"samplecomfabric","embeddable":true,"href":"https:\/\/theinvisiblecollection.com\/fr\/wp-json\/wp\/v2\/samplecomfabric?post=5888096"},{"taxonomy":"clubroom_product_designer","embeddable":true,"href":"https:\/\/theinvisiblecollection.com\/fr\/wp-json\/wp\/v2\/designer_clubroom?post=5888096"}],"curies":[{"name":"wp","href":"https:\/\/api.w.org\/{rel}","templated":true}]}}