{"id":5888110,"date":"2026-02-05T12:21:09","date_gmt":"2026-02-05T12:21:09","guid":{"rendered":"https:\/\/theinvisiblecollection.com\/?post_type=product&#038;p=5888110"},"modified":"2026-05-01T07:37:05","modified_gmt":"2026-05-01T07:37:05","slug":"garce-dimofski-table-mimi-ovale","status":"publish","type":"product","link":"https:\/\/theinvisiblecollection.com\/fr\/produit\/garce-dimofski-table-mimi-ovale\/","title":{"rendered":"Table Mimi Ovale"},"content":{"rendered":"<p style=\"text-align: justify;\">La table ovale Mimi de Garc\u00e9 &amp; Dimofski transpose le langage signature de la collection, fait de rondeur, dans une \u00e9chelle plus intime. Son plateau ovale en ch\u00e2taignier apporte chaleur et douceur, reposant sur un unique pied sculptural en c\u00e9ramique qui ancre la pi\u00e8ce avec une force discr\u00e8te. Entre \u00e9l\u00e9gance et caract\u00e8re, Mimi se r\u00e9v\u00e8le \u00e0 la fois tactile et architecturale \u2014 une pi\u00e8ce ma\u00eetresse raffin\u00e9e o\u00f9 mat\u00e9rialit\u00e9, forme et savoir-faire s\u2019unissent avec naturel.<\/p>\n","protected":false},"excerpt":{"rendered":"<p>La table ovale Mimi de Garc\u00e9 &amp; Dimofski transpose le langage signature de la collection, fait de rondeur, dans une \u00e9chelle plus intime. Son plateau ovale en ch\u00e2taignier apporte chaleur et douceur, reposant sur un unique pied sculptural en c\u00e9ramique qui ancre la pi\u00e8ce avec une force discr\u00e8te. Entre \u00e9l\u00e9gance et caract\u00e8re, Mimi se r\u00e9v\u00e8le [&hellip;]<\/p>\n","protected":false},"featured_media":5888117,"template":"","meta":{"_acf_changed":false,"content-type":"","_themeisle_gutenberg_block_has_review":false},"product_brand":[],"product_cat":[7675,8977,12503],"product_tag":[14925,31474,31475,31477,35206],"product_designer":[15857],"comfabric":[],"manufacturer":[22038],"reporting_designer":[37464],"samplecomfabric":[],"designer_clubroom":[],"class_list":{"0":"post-5888110","1":"product","2":"type-product","3":"status-publish","4":"has-post-thumbnail","6":"product_cat-consoles-fr","7":"product_cat-tables-salle-a-manger","8":"product_cat-tables-fr","9":"product_tag-hpfav-fr","10":"product_tag-co-white-fr","11":"product_tag-st-ceramic-fr","12":"product_tag-st-curvy-fr","13":"product_tag-exclusive-fr","14":"product_designer-garce-dimofski-fr","15":"manufacturer-garc-dimofski-atelier-so-pedro-da-cova-fr","16":"reporting_designer-garce-dimofski-fr","18":"first","19":"onbackorder","20":"taxable","21":"shipping-taxable","22":"purchasable","23":"product-type-simple"},"acf":[],"_links":{"self":[{"href":"https:\/\/theinvisiblecollection.com\/fr\/wp-json\/wp\/v2\/product\/5888110","targetHints":{"allow":["GET"]}}],"collection":[{"href":"https:\/\/theinvisiblecollection.com\/fr\/wp-json\/wp\/v2\/product"}],"about":[{"href":"https:\/\/theinvisiblecollection.com\/fr\/wp-json\/wp\/v2\/types\/product"}],"wp:featuredmedia":[{"embeddable":true,"href":"https:\/\/theinvisiblecollection.com\/fr\/wp-json\/wp\/v2\/media\/5888117"}],"wp:attachment":[{"href":"https:\/\/theinvisiblecollection.com\/fr\/wp-json\/wp\/v2\/media?parent=5888110"}],"wp:term":[{"taxonomy":"product_brand","embeddable":true,"href":"https:\/\/theinvisiblecollection.com\/fr\/wp-json\/wp\/v2\/product_brand?post=5888110"},{"taxonomy":"product_cat","embeddable":true,"href":"https:\/\/theinvisiblecollection.com\/fr\/wp-json\/wp\/v2\/product_cat?post=5888110"},{"taxonomy":"product_tag","embeddable":true,"href":"https:\/\/theinvisiblecollection.com\/fr\/wp-json\/wp\/v2\/product_tag?post=5888110"},{"taxonomy":"product_designer","embeddable":true,"href":"https:\/\/theinvisiblecollection.com\/fr\/wp-json\/wp\/v2\/product_designer?post=5888110"},{"taxonomy":"comfabric","embeddable":true,"href":"https:\/\/theinvisiblecollection.com\/fr\/wp-json\/wp\/v2\/comfabric?post=5888110"},{"taxonomy":"manufacturer","embeddable":true,"href":"https:\/\/theinvisiblecollection.com\/fr\/wp-json\/wp\/v2\/manufacturer?post=5888110"},{"taxonomy":"reporting_designer","embeddable":true,"href":"https:\/\/theinvisiblecollection.com\/fr\/wp-json\/wp\/v2\/reporting_designer?post=5888110"},{"taxonomy":"samplecomfabric","embeddable":true,"href":"https:\/\/theinvisiblecollection.com\/fr\/wp-json\/wp\/v2\/samplecomfabric?post=5888110"},{"taxonomy":"clubroom_product_designer","embeddable":true,"href":"https:\/\/theinvisiblecollection.com\/fr\/wp-json\/wp\/v2\/designer_clubroom?post=5888110"}],"curies":[{"name":"wp","href":"https:\/\/api.w.org\/{rel}","templated":true}]}}