{"id":5891090,"date":"2026-02-05T16:50:13","date_gmt":"2026-02-05T16:50:13","guid":{"rendered":"https:\/\/theinvisiblecollection.com\/?post_type=product&#038;p=5891090"},"modified":"2026-05-01T07:37:05","modified_gmt":"2026-05-01T07:37:05","slug":"garce-dimofski-canape-monte-450","status":"publish","type":"product","link":"https:\/\/theinvisiblecollection.com\/fr\/produit\/garce-dimofski-canape-monte-450\/","title":{"rendered":"Canap\u00e9 Monte 450"},"content":{"rendered":"<p style=\"text-align: justify;\"><span class=\"TextRun Highlight SCXW105759600 BCX8\" lang=\"FR\" xml:lang=\"FR\" data-contrast=\"auto\"><span class=\"NormalTextRun SCXW105759600 BCX8\" data-ccp-parastyle=\"No Spacing\">Le Canap\u00e9 Monte est con\u00e7u avec des lignes arrondies qui lui conf\u00e8rent une allure tout en douceur. Chaque d\u00e9tail a \u00e9t\u00e9 soigneusement pens\u00e9 pour assurer une \u00e9l\u00e9gance sous tous les angles. Les pieds en ch\u00e2taignier apportent une note chaleureuse et authentique, ajoutant \u00e0 la fois de la stabilit\u00e9 et du caract\u00e8re \u00e0 cette pi\u00e8ce d&#8217;ameublement. Ce canap\u00e9 incarne une fusion harmonieuse entre la forme ronde, l&#8217;\u00e9l\u00e9gance raffin\u00e9e et les d\u00e9tails charmants, offrant ainsi une exp\u00e9rience esth\u00e9tique exceptionnelle.<\/span><\/span><span class=\"EOP SCXW105759600 BCX8\" data-ccp-props=\"{&quot;201341983&quot;:0,&quot;335559739&quot;:0,&quot;335559740&quot;:240}\">\u00a0<\/span><\/p>\n","protected":false},"excerpt":{"rendered":"<p>Le Canap\u00e9 Monte est con\u00e7u avec des lignes arrondies qui lui conf\u00e8rent une allure tout en douceur. Chaque d\u00e9tail a \u00e9t\u00e9 soigneusement pens\u00e9 pour assurer une \u00e9l\u00e9gance sous tous les angles. Les pieds en ch\u00e2taignier apportent une note chaleureuse et authentique, ajoutant \u00e0 la fois de la stabilit\u00e9 et du caract\u00e8re \u00e0 cette pi\u00e8ce d&#8217;ameublement. [&hellip;]<\/p>\n","protected":false},"featured_media":5891359,"template":"","meta":{"_acf_changed":false,"content-type":"","_themeisle_gutenberg_block_has_review":false},"product_brand":[],"product_cat":[8976,12499],"product_tag":[14925,31477,35206],"product_designer":[15857],"comfabric":[35931],"manufacturer":[22038],"reporting_designer":[37464],"samplecomfabric":[35933],"designer_clubroom":[],"class_list":{"0":"post-5891090","1":"product","2":"type-product","3":"status-publish","4":"has-post-thumbnail","6":"product_cat-canapes","7":"product_cat-assises","8":"product_tag-hpfav-fr","9":"product_tag-st-curvy-fr","10":"product_tag-exclusive-fr","11":"product_designer-garce-dimofski-fr","12":"comfabric-garc-dimofski-samples-approval-fr","13":"manufacturer-garc-dimofski-atelier-so-pedro-da-cova-fr","14":"reporting_designer-garce-dimofski-fr","15":"samplecomfabric-garc-dimofski-samples-approval-fr","17":"first","18":"instock","19":"taxable","20":"shipping-taxable","21":"purchasable","22":"product-type-variable"},"acf":[],"_links":{"self":[{"href":"https:\/\/theinvisiblecollection.com\/fr\/wp-json\/wp\/v2\/product\/5891090","targetHints":{"allow":["GET"]}}],"collection":[{"href":"https:\/\/theinvisiblecollection.com\/fr\/wp-json\/wp\/v2\/product"}],"about":[{"href":"https:\/\/theinvisiblecollection.com\/fr\/wp-json\/wp\/v2\/types\/product"}],"wp:featuredmedia":[{"embeddable":true,"href":"https:\/\/theinvisiblecollection.com\/fr\/wp-json\/wp\/v2\/media\/5891359"}],"wp:attachment":[{"href":"https:\/\/theinvisiblecollection.com\/fr\/wp-json\/wp\/v2\/media?parent=5891090"}],"wp:term":[{"taxonomy":"product_brand","embeddable":true,"href":"https:\/\/theinvisiblecollection.com\/fr\/wp-json\/wp\/v2\/product_brand?post=5891090"},{"taxonomy":"product_cat","embeddable":true,"href":"https:\/\/theinvisiblecollection.com\/fr\/wp-json\/wp\/v2\/product_cat?post=5891090"},{"taxonomy":"product_tag","embeddable":true,"href":"https:\/\/theinvisiblecollection.com\/fr\/wp-json\/wp\/v2\/product_tag?post=5891090"},{"taxonomy":"product_designer","embeddable":true,"href":"https:\/\/theinvisiblecollection.com\/fr\/wp-json\/wp\/v2\/product_designer?post=5891090"},{"taxonomy":"comfabric","embeddable":true,"href":"https:\/\/theinvisiblecollection.com\/fr\/wp-json\/wp\/v2\/comfabric?post=5891090"},{"taxonomy":"manufacturer","embeddable":true,"href":"https:\/\/theinvisiblecollection.com\/fr\/wp-json\/wp\/v2\/manufacturer?post=5891090"},{"taxonomy":"reporting_designer","embeddable":true,"href":"https:\/\/theinvisiblecollection.com\/fr\/wp-json\/wp\/v2\/reporting_designer?post=5891090"},{"taxonomy":"samplecomfabric","embeddable":true,"href":"https:\/\/theinvisiblecollection.com\/fr\/wp-json\/wp\/v2\/samplecomfabric?post=5891090"},{"taxonomy":"clubroom_product_designer","embeddable":true,"href":"https:\/\/theinvisiblecollection.com\/fr\/wp-json\/wp\/v2\/designer_clubroom?post=5891090"}],"curies":[{"name":"wp","href":"https:\/\/api.w.org\/{rel}","templated":true}]}}