{"id":5891567,"date":"2026-02-10T09:04:52","date_gmt":"2026-02-10T09:04:52","guid":{"rendered":"https:\/\/theinvisiblecollection.com\/?post_type=product&#038;p=5891567"},"modified":"2026-05-01T07:37:05","modified_gmt":"2026-05-01T07:37:05","slug":"louise-liljencrantz-table-basse-check","status":"publish","type":"product","link":"https:\/\/theinvisiblecollection.com\/fr\/produit\/louise-liljencrantz-table-basse-check\/","title":{"rendered":"Table Basse Check"},"content":{"rendered":"<p style=\"text-align: justify;\" data-start=\"80\" data-end=\"600\">La table basse Check de Louise Liljencrantz incarne une rencontre raffin\u00e9e entre des mat\u00e9riaux contrast\u00e9s et un savoir-faire d\u2019exception. R\u00e9alis\u00e9e en placage d\u2019An\u00e9gr\u00e9 noir teint\u00e9 dans la masse, \u00e0 la finition profonde et tr\u00e8s brillante, et sublim\u00e9e par une marqueterie d\u2019\u00e9rable ex\u00e9cut\u00e9e avec une grande pr\u00e9cision, elle trouve un \u00e9quilibre subtil entre rigueur et douceur. Les motifs g\u00e9om\u00e9triques rectilignes sont obtenus par parquetage, tandis que les d\u00e9tails courbes sont r\u00e9alis\u00e9s en intarsia, r\u00e9v\u00e9lant une v\u00e9ritable ma\u00eetrise technique.<br \/>\nEncadr\u00e9e de panneaux textiles au toucher riche et habill\u00e9e du jacquard Untitled 1948 de Dedar, Check s\u2019impose comme un point focal discret \u2014 une pr\u00e9sence architecturale centr\u00e9e, qui ancre et enrichit l\u2019espace.<\/p>\n","protected":false},"excerpt":{"rendered":"<p>Collection Veermakers<br \/>\nTable basse avec plateau en acajou, finition brillante<br \/>\nPi\u00e8tement jaune p\u00e2le recouvert d&#8217;une laque brillante<br \/>\n\u00c9galement disponible en <span style=\"text-decoration: underline;\"><a href=\"https:\/\/theinvisiblecollection.com\/fr\/produit\/louise-liljencrantz-mini-table-cloud-noyer\/\" target=\"_blank\" rel=\"noopener\">noyer<\/a><\/span> et <span style=\"text-decoration: underline;\"><a href=\"https:\/\/theinvisiblecollection.com\/fr\/produit\/louise-liljencrantz-mini-table-cloud-chene\/\" target=\"_blank\" rel=\"noopener\">ch\u00eane<\/a><\/span><br \/>\n<a href=\"https:\/\/theinvisiblecollection.com\/wp-content\/uploads\/2020\/02\/InvisibleCollection_LouiseLiljencrantz_MiniCloudSelection.pdf\" target=\"_blank\" rel=\"noopener\"><span style=\"text-decoration: underline;\">D\u00e9couvrez la s\u00e9lection de mod\u00e8les ici<\/span><\/a><br \/>\nChaque table est unique en raison de sa nature artisanale, les formes et les teintes varient l\u00e9g\u00e8rement<br \/>\nCouleurs, dimensions, finitions et bois sur-mesure sur demande<\/p>\n<p>L 80 x l 70 x H 30 cm<\/p>\n<p>Fabriqu\u00e9e \u00e0 la main \u00e0 Stockholm, en Su\u00e8de<br \/>\nD\u00e9lais de fabrication : 12 &#8211; 14 semaines<\/p>\n<p class=\"p1\"><span style=\"text-decoration: underline;\"><span class=\"s1\"><a href=\"https:\/\/www.theinvisiblecollection.com\/fr\/demande-de-devis\/?product_id=73582\" target=\"_blank\" rel=\"noopener\">Contactez-nous pour toute demande de devis ou de renseignements<\/a><\/span><\/span><\/p>\n","protected":false},"featured_media":5891577,"template":"","meta":{"_acf_changed":false,"content-type":"","_themeisle_gutenberg_block_has_review":false},"product_brand":[],"product_cat":[10549,19983],"product_tag":[10268,12464,31477,35326],"product_designer":[8899],"comfabric":[],"manufacturer":[19801],"reporting_designer":[],"samplecomfabric":[],"designer_clubroom":[],"class_list":{"0":"post-5891567","1":"product","2":"type-product","3":"status-publish","4":"has-post-thumbnail","6":"product_cat-mobilier-dexterieur","7":"product_cat-bols","8":"product_tag-louise-liljencrantz-fr-fr","9":"product_tag-liljencrantz-fr","10":"product_tag-st-curvy-fr","11":"product_tag-st-scandinavian-fr","12":"product_designer-veermakers-par-louise-liljencrantz-fr","13":"manufacturer-spedman-global-logistics-ab-fr","15":"first","16":"instock","17":"taxable","18":"shipping-taxable","19":"purchasable","20":"product-type-simple"},"acf":[],"_links":{"self":[{"href":"https:\/\/theinvisiblecollection.com\/fr\/wp-json\/wp\/v2\/product\/5891567","targetHints":{"allow":["GET"]}}],"collection":[{"href":"https:\/\/theinvisiblecollection.com\/fr\/wp-json\/wp\/v2\/product"}],"about":[{"href":"https:\/\/theinvisiblecollection.com\/fr\/wp-json\/wp\/v2\/types\/product"}],"wp:featuredmedia":[{"embeddable":true,"href":"https:\/\/theinvisiblecollection.com\/fr\/wp-json\/wp\/v2\/media\/5891577"}],"wp:attachment":[{"href":"https:\/\/theinvisiblecollection.com\/fr\/wp-json\/wp\/v2\/media?parent=5891567"}],"wp:term":[{"taxonomy":"product_brand","embeddable":true,"href":"https:\/\/theinvisiblecollection.com\/fr\/wp-json\/wp\/v2\/product_brand?post=5891567"},{"taxonomy":"product_cat","embeddable":true,"href":"https:\/\/theinvisiblecollection.com\/fr\/wp-json\/wp\/v2\/product_cat?post=5891567"},{"taxonomy":"product_tag","embeddable":true,"href":"https:\/\/theinvisiblecollection.com\/fr\/wp-json\/wp\/v2\/product_tag?post=5891567"},{"taxonomy":"product_designer","embeddable":true,"href":"https:\/\/theinvisiblecollection.com\/fr\/wp-json\/wp\/v2\/product_designer?post=5891567"},{"taxonomy":"comfabric","embeddable":true,"href":"https:\/\/theinvisiblecollection.com\/fr\/wp-json\/wp\/v2\/comfabric?post=5891567"},{"taxonomy":"manufacturer","embeddable":true,"href":"https:\/\/theinvisiblecollection.com\/fr\/wp-json\/wp\/v2\/manufacturer?post=5891567"},{"taxonomy":"reporting_designer","embeddable":true,"href":"https:\/\/theinvisiblecollection.com\/fr\/wp-json\/wp\/v2\/reporting_designer?post=5891567"},{"taxonomy":"samplecomfabric","embeddable":true,"href":"https:\/\/theinvisiblecollection.com\/fr\/wp-json\/wp\/v2\/samplecomfabric?post=5891567"},{"taxonomy":"clubroom_product_designer","embeddable":true,"href":"https:\/\/theinvisiblecollection.com\/fr\/wp-json\/wp\/v2\/designer_clubroom?post=5891567"}],"curies":[{"name":"wp","href":"https:\/\/api.w.org\/{rel}","templated":true}]}}