{"id":5891596,"date":"2026-02-10T10:47:36","date_gmt":"2026-02-10T10:47:36","guid":{"rendered":"https:\/\/theinvisiblecollection.com\/?post_type=product&#038;p=5891596"},"modified":"2026-05-01T07:37:05","modified_gmt":"2026-05-01T07:37:05","slug":"ozone-lampe-de-table-tennessee-lp","status":"publish","type":"product","link":"https:\/\/theinvisiblecollection.com\/fr\/produit\/ozone-lampe-de-table-tennessee-lp\/","title":{"rendered":"Lampe De Table Tennessee LP"},"content":{"rendered":"<p data-start=\"0\" data-end=\"322\">Alliant force et sophistication, les luminaires de la collection Tennessee sont con\u00e7us pour s\u2019int\u00e9grer parfaitement \u00e0 l\u2019architecture de Glenn Sestig. Le diffuseur en papier, doux et arrondi, contraste harmonieusement avec la rigueur des structures. Ils int\u00e8grent une lumi\u00e8re chaleureuse et performante, con\u00e7ue par Ozone.<\/p>\n<p data-start=\"324\" data-end=\"474\" data-is-last-node=\"\" data-is-only-node=\"\">L\u2019agencement de modules lumineux identiques insuffle rythme et chaleur \u00e0 l\u2019espace. La collection Tennessee est \u00e0 la fois architecturale et d\u00e9corative.<\/p>\n","protected":false},"excerpt":{"rendered":"<p>Alliant force et sophistication, les luminaires de la collection Tennessee sont con\u00e7us pour s\u2019int\u00e9grer parfaitement \u00e0 l\u2019architecture de Glenn Sestig. Le diffuseur en papier, doux et arrondi, contraste harmonieusement avec la rigueur des structures. Ils int\u00e8grent une lumi\u00e8re chaleureuse et performante, con\u00e7ue par Ozone. L\u2019agencement de modules lumineux identiques insuffle rythme et chaleur \u00e0 l\u2019espace. [&hellip;]<\/p>\n","protected":false},"featured_media":5896379,"template":"","meta":{"_acf_changed":false,"content-type":"","_themeisle_gutenberg_block_has_review":false},"product_brand":[],"product_cat":[8974,12507],"product_tag":[9200,11960,31474,35206],"product_designer":[11898,11971],"comfabric":[],"manufacturer":[16738],"reporting_designer":[37576],"samplecomfabric":[],"designer_clubroom":[],"class_list":{"0":"post-5891596","1":"product","2":"type-product","3":"status-publish","4":"has-post-thumbnail","6":"product_cat-lampes-de-table","7":"product_cat-luminaires","8":"product_tag-luminaire-fr-2","9":"product_tag-ozone-fr","10":"product_tag-co-white-fr","11":"product_tag-exclusive-fr","12":"product_designer-ozone-fr","13":"product_designer-glenn-sestig-par-ozone","14":"manufacturer-ozone-fr","15":"reporting_designer-ozone","17":"first","18":"instock","19":"taxable","20":"shipping-taxable","21":"purchasable","22":"product-type-variable"},"acf":[],"_links":{"self":[{"href":"https:\/\/theinvisiblecollection.com\/fr\/wp-json\/wp\/v2\/product\/5891596","targetHints":{"allow":["GET"]}}],"collection":[{"href":"https:\/\/theinvisiblecollection.com\/fr\/wp-json\/wp\/v2\/product"}],"about":[{"href":"https:\/\/theinvisiblecollection.com\/fr\/wp-json\/wp\/v2\/types\/product"}],"wp:featuredmedia":[{"embeddable":true,"href":"https:\/\/theinvisiblecollection.com\/fr\/wp-json\/wp\/v2\/media\/5896379"}],"wp:attachment":[{"href":"https:\/\/theinvisiblecollection.com\/fr\/wp-json\/wp\/v2\/media?parent=5891596"}],"wp:term":[{"taxonomy":"product_brand","embeddable":true,"href":"https:\/\/theinvisiblecollection.com\/fr\/wp-json\/wp\/v2\/product_brand?post=5891596"},{"taxonomy":"product_cat","embeddable":true,"href":"https:\/\/theinvisiblecollection.com\/fr\/wp-json\/wp\/v2\/product_cat?post=5891596"},{"taxonomy":"product_tag","embeddable":true,"href":"https:\/\/theinvisiblecollection.com\/fr\/wp-json\/wp\/v2\/product_tag?post=5891596"},{"taxonomy":"product_designer","embeddable":true,"href":"https:\/\/theinvisiblecollection.com\/fr\/wp-json\/wp\/v2\/product_designer?post=5891596"},{"taxonomy":"comfabric","embeddable":true,"href":"https:\/\/theinvisiblecollection.com\/fr\/wp-json\/wp\/v2\/comfabric?post=5891596"},{"taxonomy":"manufacturer","embeddable":true,"href":"https:\/\/theinvisiblecollection.com\/fr\/wp-json\/wp\/v2\/manufacturer?post=5891596"},{"taxonomy":"reporting_designer","embeddable":true,"href":"https:\/\/theinvisiblecollection.com\/fr\/wp-json\/wp\/v2\/reporting_designer?post=5891596"},{"taxonomy":"samplecomfabric","embeddable":true,"href":"https:\/\/theinvisiblecollection.com\/fr\/wp-json\/wp\/v2\/samplecomfabric?post=5891596"},{"taxonomy":"clubroom_product_designer","embeddable":true,"href":"https:\/\/theinvisiblecollection.com\/fr\/wp-json\/wp\/v2\/designer_clubroom?post=5891596"}],"curies":[{"name":"wp","href":"https:\/\/api.w.org\/{rel}","templated":true}]}}