{"id":5892419,"date":"2026-02-12T10:56:42","date_gmt":"2026-02-12T10:56:42","guid":{"rendered":"https:\/\/theinvisiblecollection.com\/?post_type=product&#038;p=5892419"},"modified":"2026-05-08T04:38:22","modified_gmt":"2026-05-08T04:38:22","slug":"garce-dimofski-applique-vinca","status":"publish","type":"product","link":"https:\/\/theinvisiblecollection.com\/fr\/produit\/garce-dimofski-applique-vinca\/","title":{"rendered":"Applique Vinca"},"content":{"rendered":"<p style=\"text-align: justify;\">L&#8217;applique murale Vinca en c\u00e9ramique de Garc\u00e9 Dimofski allie une pr\u00e9sence sculpturale \u00e0 une luminosit\u00e9 discr\u00e8te. Fa\u00e7onn\u00e9e \u00e0 la main et recouverte d&#8217;un vernis doux et stratifi\u00e9, elle r\u00e9v\u00e8le de subtiles variations de tons qui font \u00e9cho aux gestes de sa fabrication. Sa silhouette incurv\u00e9e diffuse doucement la lumi\u00e8re, projetant une lueur chaleureuse et atmosph\u00e9rique qui rehausse la profondeur et la texture de la pi\u00e8ce. \u00c0 la fois objet et source de lumi\u00e8re, elle apporte une sensibilit\u00e9 raffin\u00e9e et artisanale \u00e0 n&#8217;importe quel mur.<\/p>\n","protected":false},"excerpt":{"rendered":"<p>L&#8217;applique murale Vinca en c\u00e9ramique de Garc\u00e9 Dimofski allie une pr\u00e9sence sculpturale \u00e0 une luminosit\u00e9 discr\u00e8te. Fa\u00e7onn\u00e9e \u00e0 la main et recouverte d&#8217;un vernis doux et stratifi\u00e9, elle r\u00e9v\u00e8le de subtiles variations de tons qui font \u00e9cho aux gestes de sa fabrication. Sa silhouette incurv\u00e9e diffuse doucement la lumi\u00e8re, projetant une lueur chaleureuse et atmosph\u00e9rique [&hellip;]<\/p>\n","protected":false},"featured_media":5892392,"template":"","meta":{"_acf_changed":false,"content-type":"","_themeisle_gutenberg_block_has_review":false},"product_brand":[],"product_cat":[8975,12507],"product_tag":[35206,9200,22681,31475,31476],"product_designer":[15857],"comfabric":[],"manufacturer":[22038],"reporting_designer":[37464],"samplecomfabric":[],"designer_clubroom":[],"class_list":{"0":"post-5892419","1":"product","2":"type-product","3":"status-publish","4":"has-post-thumbnail","6":"product_cat-appliques-murales","7":"product_cat-luminaires","8":"product_tag-exclusive-fr","9":"product_tag-luminaire-fr-2","10":"product_tag-applique-fr-2","11":"product_tag-st-ceramic-fr","12":"product_tag-st-collectible-fr","13":"product_designer-garce-dimofski-fr","14":"manufacturer-garc-dimofski-atelier-so-pedro-da-cova-fr","15":"reporting_designer-garce-dimofski-fr","17":"first","18":"instock","19":"taxable","20":"shipping-taxable","21":"purchasable","22":"product-type-variable"},"acf":[],"_links":{"self":[{"href":"https:\/\/theinvisiblecollection.com\/fr\/wp-json\/wp\/v2\/product\/5892419","targetHints":{"allow":["GET"]}}],"collection":[{"href":"https:\/\/theinvisiblecollection.com\/fr\/wp-json\/wp\/v2\/product"}],"about":[{"href":"https:\/\/theinvisiblecollection.com\/fr\/wp-json\/wp\/v2\/types\/product"}],"wp:featuredmedia":[{"embeddable":true,"href":"https:\/\/theinvisiblecollection.com\/fr\/wp-json\/wp\/v2\/media\/5892392"}],"wp:attachment":[{"href":"https:\/\/theinvisiblecollection.com\/fr\/wp-json\/wp\/v2\/media?parent=5892419"}],"wp:term":[{"taxonomy":"product_brand","embeddable":true,"href":"https:\/\/theinvisiblecollection.com\/fr\/wp-json\/wp\/v2\/product_brand?post=5892419"},{"taxonomy":"product_cat","embeddable":true,"href":"https:\/\/theinvisiblecollection.com\/fr\/wp-json\/wp\/v2\/product_cat?post=5892419"},{"taxonomy":"product_tag","embeddable":true,"href":"https:\/\/theinvisiblecollection.com\/fr\/wp-json\/wp\/v2\/product_tag?post=5892419"},{"taxonomy":"product_designer","embeddable":true,"href":"https:\/\/theinvisiblecollection.com\/fr\/wp-json\/wp\/v2\/product_designer?post=5892419"},{"taxonomy":"comfabric","embeddable":true,"href":"https:\/\/theinvisiblecollection.com\/fr\/wp-json\/wp\/v2\/comfabric?post=5892419"},{"taxonomy":"manufacturer","embeddable":true,"href":"https:\/\/theinvisiblecollection.com\/fr\/wp-json\/wp\/v2\/manufacturer?post=5892419"},{"taxonomy":"reporting_designer","embeddable":true,"href":"https:\/\/theinvisiblecollection.com\/fr\/wp-json\/wp\/v2\/reporting_designer?post=5892419"},{"taxonomy":"samplecomfabric","embeddable":true,"href":"https:\/\/theinvisiblecollection.com\/fr\/wp-json\/wp\/v2\/samplecomfabric?post=5892419"},{"taxonomy":"clubroom_product_designer","embeddable":true,"href":"https:\/\/theinvisiblecollection.com\/fr\/wp-json\/wp\/v2\/designer_clubroom?post=5892419"}],"curies":[{"name":"wp","href":"https:\/\/api.w.org\/{rel}","templated":true}]}}