{"id":5892476,"date":"2026-02-11T14:45:21","date_gmt":"2026-02-11T14:45:21","guid":{"rendered":"https:\/\/theinvisiblecollection.com\/?post_type=product&#038;p=5892476"},"modified":"2026-05-01T07:37:05","modified_gmt":"2026-05-01T07:37:05","slug":"garce-dimofski-table-alegria","status":"publish","type":"product","link":"https:\/\/theinvisiblecollection.com\/fr\/produit\/garce-dimofski-table-alegria\/","title":{"rendered":"Table Alegria"},"content":{"rendered":"<p class=\"preFade fadeIn\" style=\"text-align: justify;\" data-rte-preserve-empty=\"true\">La table \u00e0 manger Alegria de Garc\u00e9 Dimofski est sculpturale caract\u00e9ris\u00e9e par son \u00e9quilibre, son rythme et la profondeur de ses mat\u00e9riaux. Son plateau en bois g\u00e9n\u00e9reux repose sur six pieds sculpt\u00e9s, cr\u00e9ant un jeu harmonieux entre sym\u00e9trie et mouvement. Le raffinement de l&#8217;artisanat est \u00e9vident dans chaque d\u00e9tail, de la g\u00e9om\u00e9trie douce des pieds \u00e0 la surface tactile du bois, enrichie par une subtile incrustation en c\u00e9ramique qui apporte contraste et lumi\u00e8re. \u00c0 la fois architecturale et chaleureuse, cette table ancrer une pi\u00e8ce avec une force tranquille, offrant une pi\u00e8ce ma\u00eetresse o\u00f9 les moments quotidiens et les grandes r\u00e9unions se d\u00e9roulent avec aisance.<\/p>\n","protected":false},"excerpt":{"rendered":"<p>La table \u00e0 manger Alegria de Garc\u00e9 Dimofski est sculpturale caract\u00e9ris\u00e9e par son \u00e9quilibre, son rythme et la profondeur de ses mat\u00e9riaux. Son plateau en bois g\u00e9n\u00e9reux repose sur six pieds sculpt\u00e9s, cr\u00e9ant un jeu harmonieux entre sym\u00e9trie et mouvement. Le raffinement de l&#8217;artisanat est \u00e9vident dans chaque d\u00e9tail, de la g\u00e9om\u00e9trie douce des pieds [&hellip;]<\/p>\n","protected":false},"featured_media":5892486,"template":"","meta":{"_acf_changed":false,"content-type":"","_themeisle_gutenberg_block_has_review":false},"product_brand":[],"product_cat":[8977,12503],"product_tag":[8855,31475,35206],"product_designer":[15857],"comfabric":[],"manufacturer":[22038],"reporting_designer":[37464],"samplecomfabric":[],"designer_clubroom":[],"class_list":{"0":"post-5892476","1":"product","2":"type-product","3":"status-publish","4":"has-post-thumbnail","6":"product_cat-tables-salle-a-manger","7":"product_cat-tables-fr","8":"product_tag-table-fr-3","9":"product_tag-st-ceramic-fr","10":"product_tag-exclusive-fr","11":"product_designer-garce-dimofski-fr","12":"manufacturer-garc-dimofski-atelier-so-pedro-da-cova-fr","13":"reporting_designer-garce-dimofski-fr","15":"first","16":"instock","17":"taxable","18":"shipping-taxable","19":"purchasable","20":"product-type-variable"},"acf":[],"_links":{"self":[{"href":"https:\/\/theinvisiblecollection.com\/fr\/wp-json\/wp\/v2\/product\/5892476","targetHints":{"allow":["GET"]}}],"collection":[{"href":"https:\/\/theinvisiblecollection.com\/fr\/wp-json\/wp\/v2\/product"}],"about":[{"href":"https:\/\/theinvisiblecollection.com\/fr\/wp-json\/wp\/v2\/types\/product"}],"wp:featuredmedia":[{"embeddable":true,"href":"https:\/\/theinvisiblecollection.com\/fr\/wp-json\/wp\/v2\/media\/5892486"}],"wp:attachment":[{"href":"https:\/\/theinvisiblecollection.com\/fr\/wp-json\/wp\/v2\/media?parent=5892476"}],"wp:term":[{"taxonomy":"product_brand","embeddable":true,"href":"https:\/\/theinvisiblecollection.com\/fr\/wp-json\/wp\/v2\/product_brand?post=5892476"},{"taxonomy":"product_cat","embeddable":true,"href":"https:\/\/theinvisiblecollection.com\/fr\/wp-json\/wp\/v2\/product_cat?post=5892476"},{"taxonomy":"product_tag","embeddable":true,"href":"https:\/\/theinvisiblecollection.com\/fr\/wp-json\/wp\/v2\/product_tag?post=5892476"},{"taxonomy":"product_designer","embeddable":true,"href":"https:\/\/theinvisiblecollection.com\/fr\/wp-json\/wp\/v2\/product_designer?post=5892476"},{"taxonomy":"comfabric","embeddable":true,"href":"https:\/\/theinvisiblecollection.com\/fr\/wp-json\/wp\/v2\/comfabric?post=5892476"},{"taxonomy":"manufacturer","embeddable":true,"href":"https:\/\/theinvisiblecollection.com\/fr\/wp-json\/wp\/v2\/manufacturer?post=5892476"},{"taxonomy":"reporting_designer","embeddable":true,"href":"https:\/\/theinvisiblecollection.com\/fr\/wp-json\/wp\/v2\/reporting_designer?post=5892476"},{"taxonomy":"samplecomfabric","embeddable":true,"href":"https:\/\/theinvisiblecollection.com\/fr\/wp-json\/wp\/v2\/samplecomfabric?post=5892476"},{"taxonomy":"clubroom_product_designer","embeddable":true,"href":"https:\/\/theinvisiblecollection.com\/fr\/wp-json\/wp\/v2\/designer_clubroom?post=5892476"}],"curies":[{"name":"wp","href":"https:\/\/api.w.org\/{rel}","templated":true}]}}