{"id":5892752,"date":"2026-02-12T14:53:06","date_gmt":"2026-02-12T14:53:06","guid":{"rendered":"https:\/\/theinvisiblecollection.com\/?post_type=product&#038;p=5892752"},"modified":"2026-05-01T07:37:05","modified_gmt":"2026-05-01T07:37:05","slug":"emmanuel-levet-stenne-table-ronde-dress-up-bois","status":"publish","type":"product","link":"https:\/\/theinvisiblecollection.com\/fr\/produit\/emmanuel-levet-stenne-table-ronde-dress-up-bois\/","title":{"rendered":"Table Ronde Dress Up Bois"},"content":{"rendered":"<p style=\"text-align: justify;\">La collection Dress Up d&#8217;Emmanuel Levet Stenne s\u2019enrichit d\u2019une nouvelle collection Dress Up Wood en bois massif. Cette nouvelle collection se d\u00e9cline en table \u00e0 diner, console t gu\u00e9ridon et met en lumi\u00e8re la vocation sculpturale du bois dans un registre formel \u00e0 la fois sobre et ornemental entre la simplicit\u00e9 de l\u2019art Roman et la g\u00e9n\u00e9rosit\u00e9 de l\u2019Art Nouveau.<\/p>\n","protected":false},"excerpt":{"rendered":"<p>\u00c9dition limit\u00e9e et num\u00e9rot\u00e9e de 50 pi\u00e8ces<br \/>\nBase en\u00a0bronze patin\u00e9 noir ou brun<br \/>\nPlateau en marbre Nero Marquina ou marbre grafite<br \/>\nDimensions sur-mesure sur demande<\/p>\n<p class=\"p1\"><span class=\"s1\">L 150 x l 45 x H 80 cm<span class=\"Apple-converted-space\">\u00a0<\/span><\/span><\/p>\n<p>Fabriqu\u00e9e \u00e0 la main en France<br \/>\nD\u00e9lais de fabrication : 12 semaines<\/p>\n<p class=\"p1\"><span style=\"text-decoration: underline;\"><span class=\"s1\"><a href=\"https:\/\/www.theinvisiblecollection.com\/fr\/demande-de-devis\/?product_id=36195\">Contactez-nous pour toute demande de devis ou de renseignements<\/a><\/span><\/span><\/p>\n<p>&nbsp;<\/p>\n","protected":false},"featured_media":5892759,"template":"","meta":{"_acf_changed":false,"content-type":"","_themeisle_gutenberg_block_has_review":false},"product_brand":[],"product_cat":[8977,12503],"product_tag":[9059,35206],"product_designer":[13211],"comfabric":[],"manufacturer":[27900],"reporting_designer":[37696],"samplecomfabric":[],"designer_clubroom":[],"class_list":{"0":"post-5892752","1":"product","2":"type-product","3":"status-publish","4":"has-post-thumbnail","6":"product_cat-tables-salle-a-manger","7":"product_cat-tables-fr","8":"product_tag-gueridon-fr-2","9":"product_tag-exclusive-fr","10":"product_designer-emmanuel-levet-stenne-fr","11":"manufacturer-emmanuel-levet-stenne-atelier-bourron-marlotte-fr","12":"reporting_designer-emmanuel-levet-stenne","14":"first","15":"instock","16":"taxable","17":"shipping-taxable","18":"purchasable","19":"product-type-simple"},"acf":[],"_links":{"self":[{"href":"https:\/\/theinvisiblecollection.com\/fr\/wp-json\/wp\/v2\/product\/5892752","targetHints":{"allow":["GET"]}}],"collection":[{"href":"https:\/\/theinvisiblecollection.com\/fr\/wp-json\/wp\/v2\/product"}],"about":[{"href":"https:\/\/theinvisiblecollection.com\/fr\/wp-json\/wp\/v2\/types\/product"}],"wp:featuredmedia":[{"embeddable":true,"href":"https:\/\/theinvisiblecollection.com\/fr\/wp-json\/wp\/v2\/media\/5892759"}],"wp:attachment":[{"href":"https:\/\/theinvisiblecollection.com\/fr\/wp-json\/wp\/v2\/media?parent=5892752"}],"wp:term":[{"taxonomy":"product_brand","embeddable":true,"href":"https:\/\/theinvisiblecollection.com\/fr\/wp-json\/wp\/v2\/product_brand?post=5892752"},{"taxonomy":"product_cat","embeddable":true,"href":"https:\/\/theinvisiblecollection.com\/fr\/wp-json\/wp\/v2\/product_cat?post=5892752"},{"taxonomy":"product_tag","embeddable":true,"href":"https:\/\/theinvisiblecollection.com\/fr\/wp-json\/wp\/v2\/product_tag?post=5892752"},{"taxonomy":"product_designer","embeddable":true,"href":"https:\/\/theinvisiblecollection.com\/fr\/wp-json\/wp\/v2\/product_designer?post=5892752"},{"taxonomy":"comfabric","embeddable":true,"href":"https:\/\/theinvisiblecollection.com\/fr\/wp-json\/wp\/v2\/comfabric?post=5892752"},{"taxonomy":"manufacturer","embeddable":true,"href":"https:\/\/theinvisiblecollection.com\/fr\/wp-json\/wp\/v2\/manufacturer?post=5892752"},{"taxonomy":"reporting_designer","embeddable":true,"href":"https:\/\/theinvisiblecollection.com\/fr\/wp-json\/wp\/v2\/reporting_designer?post=5892752"},{"taxonomy":"samplecomfabric","embeddable":true,"href":"https:\/\/theinvisiblecollection.com\/fr\/wp-json\/wp\/v2\/samplecomfabric?post=5892752"},{"taxonomy":"clubroom_product_designer","embeddable":true,"href":"https:\/\/theinvisiblecollection.com\/fr\/wp-json\/wp\/v2\/designer_clubroom?post=5892752"}],"curies":[{"name":"wp","href":"https:\/\/api.w.org\/{rel}","templated":true}]}}