{"id":5893381,"date":"2026-02-16T14:12:06","date_gmt":"2026-02-16T14:12:06","guid":{"rendered":"https:\/\/theinvisiblecollection.com\/?post_type=product&#038;p=5893381"},"modified":"2026-05-01T07:37:05","modified_gmt":"2026-05-01T07:37:05","slug":"willy-rizzo-bar-gin","status":"publish","type":"product","link":"https:\/\/theinvisiblecollection.com\/fr\/produit\/willy-rizzo-bar-gin\/","title":{"rendered":"Bar Gin"},"content":{"rendered":"<p>Cr\u00e9\u00e9 \u00e0 Rome \u00e0 la fin des ann\u00e9es 1960 et dans les ann\u00e9es 1970, le mythique Gin Bar de <span class=\"hover:entity-accent entity-underline inline cursor-pointer align-baseline\"><span class=\"whitespace-normal\">Willy Rizzo<\/span><\/span> incarne le glamour italien d\u2019apr\u00e8s-guerre et l\u2019esprit raffin\u00e9 de la culture du cocktail haut de gamme. Con\u00e7u comme une pi\u00e8ce sculpturale centrale, il associe chrome, verre fum\u00e9 et su\u00e8de. Pl\u00e9biscit\u00e9 par des ic\u00f4nes telles que <span class=\"hover:entity-accent entity-underline inline cursor-pointer align-baseline\"><span class=\"whitespace-normal\">Brigitte Bardot<\/span><\/span> et <span class=\"hover:entity-accent entity-underline inline cursor-pointer align-baseline\"><span class=\"whitespace-normal\">Salvador Dal\u00ed<\/span><\/span>, ce bar n\u2019est pas seulement un \u00e9l\u00e9ment fonctionnel, mais un v\u00e9ritable centre de sociabilit\u00e9 \u2014 un design audacieux et cin\u00e9matographique qui structure l\u2019espace et incarne tout un art de recevoir.<\/p>\n","protected":false},"excerpt":{"rendered":"<p>Cr\u00e9\u00e9 \u00e0 Rome \u00e0 la fin des ann\u00e9es 1960 et dans les ann\u00e9es 1970, le mythique Gin Bar de Willy Rizzo incarne le glamour italien d\u2019apr\u00e8s-guerre et l\u2019esprit raffin\u00e9 de la culture du cocktail haut de gamme. Con\u00e7u comme une pi\u00e8ce sculpturale centrale, il associe chrome, verre fum\u00e9 et su\u00e8de. Pl\u00e9biscit\u00e9 par des ic\u00f4nes telles [&hellip;]<\/p>\n","protected":false},"featured_media":5896133,"template":"","meta":{"_acf_changed":false,"content-type":"","_themeisle_gutenberg_block_has_review":false},"product_brand":[],"product_cat":[12526],"product_tag":[10904],"product_designer":[17893],"comfabric":[],"manufacturer":[17891],"reporting_designer":[37196],"samplecomfabric":[],"designer_clubroom":[],"class_list":{"0":"post-5893381","1":"product","2":"type-product","3":"status-publish","4":"has-post-thumbnail","6":"product_cat-bars-et-cabinets","7":"product_tag-bar-fr","8":"pa_finish-laiton-bronze-medaille","9":"pa_finish-satine-laiton-noirci","10":"pa_finish-acier-inoxydable","11":"product_designer-willy-rizzo-fr","12":"manufacturer-willy-rizzo","13":"reporting_designer-willy-rizzo","15":"first","16":"instock","17":"taxable","18":"shipping-taxable","19":"purchasable","20":"product-type-variable"},"acf":[],"_links":{"self":[{"href":"https:\/\/theinvisiblecollection.com\/fr\/wp-json\/wp\/v2\/product\/5893381","targetHints":{"allow":["GET"]}}],"collection":[{"href":"https:\/\/theinvisiblecollection.com\/fr\/wp-json\/wp\/v2\/product"}],"about":[{"href":"https:\/\/theinvisiblecollection.com\/fr\/wp-json\/wp\/v2\/types\/product"}],"wp:featuredmedia":[{"embeddable":true,"href":"https:\/\/theinvisiblecollection.com\/fr\/wp-json\/wp\/v2\/media\/5896133"}],"wp:attachment":[{"href":"https:\/\/theinvisiblecollection.com\/fr\/wp-json\/wp\/v2\/media?parent=5893381"}],"wp:term":[{"taxonomy":"product_brand","embeddable":true,"href":"https:\/\/theinvisiblecollection.com\/fr\/wp-json\/wp\/v2\/product_brand?post=5893381"},{"taxonomy":"product_cat","embeddable":true,"href":"https:\/\/theinvisiblecollection.com\/fr\/wp-json\/wp\/v2\/product_cat?post=5893381"},{"taxonomy":"product_tag","embeddable":true,"href":"https:\/\/theinvisiblecollection.com\/fr\/wp-json\/wp\/v2\/product_tag?post=5893381"},{"taxonomy":"product_designer","embeddable":true,"href":"https:\/\/theinvisiblecollection.com\/fr\/wp-json\/wp\/v2\/product_designer?post=5893381"},{"taxonomy":"comfabric","embeddable":true,"href":"https:\/\/theinvisiblecollection.com\/fr\/wp-json\/wp\/v2\/comfabric?post=5893381"},{"taxonomy":"manufacturer","embeddable":true,"href":"https:\/\/theinvisiblecollection.com\/fr\/wp-json\/wp\/v2\/manufacturer?post=5893381"},{"taxonomy":"reporting_designer","embeddable":true,"href":"https:\/\/theinvisiblecollection.com\/fr\/wp-json\/wp\/v2\/reporting_designer?post=5893381"},{"taxonomy":"samplecomfabric","embeddable":true,"href":"https:\/\/theinvisiblecollection.com\/fr\/wp-json\/wp\/v2\/samplecomfabric?post=5893381"},{"taxonomy":"clubroom_product_designer","embeddable":true,"href":"https:\/\/theinvisiblecollection.com\/fr\/wp-json\/wp\/v2\/designer_clubroom?post=5893381"}],"curies":[{"name":"wp","href":"https:\/\/api.w.org\/{rel}","templated":true}]}}