{"id":5894097,"date":"2026-02-19T12:03:43","date_gmt":"2026-02-19T12:03:43","guid":{"rendered":"https:\/\/theinvisiblecollection.com\/?post_type=product&#038;p=5894097"},"modified":"2026-05-01T07:37:02","modified_gmt":"2026-05-01T07:37:02","slug":"goossens-table-talismans","status":"publish","type":"product","link":"https:\/\/theinvisiblecollection.com\/fr\/produit\/goossens-table-talismans\/","title":{"rendered":"Table Talismans"},"content":{"rendered":"<div class=\"page\" title=\"Page 1\">\n<div class=\"section\">\n<div class=\"layoutArea\">\n<div class=\"column\">\n<p style=\"text-align: justify;\">Une esth\u00e9tique aux lignes \u00e9pur\u00e9es et raffin\u00e9es, cette pi\u00e8ce vient enrichir la nouvelle collection Talismans. Compos\u00e9e d\u2019un plateau en verre ou en marbre, orn\u00e9 de bandes textur\u00e9es et de Talismans d\u00e9coratifs, elle est pens\u00e9e pour accompagner un canap\u00e9 avec une \u00e9l\u00e9gance subtile. Cette cr\u00e9ation peut \u00e9galement \u00eatre par\u00e9e d\u2019une s\u00e9lection de Talismans Goossens sculpt\u00e9s \u00e0 la main \u2014 corail, colombe, tr\u00e8fle ou tournesol \u2014 minutieusement fa\u00e7onn\u00e9s par nos artisans. Ce mod\u00e8le est disponible en deux dimensions.<\/p>\n<\/div>\n<\/div>\n<\/div>\n<\/div>\n","protected":false},"excerpt":{"rendered":"<p>Lanterne en metal dor\u00e9 et cristal de roche naturelle, or jaune 24 carats<br \/>\nDisponible en finition dor\u00e9e mate ou brillante<br \/>\nAmpoule LED fournie<br \/>\nOption dimmable disponible sur demande<\/p>\n<p>L 25 x H 40 cm<\/p>\n<p>Fabriqu\u00e9e \u00e0 la main en France<br \/>\nD\u00e9lais de production : 10 &#8211; 12 semaines<\/p>\n<p><span style=\"text-decoration: underline;\"><a href=\"https:\/\/www.theinvisiblecollection.com\/fr\/demande-de-devis\/?product_id=73325\" target=\"_blank\" rel=\"noopener\">Contactez-nous pour toute demande de devis ou de renseignements<\/a><\/span><\/p>\n","protected":false},"featured_media":5894101,"template":"","meta":{"_acf_changed":false,"content-type":"","_themeisle_gutenberg_block_has_review":false},"product_brand":[],"product_cat":[7509,12332,12503],"product_tag":[14926,31476,31477,35206],"product_designer":[8928],"comfabric":[],"manufacturer":[16919],"reporting_designer":[37524],"samplecomfabric":[],"designer_clubroom":[],"class_list":{"0":"post-5894097","1":"product","2":"type-product","3":"status-publish","4":"has-post-thumbnail","6":"product_cat-tables-basses-dappoint","7":"product_cat-tables-dappoint","8":"product_cat-tables-fr","9":"product_tag-hplstfav-fr","10":"product_tag-st-collectible-fr","11":"product_tag-st-curvy-fr","12":"product_tag-exclusive-fr","13":"product_shipping_class-gossens-1kg-fr","14":"pa_size-basse-l-80-x-l-90-x-h-33-cm","15":"pa_size-haute-l-55-x-l-60-x-h-68-cm","16":"product_designer-goossens-fr","17":"manufacturer-goossens-paris-fr","18":"reporting_designer-goossens","20":"first","21":"instock","22":"taxable","23":"shipping-taxable","24":"product-type-variable"},"acf":[],"_links":{"self":[{"href":"https:\/\/theinvisiblecollection.com\/fr\/wp-json\/wp\/v2\/product\/5894097","targetHints":{"allow":["GET"]}}],"collection":[{"href":"https:\/\/theinvisiblecollection.com\/fr\/wp-json\/wp\/v2\/product"}],"about":[{"href":"https:\/\/theinvisiblecollection.com\/fr\/wp-json\/wp\/v2\/types\/product"}],"wp:featuredmedia":[{"embeddable":true,"href":"https:\/\/theinvisiblecollection.com\/fr\/wp-json\/wp\/v2\/media\/5894101"}],"wp:attachment":[{"href":"https:\/\/theinvisiblecollection.com\/fr\/wp-json\/wp\/v2\/media?parent=5894097"}],"wp:term":[{"taxonomy":"product_brand","embeddable":true,"href":"https:\/\/theinvisiblecollection.com\/fr\/wp-json\/wp\/v2\/product_brand?post=5894097"},{"taxonomy":"product_cat","embeddable":true,"href":"https:\/\/theinvisiblecollection.com\/fr\/wp-json\/wp\/v2\/product_cat?post=5894097"},{"taxonomy":"product_tag","embeddable":true,"href":"https:\/\/theinvisiblecollection.com\/fr\/wp-json\/wp\/v2\/product_tag?post=5894097"},{"taxonomy":"product_designer","embeddable":true,"href":"https:\/\/theinvisiblecollection.com\/fr\/wp-json\/wp\/v2\/product_designer?post=5894097"},{"taxonomy":"comfabric","embeddable":true,"href":"https:\/\/theinvisiblecollection.com\/fr\/wp-json\/wp\/v2\/comfabric?post=5894097"},{"taxonomy":"manufacturer","embeddable":true,"href":"https:\/\/theinvisiblecollection.com\/fr\/wp-json\/wp\/v2\/manufacturer?post=5894097"},{"taxonomy":"reporting_designer","embeddable":true,"href":"https:\/\/theinvisiblecollection.com\/fr\/wp-json\/wp\/v2\/reporting_designer?post=5894097"},{"taxonomy":"samplecomfabric","embeddable":true,"href":"https:\/\/theinvisiblecollection.com\/fr\/wp-json\/wp\/v2\/samplecomfabric?post=5894097"},{"taxonomy":"clubroom_product_designer","embeddable":true,"href":"https:\/\/theinvisiblecollection.com\/fr\/wp-json\/wp\/v2\/designer_clubroom?post=5894097"}],"curies":[{"name":"wp","href":"https:\/\/api.w.org\/{rel}","templated":true}]}}