{"id":5894489,"date":"2026-02-23T09:54:23","date_gmt":"2026-02-23T09:54:23","guid":{"rendered":"https:\/\/theinvisiblecollection.com\/?post_type=product&#038;p=5894489"},"modified":"2026-05-08T04:38:22","modified_gmt":"2026-05-08T04:38:22","slug":"leo-sentou-fauteuil-bernard","status":"publish","type":"product","link":"https:\/\/theinvisiblecollection.com\/fr\/produit\/leo-sentou-fauteuil-bernard\/","title":{"rendered":"Fauteuil Bernard"},"content":{"rendered":"<p style=\"text-align: justify;\">Inspir\u00e9 d\u2019un fauteuil \u00e0 dossier et assise carr\u00e9s cr\u00e9\u00e9 par Pierre Bernard (1730\u20131788), le fauteuil Bernard de L\u00e9o Sentou revisite la simplicit\u00e9 de la g\u00e9om\u00e9trie pure de mani\u00e8re sculpturale et contemporaine. Enti\u00e8rement tapiss\u00e9, il repose \u00e9l\u00e9gamment sur un ensemble de pieds en ch\u00eane.<\/p>\n","protected":false},"excerpt":{"rendered":"<p>Inspir\u00e9 d\u2019un fauteuil \u00e0 dossier et assise carr\u00e9s cr\u00e9\u00e9 par Pierre Bernard (1730\u20131788), le fauteuil Bernard de L\u00e9o Sentou revisite la simplicit\u00e9 de la g\u00e9om\u00e9trie pure de mani\u00e8re sculpturale et contemporaine. Enti\u00e8rement tapiss\u00e9, il repose \u00e9l\u00e9gamment sur un ensemble de pieds en ch\u00eane.<\/p>\n","protected":false},"featured_media":5894494,"template":"","meta":{"_acf_changed":false,"content-type":"","_themeisle_gutenberg_block_has_review":false},"product_brand":[],"product_cat":[12499,8945],"product_tag":[9150,31474,31477,35206,8942],"product_designer":[19809],"comfabric":[],"manufacturer":[34951],"reporting_designer":[37422],"samplecomfabric":[],"designer_clubroom":[],"class_list":{"0":"post-5894489","1":"product","2":"type-product","3":"status-publish","4":"has-post-thumbnail","6":"product_cat-assises","7":"product_cat-fauteuils","8":"product_tag-fauteuil-fr-2","9":"product_tag-co-white-fr","10":"product_tag-st-curvy-fr","11":"product_tag-exclusive-fr","12":"product_tag-assise","13":"product_designer-leo-sentou-fr","14":"manufacturer-a-d-sourcing-pickup-leo-sentou-fr","15":"reporting_designer-leo-sentou-fr","17":"first","18":"instock","19":"taxable","20":"shipping-taxable","21":"purchasable","22":"product-type-variable"},"acf":[],"_links":{"self":[{"href":"https:\/\/theinvisiblecollection.com\/fr\/wp-json\/wp\/v2\/product\/5894489","targetHints":{"allow":["GET"]}}],"collection":[{"href":"https:\/\/theinvisiblecollection.com\/fr\/wp-json\/wp\/v2\/product"}],"about":[{"href":"https:\/\/theinvisiblecollection.com\/fr\/wp-json\/wp\/v2\/types\/product"}],"wp:featuredmedia":[{"embeddable":true,"href":"https:\/\/theinvisiblecollection.com\/fr\/wp-json\/wp\/v2\/media\/5894494"}],"wp:attachment":[{"href":"https:\/\/theinvisiblecollection.com\/fr\/wp-json\/wp\/v2\/media?parent=5894489"}],"wp:term":[{"taxonomy":"product_brand","embeddable":true,"href":"https:\/\/theinvisiblecollection.com\/fr\/wp-json\/wp\/v2\/product_brand?post=5894489"},{"taxonomy":"product_cat","embeddable":true,"href":"https:\/\/theinvisiblecollection.com\/fr\/wp-json\/wp\/v2\/product_cat?post=5894489"},{"taxonomy":"product_tag","embeddable":true,"href":"https:\/\/theinvisiblecollection.com\/fr\/wp-json\/wp\/v2\/product_tag?post=5894489"},{"taxonomy":"product_designer","embeddable":true,"href":"https:\/\/theinvisiblecollection.com\/fr\/wp-json\/wp\/v2\/product_designer?post=5894489"},{"taxonomy":"comfabric","embeddable":true,"href":"https:\/\/theinvisiblecollection.com\/fr\/wp-json\/wp\/v2\/comfabric?post=5894489"},{"taxonomy":"manufacturer","embeddable":true,"href":"https:\/\/theinvisiblecollection.com\/fr\/wp-json\/wp\/v2\/manufacturer?post=5894489"},{"taxonomy":"reporting_designer","embeddable":true,"href":"https:\/\/theinvisiblecollection.com\/fr\/wp-json\/wp\/v2\/reporting_designer?post=5894489"},{"taxonomy":"samplecomfabric","embeddable":true,"href":"https:\/\/theinvisiblecollection.com\/fr\/wp-json\/wp\/v2\/samplecomfabric?post=5894489"},{"taxonomy":"clubroom_product_designer","embeddable":true,"href":"https:\/\/theinvisiblecollection.com\/fr\/wp-json\/wp\/v2\/designer_clubroom?post=5894489"}],"curies":[{"name":"wp","href":"https:\/\/api.w.org\/{rel}","templated":true}]}}