{"id":5894905,"date":"2026-02-25T11:33:01","date_gmt":"2026-02-25T11:33:01","guid":{"rendered":"https:\/\/theinvisiblecollection.com\/?post_type=product&#038;p=5894905"},"modified":"2026-05-01T07:37:02","modified_gmt":"2026-05-01T07:37:02","slug":"leo-sentou-fauteuil-jacob","status":"publish","type":"product","link":"https:\/\/theinvisiblecollection.com\/fr\/produit\/leo-sentou-fauteuil-jacob\/","title":{"rendered":"Fauteuil Jacob"},"content":{"rendered":"<p style=\"text-align: justify;\">Inspir\u00e9 d\u2019un \u00ab fauteuil \u00e0 la reine \u00bb r\u00e9alis\u00e9 par Henri Jacob (re\u00e7u ma\u00eetre en 1779), le fauteuil Jacob de L\u00e9o Sentou r\u00e9interpr\u00e8te le dossier carr\u00e9 embl\u00e9matique du mobilier de la fin du XVIII\u1d49 si\u00e8cle d\u2019une mani\u00e8re nouvelle et contemporaine. Enti\u00e8rement tapiss\u00e9, il repose sur des pieds sculpturaux qui jouent sur l\u2019interaction entre lignes droites et courbes.<\/p>\n","protected":false},"excerpt":{"rendered":"<p>Fauteuil tapiss\u00e9 ici en tissu Pierre Frey Teddy Mohair, couleur sable<br \/>\n<a href=\"https:\/\/theinvisiblecollection.com\/wp-content\/uploads\/2022\/12\/TheInvisibleCollection_Leo_Sentou_Fabric_Selection_Teddy_Mohair.pdf\" target=\"_blank\" rel=\"noopener\"><span style=\"text-decoration: underline;\">D\u00e9couvrez la s\u00e9lection de tissus ici<\/span><\/a><br \/>\n\u00c9galement disponible en blanc sans tissu<br \/>\nPi\u00e8tement en laiton patin\u00e9 goug\u00e9, finition bronze<br \/>\n\u00c9galement disponible en ch\u00eane goug\u00e9<br \/>\nTissus et finitions sur-mesure sur demande<\/p>\n<p>L 81.5 x P 80 x H 78 cm<br \/>\nHauteur d&#8217;assise : 38 cm<br \/>\nTissu requis: 5 m<\/p>\n<p>Fabriqu\u00e9 \u00e0 la main en Europe<br \/>\nD\u00e9lais de fabrication : 12 semaines<\/p>\n<p><span style=\"text-decoration: underline;\"><a href=\"https:\/\/www.theinvisiblecollection.com\/fr\/demande-de-devis\/?product_id=1390411\" target=\"_blank\" rel=\"noopener\">Contactez-nous pour toute demande de devis ou de renseignements<\/a><\/span><\/p>\n","protected":false},"featured_media":5900079,"template":"","meta":{"_acf_changed":false,"content-type":"","_themeisle_gutenberg_block_has_review":false},"product_brand":[],"product_cat":[8945,12499],"product_tag":[31477,35206],"product_designer":[19809],"comfabric":[],"manufacturer":[34951],"reporting_designer":[37422],"samplecomfabric":[],"designer_clubroom":[],"class_list":{"0":"post-5894905","1":"product","2":"type-product","3":"status-publish","4":"has-post-thumbnail","6":"product_cat-fauteuils","7":"product_cat-assises","8":"product_tag-st-curvy-fr","9":"product_tag-exclusive-fr","10":"product_designer-leo-sentou-fr","11":"manufacturer-a-d-sourcing-pickup-leo-sentou-fr","12":"reporting_designer-leo-sentou-fr","13":"exhibitions-londres-fr","15":"first","16":"instock","17":"taxable","18":"shipping-taxable","19":"purchasable","20":"product-type-variable"},"acf":[],"_links":{"self":[{"href":"https:\/\/theinvisiblecollection.com\/fr\/wp-json\/wp\/v2\/product\/5894905","targetHints":{"allow":["GET"]}}],"collection":[{"href":"https:\/\/theinvisiblecollection.com\/fr\/wp-json\/wp\/v2\/product"}],"about":[{"href":"https:\/\/theinvisiblecollection.com\/fr\/wp-json\/wp\/v2\/types\/product"}],"wp:featuredmedia":[{"embeddable":true,"href":"https:\/\/theinvisiblecollection.com\/fr\/wp-json\/wp\/v2\/media\/5900079"}],"wp:attachment":[{"href":"https:\/\/theinvisiblecollection.com\/fr\/wp-json\/wp\/v2\/media?parent=5894905"}],"wp:term":[{"taxonomy":"product_brand","embeddable":true,"href":"https:\/\/theinvisiblecollection.com\/fr\/wp-json\/wp\/v2\/product_brand?post=5894905"},{"taxonomy":"product_cat","embeddable":true,"href":"https:\/\/theinvisiblecollection.com\/fr\/wp-json\/wp\/v2\/product_cat?post=5894905"},{"taxonomy":"product_tag","embeddable":true,"href":"https:\/\/theinvisiblecollection.com\/fr\/wp-json\/wp\/v2\/product_tag?post=5894905"},{"taxonomy":"product_designer","embeddable":true,"href":"https:\/\/theinvisiblecollection.com\/fr\/wp-json\/wp\/v2\/product_designer?post=5894905"},{"taxonomy":"comfabric","embeddable":true,"href":"https:\/\/theinvisiblecollection.com\/fr\/wp-json\/wp\/v2\/comfabric?post=5894905"},{"taxonomy":"manufacturer","embeddable":true,"href":"https:\/\/theinvisiblecollection.com\/fr\/wp-json\/wp\/v2\/manufacturer?post=5894905"},{"taxonomy":"reporting_designer","embeddable":true,"href":"https:\/\/theinvisiblecollection.com\/fr\/wp-json\/wp\/v2\/reporting_designer?post=5894905"},{"taxonomy":"samplecomfabric","embeddable":true,"href":"https:\/\/theinvisiblecollection.com\/fr\/wp-json\/wp\/v2\/samplecomfabric?post=5894905"},{"taxonomy":"clubroom_product_designer","embeddable":true,"href":"https:\/\/theinvisiblecollection.com\/fr\/wp-json\/wp\/v2\/designer_clubroom?post=5894905"}],"curies":[{"name":"wp","href":"https:\/\/api.w.org\/{rel}","templated":true}]}}