{"id":5894982,"date":"2026-02-25T14:30:57","date_gmt":"2026-02-25T14:30:57","guid":{"rendered":"https:\/\/theinvisiblecollection.com\/?post_type=product&#038;p=5894982"},"modified":"2026-05-01T07:37:02","modified_gmt":"2026-05-01T07:37:02","slug":"garce-dimofski-ottoman-monte","status":"publish","type":"product","link":"https:\/\/theinvisiblecollection.com\/fr\/produit\/garce-dimofski-ottoman-monte\/","title":{"rendered":"Ottoman Monte"},"content":{"rendered":"<p class=\"preFade fadeIn\" style=\"text-align: justify;\" data-rte-preserve-empty=\"true\">Le pouf Monte de Garc\u00e9 Dimofski se distingue par ses lignes arrondies, qui lui conf\u00e8rent une pr\u00e9sence douce et accueillante. Chaque d\u00e9tail a \u00e9t\u00e9 soigneusement \u00e9tudi\u00e9 pour garantir une \u00e9l\u00e9gance sous tous les angles. Le banc Monte incarne un m\u00e9lange harmonieux de courbes douces, d&#8217;\u00e9l\u00e9gance raffin\u00e9e et de d\u00e9tails bien pens\u00e9s.<\/p>\n","protected":false},"excerpt":{"rendered":"<p>Le pouf Monte de Garc\u00e9 Dimofski se distingue par ses lignes arrondies, qui lui conf\u00e8rent une pr\u00e9sence douce et accueillante. Chaque d\u00e9tail a \u00e9t\u00e9 soigneusement \u00e9tudi\u00e9 pour garantir une \u00e9l\u00e9gance sous tous les angles. Le banc Monte incarne un m\u00e9lange harmonieux de courbes douces, d&#8217;\u00e9l\u00e9gance raffin\u00e9e et de d\u00e9tails bien pens\u00e9s.<\/p>\n","protected":false},"featured_media":5895002,"template":"","meta":{"_acf_changed":false,"content-type":"","_themeisle_gutenberg_block_has_review":false},"product_brand":[],"product_cat":[8966,12507],"product_tag":[9644,31477],"product_designer":[15857],"comfabric":[],"manufacturer":[22038],"reporting_designer":[37464],"samplecomfabric":[],"designer_clubroom":[],"class_list":{"0":"post-5894982","1":"product","2":"type-product","3":"status-publish","4":"has-post-thumbnail","6":"product_cat-lampes-sur-pied","7":"product_cat-luminaires","8":"product_tag-necessaires","9":"product_tag-st-curvy-fr","10":"product_designer-garce-dimofski-fr","11":"manufacturer-garc-dimofski-atelier-so-pedro-da-cova-fr","12":"reporting_designer-garce-dimofski-fr","14":"first","15":"instock","16":"taxable","17":"shipping-taxable","18":"product-type-variable"},"acf":[],"_links":{"self":[{"href":"https:\/\/theinvisiblecollection.com\/fr\/wp-json\/wp\/v2\/product\/5894982","targetHints":{"allow":["GET"]}}],"collection":[{"href":"https:\/\/theinvisiblecollection.com\/fr\/wp-json\/wp\/v2\/product"}],"about":[{"href":"https:\/\/theinvisiblecollection.com\/fr\/wp-json\/wp\/v2\/types\/product"}],"wp:featuredmedia":[{"embeddable":true,"href":"https:\/\/theinvisiblecollection.com\/fr\/wp-json\/wp\/v2\/media\/5895002"}],"wp:attachment":[{"href":"https:\/\/theinvisiblecollection.com\/fr\/wp-json\/wp\/v2\/media?parent=5894982"}],"wp:term":[{"taxonomy":"product_brand","embeddable":true,"href":"https:\/\/theinvisiblecollection.com\/fr\/wp-json\/wp\/v2\/product_brand?post=5894982"},{"taxonomy":"product_cat","embeddable":true,"href":"https:\/\/theinvisiblecollection.com\/fr\/wp-json\/wp\/v2\/product_cat?post=5894982"},{"taxonomy":"product_tag","embeddable":true,"href":"https:\/\/theinvisiblecollection.com\/fr\/wp-json\/wp\/v2\/product_tag?post=5894982"},{"taxonomy":"product_designer","embeddable":true,"href":"https:\/\/theinvisiblecollection.com\/fr\/wp-json\/wp\/v2\/product_designer?post=5894982"},{"taxonomy":"comfabric","embeddable":true,"href":"https:\/\/theinvisiblecollection.com\/fr\/wp-json\/wp\/v2\/comfabric?post=5894982"},{"taxonomy":"manufacturer","embeddable":true,"href":"https:\/\/theinvisiblecollection.com\/fr\/wp-json\/wp\/v2\/manufacturer?post=5894982"},{"taxonomy":"reporting_designer","embeddable":true,"href":"https:\/\/theinvisiblecollection.com\/fr\/wp-json\/wp\/v2\/reporting_designer?post=5894982"},{"taxonomy":"samplecomfabric","embeddable":true,"href":"https:\/\/theinvisiblecollection.com\/fr\/wp-json\/wp\/v2\/samplecomfabric?post=5894982"},{"taxonomy":"clubroom_product_designer","embeddable":true,"href":"https:\/\/theinvisiblecollection.com\/fr\/wp-json\/wp\/v2\/designer_clubroom?post=5894982"}],"curies":[{"name":"wp","href":"https:\/\/api.w.org\/{rel}","templated":true}]}}