{"id":5895752,"date":"2026-03-06T21:27:19","date_gmt":"2026-03-06T21:27:19","guid":{"rendered":"https:\/\/theinvisiblecollection.com\/?post_type=product&#038;p=5895752"},"modified":"2026-05-08T04:38:22","modified_gmt":"2026-05-08T04:38:22","slug":"duvelleroy-eventail-mouchoir-gold-sable","status":"publish","type":"product","link":"https:\/\/theinvisiblecollection.com\/fr\/produit\/duvelleroy-eventail-mouchoir-gold-sable\/","title":{"rendered":"\u00c9ventail Mouchoir Gold Sable"},"content":{"rendered":"<p style=\"text-align: justify;\"><span style=\"text-align: justify;\">Fond\u00e9e \u00e0 Paris en 1827, la maison Duvelleroy a \u00e9t\u00e9 raviv\u00e9e pour cr\u00e9er de v\u00e9ritables objets de curiosit\u00e9. L&#8217;inspiration tribale de cet \u00e9ventail se traduit par une disposition graphique des plumes de cygne, m\u00e9lang\u00e9es \u00e0 une soie bleu turquoise et un motif l\u00e9opard galalithe sur le cadre. Cet \u00e9ventail reprend une forme classique du r\u00e9pertoire des \u00e9ventaillistes parisiens des ann\u00e9es 1900 : la forme \u00ab Mouchoir \u00bb. En termes de d\u00e9cor, ce mod\u00e8le est une interpr\u00e9tation contemporaine des mod\u00e8les rebrod\u00e9s de sequins qui faisaient fureur au XIX\u00e8me si\u00e8cle. C\u2019est \u00e0 cette \u00e9poque que les grands acteurs fran\u00e7ais de l\u2019\u00e9ventail, la maison originelle Duvelleroy en t\u00eate, am\u00e9liorent le moule \u00e0 plisser pour pouvoir r\u00e9aliser des \u00e9ventails \u00e0 partir de tissus brod\u00e9s et ennoblis. Pour ce mod\u00e8le, l&#8217;\u00e9ventailliste, r\u00e9alise une peinture unique sur la feuille de soie appr\u00eat\u00e9e. Il la plisse ensuite et la fixe brin par brin \u00e0 la monture en \u00e9b\u00e8ne.<\/span><\/p>\n","protected":false},"excerpt":{"rendered":"<p>Duvelleroy<\/p>\n<p>Soie et plumes de cygne<br \/>\nMonture en galalithe<br \/>\nDisponible en bleu, rouge ou or<\/p>\n<p>L 40 x H 20 cm<\/p>\n<p>Fabriqu\u00e9 \u00e0 la main en France<br \/>\nD\u00e9lai de production : 3 semaines minimum<\/p>\n<p class=\"p1\"><span class=\"s1\"><a href=\"https:\/\/www.theinvisiblecollection.com\/fr\/contact-produit\/?product_id=37550\">Contactez-nous pour toute demande de devis ou de renseignements<\/a><\/span><\/p>\n","protected":false},"featured_media":5895778,"template":"","meta":{"_acf_changed":false,"content-type":"","_themeisle_gutenberg_block_has_review":false},"product_brand":[],"product_cat":[7517,12531],"product_tag":[9157,11664,11665,11666],"product_designer":[8906],"comfabric":[],"manufacturer":[16670],"reporting_designer":[37522],"samplecomfabric":[],"designer_clubroom":[],"class_list":{"0":"post-5895752","1":"product","2":"type-product","3":"status-publish","4":"has-post-thumbnail","6":"product_cat-deco-fr","7":"product_cat-objets-de-decoration","8":"product_tag-soie","9":"product_tag-duvelleroy-fr","10":"product_tag-hand-fan-fr","11":"product_tag-mayaro-fr-fr","12":"pa_color-bleu-fr","13":"pa_color-rouge-fr","14":"product_designer-duvelleroy-fr","15":"manufacturer-duvelleroy-fr","16":"reporting_designer-duvelleroy","18":"first","19":"instock","20":"taxable","21":"shipping-taxable","22":"purchasable","23":"product-type-simple"},"acf":[],"_links":{"self":[{"href":"https:\/\/theinvisiblecollection.com\/fr\/wp-json\/wp\/v2\/product\/5895752","targetHints":{"allow":["GET"]}}],"collection":[{"href":"https:\/\/theinvisiblecollection.com\/fr\/wp-json\/wp\/v2\/product"}],"about":[{"href":"https:\/\/theinvisiblecollection.com\/fr\/wp-json\/wp\/v2\/types\/product"}],"wp:featuredmedia":[{"embeddable":true,"href":"https:\/\/theinvisiblecollection.com\/fr\/wp-json\/wp\/v2\/media\/5895778"}],"wp:attachment":[{"href":"https:\/\/theinvisiblecollection.com\/fr\/wp-json\/wp\/v2\/media?parent=5895752"}],"wp:term":[{"taxonomy":"product_brand","embeddable":true,"href":"https:\/\/theinvisiblecollection.com\/fr\/wp-json\/wp\/v2\/product_brand?post=5895752"},{"taxonomy":"product_cat","embeddable":true,"href":"https:\/\/theinvisiblecollection.com\/fr\/wp-json\/wp\/v2\/product_cat?post=5895752"},{"taxonomy":"product_tag","embeddable":true,"href":"https:\/\/theinvisiblecollection.com\/fr\/wp-json\/wp\/v2\/product_tag?post=5895752"},{"taxonomy":"product_designer","embeddable":true,"href":"https:\/\/theinvisiblecollection.com\/fr\/wp-json\/wp\/v2\/product_designer?post=5895752"},{"taxonomy":"comfabric","embeddable":true,"href":"https:\/\/theinvisiblecollection.com\/fr\/wp-json\/wp\/v2\/comfabric?post=5895752"},{"taxonomy":"manufacturer","embeddable":true,"href":"https:\/\/theinvisiblecollection.com\/fr\/wp-json\/wp\/v2\/manufacturer?post=5895752"},{"taxonomy":"reporting_designer","embeddable":true,"href":"https:\/\/theinvisiblecollection.com\/fr\/wp-json\/wp\/v2\/reporting_designer?post=5895752"},{"taxonomy":"samplecomfabric","embeddable":true,"href":"https:\/\/theinvisiblecollection.com\/fr\/wp-json\/wp\/v2\/samplecomfabric?post=5895752"},{"taxonomy":"clubroom_product_designer","embeddable":true,"href":"https:\/\/theinvisiblecollection.com\/fr\/wp-json\/wp\/v2\/designer_clubroom?post=5895752"}],"curies":[{"name":"wp","href":"https:\/\/api.w.org\/{rel}","templated":true}]}}