{"id":5895764,"date":"2026-03-06T21:48:32","date_gmt":"2026-03-06T21:48:32","guid":{"rendered":"https:\/\/theinvisiblecollection.com\/?post_type=product&#038;p=5895764"},"modified":"2026-05-01T07:37:02","modified_gmt":"2026-05-01T07:37:02","slug":"duvelleroy-eventail-gold-soleil-prune","status":"publish","type":"product","link":"https:\/\/theinvisiblecollection.com\/fr\/produit\/duvelleroy-eventail-gold-soleil-prune\/","title":{"rendered":"\u00c9ventail Gold Soleil Prune"},"content":{"rendered":"<p style=\"text-align: justify;\">Au cours du XIX\u00e8me si\u00e8cle les grands acteurs fran\u00e7ais de l\u2019\u00e9ventail, la maison originelle Duvelleroy en t\u00eate, am\u00e9liorent le moule \u00e0 plisser pour pouvoir r\u00e9aliser des \u00e9ventails \u00e0 partir de tissus brod\u00e9s et ennoblis. Ce mod\u00e8le est une version contemporaine des mod\u00e8les paillet\u00e9s qui brillaient de mille feux, \u00e9pur\u00e9, sensible au geste. Pour ce mod\u00e8le, le ma\u00eetre \u00e9ventailliste r\u00e9alise une peinture unique sur chaque feuille de soie anthracite.<\/p>\n<div class=\"additional-information-item\" style=\"text-align: justify;\"><\/div>\n","protected":false},"excerpt":{"rendered":"<p>Duvelleroy<\/p>\n<p>Soie et plumes de cygne<br \/>\nMonture en galalithe<br \/>\nDisponible en bleu, rouge ou or<\/p>\n<p>L 40 x H 20 cm<\/p>\n<p>Fabriqu\u00e9 \u00e0 la main en France<br \/>\nD\u00e9lai de production : 3 semaines minimum<\/p>\n<p class=\"p1\"><span class=\"s1\"><a href=\"https:\/\/www.theinvisiblecollection.com\/fr\/contact-produit\/?product_id=37550\">Contactez-nous pour toute demande de devis ou de renseignements<\/a><\/span><\/p>\n","protected":false},"featured_media":5895774,"template":"","meta":{"_acf_changed":false,"content-type":"","_themeisle_gutenberg_block_has_review":false},"product_brand":[],"product_cat":[7517,12531],"product_tag":[9157,11664,11665,11666],"product_designer":[8906],"comfabric":[],"manufacturer":[16670],"reporting_designer":[37522],"samplecomfabric":[],"designer_clubroom":[],"class_list":{"0":"post-5895764","1":"product","2":"type-product","3":"status-publish","4":"has-post-thumbnail","6":"product_cat-deco-fr","7":"product_cat-objets-de-decoration","8":"product_tag-soie","9":"product_tag-duvelleroy-fr","10":"product_tag-hand-fan-fr","11":"product_tag-mayaro-fr-fr","12":"pa_color-bleu-fr","13":"pa_color-rouge-fr","14":"product_designer-duvelleroy-fr","15":"manufacturer-duvelleroy-fr","16":"reporting_designer-duvelleroy","18":"first","19":"instock","20":"taxable","21":"shipping-taxable","22":"purchasable","23":"product-type-simple"},"acf":[],"_links":{"self":[{"href":"https:\/\/theinvisiblecollection.com\/fr\/wp-json\/wp\/v2\/product\/5895764","targetHints":{"allow":["GET"]}}],"collection":[{"href":"https:\/\/theinvisiblecollection.com\/fr\/wp-json\/wp\/v2\/product"}],"about":[{"href":"https:\/\/theinvisiblecollection.com\/fr\/wp-json\/wp\/v2\/types\/product"}],"wp:featuredmedia":[{"embeddable":true,"href":"https:\/\/theinvisiblecollection.com\/fr\/wp-json\/wp\/v2\/media\/5895774"}],"wp:attachment":[{"href":"https:\/\/theinvisiblecollection.com\/fr\/wp-json\/wp\/v2\/media?parent=5895764"}],"wp:term":[{"taxonomy":"product_brand","embeddable":true,"href":"https:\/\/theinvisiblecollection.com\/fr\/wp-json\/wp\/v2\/product_brand?post=5895764"},{"taxonomy":"product_cat","embeddable":true,"href":"https:\/\/theinvisiblecollection.com\/fr\/wp-json\/wp\/v2\/product_cat?post=5895764"},{"taxonomy":"product_tag","embeddable":true,"href":"https:\/\/theinvisiblecollection.com\/fr\/wp-json\/wp\/v2\/product_tag?post=5895764"},{"taxonomy":"product_designer","embeddable":true,"href":"https:\/\/theinvisiblecollection.com\/fr\/wp-json\/wp\/v2\/product_designer?post=5895764"},{"taxonomy":"comfabric","embeddable":true,"href":"https:\/\/theinvisiblecollection.com\/fr\/wp-json\/wp\/v2\/comfabric?post=5895764"},{"taxonomy":"manufacturer","embeddable":true,"href":"https:\/\/theinvisiblecollection.com\/fr\/wp-json\/wp\/v2\/manufacturer?post=5895764"},{"taxonomy":"reporting_designer","embeddable":true,"href":"https:\/\/theinvisiblecollection.com\/fr\/wp-json\/wp\/v2\/reporting_designer?post=5895764"},{"taxonomy":"samplecomfabric","embeddable":true,"href":"https:\/\/theinvisiblecollection.com\/fr\/wp-json\/wp\/v2\/samplecomfabric?post=5895764"},{"taxonomy":"clubroom_product_designer","embeddable":true,"href":"https:\/\/theinvisiblecollection.com\/fr\/wp-json\/wp\/v2\/designer_clubroom?post=5895764"}],"curies":[{"name":"wp","href":"https:\/\/api.w.org\/{rel}","templated":true}]}}