{"id":5895902,"date":"2026-03-29T11:45:33","date_gmt":"2026-03-29T11:45:33","guid":{"rendered":"https:\/\/theinvisiblecollection.com\/?post_type=product&#038;p=5895902"},"modified":"2026-05-01T07:37:02","modified_gmt":"2026-05-01T07:37:02","slug":"fleur-delesalle-console-heather","status":"publish","type":"product","link":"https:\/\/theinvisiblecollection.com\/fr\/produit\/fleur-delesalle-console-heather\/","title":{"rendered":"Console Heather"},"content":{"rendered":"<p>Une expression d\u00e9licate d\u2019\u00e9l\u00e9gance : la console Heather de Fleur de le Salle, sculpt\u00e9e avec gr\u00e2ce dans le travertin, o\u00f9 la texture naturelle se fond en une forme raffin\u00e9e, disponible en deux dimensions.<\/p>\n","protected":false},"excerpt":{"rendered":"<p>Une expression d\u00e9licate d\u2019\u00e9l\u00e9gance : la console Heather de Fleur de le Salle, sculpt\u00e9e avec gr\u00e2ce dans le travertin, o\u00f9 la texture naturelle se fond en une forme raffin\u00e9e, disponible en deux dimensions.<\/p>\n","protected":false},"featured_media":5895901,"template":"","meta":{"_acf_changed":false,"content-type":"","_themeisle_gutenberg_block_has_review":false},"product_brand":[],"product_cat":[7675,12503],"product_tag":[6306,9670,9806,31474],"product_designer":[21318],"comfabric":[],"manufacturer":[26712],"reporting_designer":[37482],"samplecomfabric":[],"designer_clubroom":[],"class_list":{"0":"post-5895902","1":"product","2":"type-product","3":"status-publish","4":"has-post-thumbnail","6":"product_cat-consoles-fr","7":"product_cat-tables-fr","8":"product_tag-couloir-fr","9":"product_tag-console-fr-fr","10":"product_tag-travertin","11":"product_tag-co-white-fr","12":"pa_size-grand-fr","13":"pa_size-petit","14":"product_designer-fleur-delesalle-fr","15":"manufacturer-laurent-transport-fr","16":"reporting_designer-fleur-delesalle","18":"first","19":"instock","20":"taxable","21":"shipping-taxable","22":"purchasable","23":"product-type-variable"},"acf":[],"_links":{"self":[{"href":"https:\/\/theinvisiblecollection.com\/fr\/wp-json\/wp\/v2\/product\/5895902","targetHints":{"allow":["GET"]}}],"collection":[{"href":"https:\/\/theinvisiblecollection.com\/fr\/wp-json\/wp\/v2\/product"}],"about":[{"href":"https:\/\/theinvisiblecollection.com\/fr\/wp-json\/wp\/v2\/types\/product"}],"wp:featuredmedia":[{"embeddable":true,"href":"https:\/\/theinvisiblecollection.com\/fr\/wp-json\/wp\/v2\/media\/5895901"}],"wp:attachment":[{"href":"https:\/\/theinvisiblecollection.com\/fr\/wp-json\/wp\/v2\/media?parent=5895902"}],"wp:term":[{"taxonomy":"product_brand","embeddable":true,"href":"https:\/\/theinvisiblecollection.com\/fr\/wp-json\/wp\/v2\/product_brand?post=5895902"},{"taxonomy":"product_cat","embeddable":true,"href":"https:\/\/theinvisiblecollection.com\/fr\/wp-json\/wp\/v2\/product_cat?post=5895902"},{"taxonomy":"product_tag","embeddable":true,"href":"https:\/\/theinvisiblecollection.com\/fr\/wp-json\/wp\/v2\/product_tag?post=5895902"},{"taxonomy":"product_designer","embeddable":true,"href":"https:\/\/theinvisiblecollection.com\/fr\/wp-json\/wp\/v2\/product_designer?post=5895902"},{"taxonomy":"comfabric","embeddable":true,"href":"https:\/\/theinvisiblecollection.com\/fr\/wp-json\/wp\/v2\/comfabric?post=5895902"},{"taxonomy":"manufacturer","embeddable":true,"href":"https:\/\/theinvisiblecollection.com\/fr\/wp-json\/wp\/v2\/manufacturer?post=5895902"},{"taxonomy":"reporting_designer","embeddable":true,"href":"https:\/\/theinvisiblecollection.com\/fr\/wp-json\/wp\/v2\/reporting_designer?post=5895902"},{"taxonomy":"samplecomfabric","embeddable":true,"href":"https:\/\/theinvisiblecollection.com\/fr\/wp-json\/wp\/v2\/samplecomfabric?post=5895902"},{"taxonomy":"clubroom_product_designer","embeddable":true,"href":"https:\/\/theinvisiblecollection.com\/fr\/wp-json\/wp\/v2\/designer_clubroom?post=5895902"}],"curies":[{"name":"wp","href":"https:\/\/api.w.org\/{rel}","templated":true}]}}