{"id":5896347,"date":"2026-03-12T09:28:37","date_gmt":"2026-03-12T09:28:37","guid":{"rendered":"https:\/\/theinvisiblecollection.com\/?post_type=product&#038;p=5896347"},"modified":"2026-05-01T07:37:02","modified_gmt":"2026-05-01T07:37:02","slug":"pietro-franceschini-tabouret-lv","status":"publish","type":"product","link":"https:\/\/theinvisiblecollection.com\/fr\/produit\/pietro-franceschini-tabouret-lv\/","title":{"rendered":"Tabouret LV"},"content":{"rendered":"<p style=\"text-align: justify;\">L\u2019\u00e9dition LV se compose d\u2019une chaise et d\u2019un tabouret con\u00e7us par Pietro Franceschini pour son loft priv\u00e9, Vin Milan. La g\u00e9om\u00e9trie est nette et minimaliste, r\u00e9alis\u00e9e \u00e0 partir de simples d\u00e9coupes et soudures de panneaux d\u2019aluminium. Le coussin en cuir apporte du confort tout en renfor\u00e7ant le caract\u00e8re brutaliste de la pi\u00e8ce.<\/p>\n","protected":false},"excerpt":{"rendered":"<p>L\u2019\u00e9dition LV se compose d\u2019une chaise et d\u2019un tabouret con\u00e7us par Pietro Franceschini pour son loft priv\u00e9, Vin Milan. La g\u00e9om\u00e9trie est nette et minimaliste, r\u00e9alis\u00e9e \u00e0 partir de simples d\u00e9coupes et soudures de panneaux d\u2019aluminium. Le coussin en cuir apporte du confort tout en renfor\u00e7ant le caract\u00e8re brutaliste de la pi\u00e8ce.<\/p>\n","protected":false},"featured_media":5896357,"template":"","meta":{"_acf_changed":false,"content-type":"","_themeisle_gutenberg_block_has_review":false},"product_brand":[],"product_cat":[8969,12499],"product_tag":[],"product_designer":[15447],"comfabric":[],"manufacturer":[36922],"reporting_designer":[37832],"samplecomfabric":[],"designer_clubroom":[],"class_list":{"0":"post-5896347","1":"product","2":"type-product","3":"status-publish","4":"has-post-thumbnail","6":"product_cat-ottomans-tabourets","7":"product_cat-assises","8":"product_designer-pietro-franceschini-fr","9":"manufacturer-pietro-franceschini-cavaliere-atelier-fr","10":"reporting_designer-pietro-franceschini","12":"first","13":"instock","14":"taxable","15":"shipping-taxable","16":"purchasable","17":"product-type-simple"},"acf":[],"_links":{"self":[{"href":"https:\/\/theinvisiblecollection.com\/fr\/wp-json\/wp\/v2\/product\/5896347","targetHints":{"allow":["GET"]}}],"collection":[{"href":"https:\/\/theinvisiblecollection.com\/fr\/wp-json\/wp\/v2\/product"}],"about":[{"href":"https:\/\/theinvisiblecollection.com\/fr\/wp-json\/wp\/v2\/types\/product"}],"wp:featuredmedia":[{"embeddable":true,"href":"https:\/\/theinvisiblecollection.com\/fr\/wp-json\/wp\/v2\/media\/5896357"}],"wp:attachment":[{"href":"https:\/\/theinvisiblecollection.com\/fr\/wp-json\/wp\/v2\/media?parent=5896347"}],"wp:term":[{"taxonomy":"product_brand","embeddable":true,"href":"https:\/\/theinvisiblecollection.com\/fr\/wp-json\/wp\/v2\/product_brand?post=5896347"},{"taxonomy":"product_cat","embeddable":true,"href":"https:\/\/theinvisiblecollection.com\/fr\/wp-json\/wp\/v2\/product_cat?post=5896347"},{"taxonomy":"product_tag","embeddable":true,"href":"https:\/\/theinvisiblecollection.com\/fr\/wp-json\/wp\/v2\/product_tag?post=5896347"},{"taxonomy":"product_designer","embeddable":true,"href":"https:\/\/theinvisiblecollection.com\/fr\/wp-json\/wp\/v2\/product_designer?post=5896347"},{"taxonomy":"comfabric","embeddable":true,"href":"https:\/\/theinvisiblecollection.com\/fr\/wp-json\/wp\/v2\/comfabric?post=5896347"},{"taxonomy":"manufacturer","embeddable":true,"href":"https:\/\/theinvisiblecollection.com\/fr\/wp-json\/wp\/v2\/manufacturer?post=5896347"},{"taxonomy":"reporting_designer","embeddable":true,"href":"https:\/\/theinvisiblecollection.com\/fr\/wp-json\/wp\/v2\/reporting_designer?post=5896347"},{"taxonomy":"samplecomfabric","embeddable":true,"href":"https:\/\/theinvisiblecollection.com\/fr\/wp-json\/wp\/v2\/samplecomfabric?post=5896347"},{"taxonomy":"clubroom_product_designer","embeddable":true,"href":"https:\/\/theinvisiblecollection.com\/fr\/wp-json\/wp\/v2\/designer_clubroom?post=5896347"}],"curies":[{"name":"wp","href":"https:\/\/api.w.org\/{rel}","templated":true}]}}