{"id":5896876,"date":"2026-03-16T16:15:46","date_gmt":"2026-03-16T16:15:46","guid":{"rendered":"https:\/\/theinvisiblecollection.com\/?post_type=product&#038;p=5896876"},"modified":"2026-05-01T07:37:02","modified_gmt":"2026-05-01T07:37:02","slug":"leo-sentou-chaise-avisse","status":"publish","type":"product","link":"https:\/\/theinvisiblecollection.com\/fr\/produit\/leo-sentou-chaise-avisse\/","title":{"rendered":"Chaise Avisse"},"content":{"rendered":"<p style=\"text-align: justify;\">La chaise \u00e0 diner Avisse de Leo Sentou s\u2019inspire d\u2019une \u00ab chaise cann\u00e9e \u00bb cr\u00e9\u00e9e par Jean Avisse (1723\u20131796), r\u00e9interpr\u00e9t\u00e9e ici avec une assise plus d\u00e9contract\u00e9e pour les r\u00e9ceptions contemporaines. La simplicit\u00e9 de son si\u00e8ge trap\u00e9zo\u00efdal est \u00e9quilibr\u00e9e par un dossier en forme d\u2019\u00e9cusson, tous deux r\u00e9alis\u00e9s en jonc tress\u00e9, cr\u00e9ant un contraste naturel avec le cadre en ch\u00eane blanchi.<\/p>\n","protected":false},"excerpt":{"rendered":"<p>La chaise \u00e0 diner Avisse de Leo Sentou s\u2019inspire d\u2019une \u00ab chaise cann\u00e9e \u00bb cr\u00e9\u00e9e par Jean Avisse (1723\u20131796), r\u00e9interpr\u00e9t\u00e9e ici avec une assise plus d\u00e9contract\u00e9e pour les r\u00e9ceptions contemporaines. La simplicit\u00e9 de son si\u00e8ge trap\u00e9zo\u00efdal est \u00e9quilibr\u00e9e par un dossier en forme d\u2019\u00e9cusson, tous deux r\u00e9alis\u00e9s en jonc tress\u00e9, cr\u00e9ant un contraste naturel avec [&hellip;]<\/p>\n","protected":false},"featured_media":5896857,"template":"","meta":{"_acf_changed":false,"content-type":"","_themeisle_gutenberg_block_has_review":false},"product_brand":[],"product_cat":[8962,12499],"product_tag":[9017,10138,31476,35206,8942,8953],"product_designer":[19809],"comfabric":[],"manufacturer":[36404],"reporting_designer":[37422],"samplecomfabric":[],"designer_clubroom":[],"class_list":{"0":"post-5896876","1":"product","2":"type-product","3":"status-publish","4":"has-post-thumbnail","6":"product_cat-chaises","7":"product_cat-assises","8":"product_tag-chaise","9":"product_tag-chaise-fr-2","10":"product_tag-st-collectible-fr","11":"product_tag-exclusive-fr","12":"product_tag-assise","13":"product_tag-salle-a-manger","14":"pa_size-set-de-2-fr","15":"pa_size-set-de-4-fr","16":"pa_size-singulier","17":"product_designer-leo-sentou-fr","18":"manufacturer-leo-sentou-pick-up-ateliers-de-sobrosa-fr","19":"reporting_designer-leo-sentou","21":"first","22":"instock","23":"taxable","24":"shipping-taxable","25":"purchasable","26":"product-type-variable"},"acf":[],"_links":{"self":[{"href":"https:\/\/theinvisiblecollection.com\/fr\/wp-json\/wp\/v2\/product\/5896876","targetHints":{"allow":["GET"]}}],"collection":[{"href":"https:\/\/theinvisiblecollection.com\/fr\/wp-json\/wp\/v2\/product"}],"about":[{"href":"https:\/\/theinvisiblecollection.com\/fr\/wp-json\/wp\/v2\/types\/product"}],"wp:featuredmedia":[{"embeddable":true,"href":"https:\/\/theinvisiblecollection.com\/fr\/wp-json\/wp\/v2\/media\/5896857"}],"wp:attachment":[{"href":"https:\/\/theinvisiblecollection.com\/fr\/wp-json\/wp\/v2\/media?parent=5896876"}],"wp:term":[{"taxonomy":"product_brand","embeddable":true,"href":"https:\/\/theinvisiblecollection.com\/fr\/wp-json\/wp\/v2\/product_brand?post=5896876"},{"taxonomy":"product_cat","embeddable":true,"href":"https:\/\/theinvisiblecollection.com\/fr\/wp-json\/wp\/v2\/product_cat?post=5896876"},{"taxonomy":"product_tag","embeddable":true,"href":"https:\/\/theinvisiblecollection.com\/fr\/wp-json\/wp\/v2\/product_tag?post=5896876"},{"taxonomy":"product_designer","embeddable":true,"href":"https:\/\/theinvisiblecollection.com\/fr\/wp-json\/wp\/v2\/product_designer?post=5896876"},{"taxonomy":"comfabric","embeddable":true,"href":"https:\/\/theinvisiblecollection.com\/fr\/wp-json\/wp\/v2\/comfabric?post=5896876"},{"taxonomy":"manufacturer","embeddable":true,"href":"https:\/\/theinvisiblecollection.com\/fr\/wp-json\/wp\/v2\/manufacturer?post=5896876"},{"taxonomy":"reporting_designer","embeddable":true,"href":"https:\/\/theinvisiblecollection.com\/fr\/wp-json\/wp\/v2\/reporting_designer?post=5896876"},{"taxonomy":"samplecomfabric","embeddable":true,"href":"https:\/\/theinvisiblecollection.com\/fr\/wp-json\/wp\/v2\/samplecomfabric?post=5896876"},{"taxonomy":"clubroom_product_designer","embeddable":true,"href":"https:\/\/theinvisiblecollection.com\/fr\/wp-json\/wp\/v2\/designer_clubroom?post=5896876"}],"curies":[{"name":"wp","href":"https:\/\/api.w.org\/{rel}","templated":true}]}}