{"id":5897030,"date":"2026-04-21T09:01:19","date_gmt":"2026-04-21T09:01:19","guid":{"rendered":"https:\/\/theinvisiblecollection.com\/?post_type=product&#038;p=5897030"},"modified":"2026-05-01T07:37:02","modified_gmt":"2026-05-01T07:37:02","slug":"farniente-applique-camarat","status":"publish","type":"product","link":"https:\/\/theinvisiblecollection.com\/fr\/produit\/farniente-applique-camarat\/","title":{"rendered":"Applique Camarat"},"content":{"rendered":"<p style=\"text-align: justify;\">L\u2019applique Camarat par Farniente est faite de gr\u00e8s lisse beige et declinable en gr\u00e8s lisse noir. La Camarat offre une large ouverture cr\u00e9ant un faisceau de lumi\u00e8re intense et indirect. Son design minimaliste et ses lignes \u00e9pur\u00e9es lui permettent de s&#8217;int\u00e9grer harmonieusement dans une grande vari\u00e9t\u00e9 d\u2019int\u00e9rieurs, qu\u2019ils soient modernes, contemporains ou plus classiques, s\u2019adaptant ainsi \u00e0 tous les styles de d\u00e9coration.<\/p>\n","protected":false},"excerpt":{"rendered":"<p>L\u2019applique Camarat par Farniente est faite de gr\u00e8s lisse beige et declinable en gr\u00e8s lisse noir. La Camarat offre une large ouverture cr\u00e9ant un faisceau de lumi\u00e8re intense et indirect. Son design minimaliste et ses lignes \u00e9pur\u00e9es lui permettent de s&#8217;int\u00e9grer harmonieusement dans une grande vari\u00e9t\u00e9 d\u2019int\u00e9rieurs, qu\u2019ils soient modernes, contemporains ou plus classiques, s\u2019adaptant [&hellip;]<\/p>\n","protected":false},"featured_media":5902651,"template":"","meta":{"_acf_changed":false,"content-type":"","_themeisle_gutenberg_block_has_review":false},"product_brand":[],"product_cat":[8975,12507],"product_tag":[9200,10140,31475,35206],"product_designer":[36983],"comfabric":[],"manufacturer":[36977],"reporting_designer":[37704],"samplecomfabric":[],"designer_clubroom":[],"class_list":{"0":"post-5897030","1":"product","2":"type-product","3":"status-publish","4":"has-post-thumbnail","6":"product_cat-appliques-murales","7":"product_cat-luminaires","8":"product_tag-luminaire-fr-2","9":"product_tag-mobilier-exterieur-fr","10":"product_tag-st-ceramic-fr","11":"product_tag-exclusive-fr","12":"product_designer-farniente-fr","13":"manufacturer-farniente-pick-up-portugal-amande-haeghen-fr","14":"reporting_designer-amande-haeghen","16":"first","17":"instock","18":"taxable","19":"shipping-taxable","20":"purchasable","21":"product-type-variable"},"acf":[],"_links":{"self":[{"href":"https:\/\/theinvisiblecollection.com\/fr\/wp-json\/wp\/v2\/product\/5897030","targetHints":{"allow":["GET"]}}],"collection":[{"href":"https:\/\/theinvisiblecollection.com\/fr\/wp-json\/wp\/v2\/product"}],"about":[{"href":"https:\/\/theinvisiblecollection.com\/fr\/wp-json\/wp\/v2\/types\/product"}],"wp:featuredmedia":[{"embeddable":true,"href":"https:\/\/theinvisiblecollection.com\/fr\/wp-json\/wp\/v2\/media\/5902651"}],"wp:attachment":[{"href":"https:\/\/theinvisiblecollection.com\/fr\/wp-json\/wp\/v2\/media?parent=5897030"}],"wp:term":[{"taxonomy":"product_brand","embeddable":true,"href":"https:\/\/theinvisiblecollection.com\/fr\/wp-json\/wp\/v2\/product_brand?post=5897030"},{"taxonomy":"product_cat","embeddable":true,"href":"https:\/\/theinvisiblecollection.com\/fr\/wp-json\/wp\/v2\/product_cat?post=5897030"},{"taxonomy":"product_tag","embeddable":true,"href":"https:\/\/theinvisiblecollection.com\/fr\/wp-json\/wp\/v2\/product_tag?post=5897030"},{"taxonomy":"product_designer","embeddable":true,"href":"https:\/\/theinvisiblecollection.com\/fr\/wp-json\/wp\/v2\/product_designer?post=5897030"},{"taxonomy":"comfabric","embeddable":true,"href":"https:\/\/theinvisiblecollection.com\/fr\/wp-json\/wp\/v2\/comfabric?post=5897030"},{"taxonomy":"manufacturer","embeddable":true,"href":"https:\/\/theinvisiblecollection.com\/fr\/wp-json\/wp\/v2\/manufacturer?post=5897030"},{"taxonomy":"reporting_designer","embeddable":true,"href":"https:\/\/theinvisiblecollection.com\/fr\/wp-json\/wp\/v2\/reporting_designer?post=5897030"},{"taxonomy":"samplecomfabric","embeddable":true,"href":"https:\/\/theinvisiblecollection.com\/fr\/wp-json\/wp\/v2\/samplecomfabric?post=5897030"},{"taxonomy":"clubroom_product_designer","embeddable":true,"href":"https:\/\/theinvisiblecollection.com\/fr\/wp-json\/wp\/v2\/designer_clubroom?post=5897030"}],"curies":[{"name":"wp","href":"https:\/\/api.w.org\/{rel}","templated":true}]}}