{"id":5897107,"date":"2026-03-18T09:20:37","date_gmt":"2026-03-18T09:20:37","guid":{"rendered":"https:\/\/theinvisiblecollection.com\/?post_type=product&#038;p=5897107"},"modified":"2026-05-01T07:37:02","modified_gmt":"2026-05-01T07:37:02","slug":"nordic-knots-tapis-climbing-vine-issimo","status":"publish","type":"product","link":"https:\/\/theinvisiblecollection.com\/fr\/produit\/nordic-knots-tapis-climbing-vine-issimo\/","title":{"rendered":"Tapis Climbing Vine Issimo"},"content":{"rendered":"<p><span class=\"NormalTextRun SCXW236059686 BCX8\">Con\u00e7u par Campbell-Rey avec une sensibilit\u00e9 color\u00e9e et influenc\u00e9e par l&#8217;Art D\u00e9co et les motifs floraux du style gustavien, le n\u00e9oclassicisme du Nord. Le style gustavien, version su\u00e9doise du n\u00e9oclassicisme fran\u00e7ais datant des ann\u00e9es 1780, propose au c\u0153ur de cette collection des motifs tels que la couronne et le pli de ruban ou d\u2019autres s\u2019inspirant de l&#8217;histoire de l&#8217;am\u00e9nagement des jardins. <\/span><span class=\"NormalTextRun SpellingErrorV2Themed SCXW236059686 BCX8\">Climbing<\/span><span class=\"NormalTextRun SCXW236059686 BCX8\"> Vine est une mise \u00e0 jour contemporaine d&#8217;un motif classique, une spirale de feuillage, aux contours nets et graphiques, qui s&#8217;enroule formant une frise au bord d&#8217;un tapis lilas. <\/span><span class=\"NormalTextRun SpellingErrorV2Themed SCXW236059686 BCX8\">Climbing<\/span><span class=\"NormalTextRun SCXW236059686 BCX8\"> Vine est fabriqu\u00e9 \u00e0 la main en petites s\u00e9ries. Chaque format existe en quelques exemplaires seulement.<\/span><\/p>\n","protected":false},"excerpt":{"rendered":"<p>Con\u00e7u par Campbell-Rey avec une sensibilit\u00e9 color\u00e9e et influenc\u00e9e par l&#8217;Art D\u00e9co et les motifs floraux du style gustavien, le n\u00e9oclassicisme du Nord. Le style gustavien, version su\u00e9doise du n\u00e9oclassicisme fran\u00e7ais datant des ann\u00e9es 1780, propose au c\u0153ur de cette collection des motifs tels que la couronne et le pli de ruban ou d\u2019autres s\u2019inspirant [&hellip;]<\/p>\n","protected":false},"featured_media":5897118,"template":"","meta":{"_acf_changed":false,"content-type":"","_themeisle_gutenberg_block_has_review":false},"product_brand":[],"product_cat":[8183,12540],"product_tag":[10256],"product_designer":[14078,31649],"comfabric":[],"manufacturer":[31656],"reporting_designer":[37366,37438],"samplecomfabric":[],"designer_clubroom":[],"class_list":{"0":"post-5897107","1":"product","2":"type-product","3":"status-publish","4":"has-post-thumbnail","6":"product_cat-tapis-noues-a-la-main","7":"product_cat-tapis-fr","8":"product_tag-tapis-fr-3","9":"pa_size-l-280-x-l-100-x-h-80-fr","10":"pa_size-moyenne-l-70-x-l-82-x-h-41-cm","11":"pa_size-petit","12":"pa_size-us-grand-pour-le-marche-americain-uniquement","13":"pa_size-us-moyen-pour-le-marche-americain-uniquement","14":"pa_size-us-petit-pour-le-marche-americain-uniquement","15":"product_designer-campbell-rey-fr","16":"product_designer-nordic-knots-fr","17":"manufacturer-nordic-knots-billing-stockholhm-fr","18":"reporting_designer-campbell-rey","19":"reporting_designer-nordic-knots","21":"first","22":"instock","23":"taxable","24":"shipping-taxable","25":"purchasable","26":"product-type-variable"},"acf":[],"_links":{"self":[{"href":"https:\/\/theinvisiblecollection.com\/fr\/wp-json\/wp\/v2\/product\/5897107","targetHints":{"allow":["GET"]}}],"collection":[{"href":"https:\/\/theinvisiblecollection.com\/fr\/wp-json\/wp\/v2\/product"}],"about":[{"href":"https:\/\/theinvisiblecollection.com\/fr\/wp-json\/wp\/v2\/types\/product"}],"wp:featuredmedia":[{"embeddable":true,"href":"https:\/\/theinvisiblecollection.com\/fr\/wp-json\/wp\/v2\/media\/5897118"}],"wp:attachment":[{"href":"https:\/\/theinvisiblecollection.com\/fr\/wp-json\/wp\/v2\/media?parent=5897107"}],"wp:term":[{"taxonomy":"product_brand","embeddable":true,"href":"https:\/\/theinvisiblecollection.com\/fr\/wp-json\/wp\/v2\/product_brand?post=5897107"},{"taxonomy":"product_cat","embeddable":true,"href":"https:\/\/theinvisiblecollection.com\/fr\/wp-json\/wp\/v2\/product_cat?post=5897107"},{"taxonomy":"product_tag","embeddable":true,"href":"https:\/\/theinvisiblecollection.com\/fr\/wp-json\/wp\/v2\/product_tag?post=5897107"},{"taxonomy":"product_designer","embeddable":true,"href":"https:\/\/theinvisiblecollection.com\/fr\/wp-json\/wp\/v2\/product_designer?post=5897107"},{"taxonomy":"comfabric","embeddable":true,"href":"https:\/\/theinvisiblecollection.com\/fr\/wp-json\/wp\/v2\/comfabric?post=5897107"},{"taxonomy":"manufacturer","embeddable":true,"href":"https:\/\/theinvisiblecollection.com\/fr\/wp-json\/wp\/v2\/manufacturer?post=5897107"},{"taxonomy":"reporting_designer","embeddable":true,"href":"https:\/\/theinvisiblecollection.com\/fr\/wp-json\/wp\/v2\/reporting_designer?post=5897107"},{"taxonomy":"samplecomfabric","embeddable":true,"href":"https:\/\/theinvisiblecollection.com\/fr\/wp-json\/wp\/v2\/samplecomfabric?post=5897107"},{"taxonomy":"clubroom_product_designer","embeddable":true,"href":"https:\/\/theinvisiblecollection.com\/fr\/wp-json\/wp\/v2\/designer_clubroom?post=5897107"}],"curies":[{"name":"wp","href":"https:\/\/api.w.org\/{rel}","templated":true}]}}