{"id":5897134,"date":"2026-03-18T09:42:31","date_gmt":"2026-03-18T09:42:31","guid":{"rendered":"https:\/\/theinvisiblecollection.com\/?post_type=product&#038;p=5897134"},"modified":"2026-05-01T07:37:02","modified_gmt":"2026-05-01T07:37:02","slug":"nordic-knots-tapis-labyrinthe-de-jardin-bleu","status":"publish","type":"product","link":"https:\/\/theinvisiblecollection.com\/fr\/produit\/nordic-knots-tapis-labyrinthe-de-jardin-bleu\/","title":{"rendered":"Tapis Labyrinthe de Jardin Bleu"},"content":{"rendered":"<p style=\"text-align: justify;\"><span class=\"TextRun SCXW247516814 BCX8\" lang=\"FR-FR\" xml:lang=\"FR-FR\" data-contrast=\"auto\"><span class=\"NormalTextRun SCXW247516814 BCX8\">Con\u00e7u par Campbell-Rey avec une sensibilit\u00e9 color\u00e9e et influenc\u00e9e par l&#8217;Art d\u00e9co, le tapis <\/span><span class=\"NormalTextRun SCXW247516814 BCX8\">Garden Maze<\/span><span class=\"NormalTextRun SCXW247516814 BCX8\"> s&#8217;inspire des motifs floraux du style gustavien, le n\u00e9oclassicisme du Nord. Avec des \u00e9l\u00e9ments qui sont une interpr\u00e9tation moderne de la couronne et du ruban pliant typiques du mobilier gustavien de la fin du XVIIIe si\u00e8cle, ainsi que des id\u00e9es inspir\u00e9es de l&#8217;histoire de l&#8217;art des jardins, ce tapis rose framboise et ambre, avec un motif en trompe-l&#8217;\u0153il en 3D, semble \u00e9tonnamment moderne malgr\u00e9 ses racines dans une esth\u00e9tique vieille de 250 ans.\u00a0<\/span><span class=\"NormalTextRun SCXW247516814 BCX8\">Garden Maze<\/span><span class=\"NormalTextRun SCXW247516814 BCX8\">\u00a0est fabriqu\u00e9 \u00e0 la main en petites s\u00e9ries. Seuls quelques exemplaires de chaque taille sont disponibles.<\/span><\/span><span class=\"EOP SCXW247516814 BCX8\" data-ccp-props=\"{&quot;201341983&quot;:0,&quot;335559740&quot;:259}\">\u00a0<\/span><\/p>\n","protected":false},"excerpt":{"rendered":"<p>Con\u00e7u par Campbell-Rey avec une sensibilit\u00e9 color\u00e9e et influenc\u00e9e par l&#8217;Art d\u00e9co, le tapis Garden Maze s&#8217;inspire des motifs floraux du style gustavien, le n\u00e9oclassicisme du Nord. Avec des \u00e9l\u00e9ments qui sont une interpr\u00e9tation moderne de la couronne et du ruban pliant typiques du mobilier gustavien de la fin du XVIIIe si\u00e8cle, ainsi que des [&hellip;]<\/p>\n","protected":false},"featured_media":5897147,"template":"","meta":{"_acf_changed":false,"content-type":"","_themeisle_gutenberg_block_has_review":false},"product_brand":[],"product_cat":[8183,12540],"product_tag":[],"product_designer":[14078,31649],"comfabric":[],"manufacturer":[31656],"reporting_designer":[37366,37438],"samplecomfabric":[],"designer_clubroom":[],"class_list":{"0":"post-5897134","1":"product","2":"type-product","3":"status-publish","4":"has-post-thumbnail","6":"product_cat-tapis-noues-a-la-main","7":"product_cat-tapis-fr","8":"pa_size-large-fr-2","9":"pa_size-moyenne-l-70-x-l-82-x-h-41-cm","10":"pa_size-petit-fr","11":"pa_size-us-grand-pour-le-marche-americain-uniquement","12":"pa_size-us-moyen-pour-le-marche-americain-uniquement","13":"pa_size-us-petit-pour-le-marche-americain-uniquement","14":"product_designer-campbell-rey-fr","15":"product_designer-nordic-knots-fr","16":"manufacturer-nordic-knots-billing-stockholhm-fr","17":"reporting_designer-campbell-rey","18":"reporting_designer-nordic-knots","20":"first","21":"instock","22":"taxable","23":"shipping-taxable","24":"purchasable","25":"product-type-variable"},"acf":[],"_links":{"self":[{"href":"https:\/\/theinvisiblecollection.com\/fr\/wp-json\/wp\/v2\/product\/5897134","targetHints":{"allow":["GET"]}}],"collection":[{"href":"https:\/\/theinvisiblecollection.com\/fr\/wp-json\/wp\/v2\/product"}],"about":[{"href":"https:\/\/theinvisiblecollection.com\/fr\/wp-json\/wp\/v2\/types\/product"}],"wp:featuredmedia":[{"embeddable":true,"href":"https:\/\/theinvisiblecollection.com\/fr\/wp-json\/wp\/v2\/media\/5897147"}],"wp:attachment":[{"href":"https:\/\/theinvisiblecollection.com\/fr\/wp-json\/wp\/v2\/media?parent=5897134"}],"wp:term":[{"taxonomy":"product_brand","embeddable":true,"href":"https:\/\/theinvisiblecollection.com\/fr\/wp-json\/wp\/v2\/product_brand?post=5897134"},{"taxonomy":"product_cat","embeddable":true,"href":"https:\/\/theinvisiblecollection.com\/fr\/wp-json\/wp\/v2\/product_cat?post=5897134"},{"taxonomy":"product_tag","embeddable":true,"href":"https:\/\/theinvisiblecollection.com\/fr\/wp-json\/wp\/v2\/product_tag?post=5897134"},{"taxonomy":"product_designer","embeddable":true,"href":"https:\/\/theinvisiblecollection.com\/fr\/wp-json\/wp\/v2\/product_designer?post=5897134"},{"taxonomy":"comfabric","embeddable":true,"href":"https:\/\/theinvisiblecollection.com\/fr\/wp-json\/wp\/v2\/comfabric?post=5897134"},{"taxonomy":"manufacturer","embeddable":true,"href":"https:\/\/theinvisiblecollection.com\/fr\/wp-json\/wp\/v2\/manufacturer?post=5897134"},{"taxonomy":"reporting_designer","embeddable":true,"href":"https:\/\/theinvisiblecollection.com\/fr\/wp-json\/wp\/v2\/reporting_designer?post=5897134"},{"taxonomy":"samplecomfabric","embeddable":true,"href":"https:\/\/theinvisiblecollection.com\/fr\/wp-json\/wp\/v2\/samplecomfabric?post=5897134"},{"taxonomy":"clubroom_product_designer","embeddable":true,"href":"https:\/\/theinvisiblecollection.com\/fr\/wp-json\/wp\/v2\/designer_clubroom?post=5897134"}],"curies":[{"name":"wp","href":"https:\/\/api.w.org\/{rel}","templated":true}]}}