{"id":5898398,"date":"2026-03-26T15:52:27","date_gmt":"2026-03-26T15:52:27","guid":{"rendered":"https:\/\/theinvisiblecollection.com\/?post_type=product&#038;p=5898398"},"modified":"2026-05-01T07:37:02","modified_gmt":"2026-05-01T07:37:02","slug":"victoria-magniant-canape-ma","status":"publish","type":"product","link":"https:\/\/theinvisiblecollection.com\/fr\/produit\/victoria-magniant-canape-ma\/","title":{"rendered":"Canap\u00e9 Ma"},"content":{"rendered":"<p style=\"text-align: justify;\">Le canap\u00e9 Ma de Victoria Magniant na\u00eet d\u2019un geste continu. Un volume souple et enveloppant d\u00e9finit la silhouette, con\u00e7ue pour \u00eatre appr\u00e9hend\u00e9e dans son ensemble. De l\u00e9g\u00e8res variations de courbes cr\u00e9ent une tension subtile entre confort et pr\u00e9sence sculpturale.<br \/>\nD\u00e9velopp\u00e9e en \u00e9troite collaboration avec Ateliers Siegair, la pi\u00e8ce est le fruit d\u2019un dialogue pr\u00e9cis entre dessin et savoir-faire. La structure en mousse, l\u2019implantation des coutures et la tension du textile sont soigneusement calibr\u00e9es afin de pr\u00e9server la puret\u00e9 de la forme.<br \/>\nLa base sculpturale en noyer massif ancre le volume au sol et r\u00e9v\u00e8le la profondeur naturelle du veinage du bois.<br \/>\nPour Victoria Magniant, le craft est une succession de d\u00e9cisions attentives \u2014 souvent invisibles, mais essentielles \u00e0 l\u2019objet final.<\/p>\n","protected":false},"excerpt":{"rendered":"<p>Le canap\u00e9 Ma de Victoria Magniant na\u00eet d\u2019un geste continu. Un volume souple et enveloppant d\u00e9finit la silhouette, con\u00e7ue pour \u00eatre appr\u00e9hend\u00e9e dans son ensemble. De l\u00e9g\u00e8res variations de courbes cr\u00e9ent une tension subtile entre confort et pr\u00e9sence sculpturale. D\u00e9velopp\u00e9e en \u00e9troite collaboration avec Ateliers Siegair, la pi\u00e8ce est le fruit d\u2019un dialogue pr\u00e9cis entre [&hellip;]<\/p>\n","protected":false},"featured_media":5898380,"template":"","meta":{"_acf_changed":false,"content-type":"","_themeisle_gutenberg_block_has_review":false},"product_brand":[],"product_cat":[8976,12499],"product_tag":[8942,8944,11173,31474,31477],"product_designer":[11131],"comfabric":[],"manufacturer":[18495],"reporting_designer":[37392],"samplecomfabric":[],"designer_clubroom":[],"class_list":{"0":"post-5898398","1":"product","2":"type-product","3":"status-publish","4":"has-post-thumbnail","6":"product_cat-canapes","7":"product_cat-assises","8":"product_tag-assise","9":"product_tag-canape","10":"product_tag-victoria-magniant-fr-2","11":"product_tag-co-white-fr","12":"product_tag-st-curvy-fr","13":"pa_size-extra-large-fr","14":"pa_size-l-280-x-l-100-x-h-80-fr","15":"pa_size-mini","16":"pa_size-moyen","17":"pa_size-petit","18":"product_designer-victoria-magniant-fr","19":"manufacturer-siegeair-fr","20":"reporting_designer-victoria-magniant","22":"first","23":"instock","24":"taxable","25":"shipping-taxable","26":"purchasable","27":"product-type-variable"},"acf":[],"_links":{"self":[{"href":"https:\/\/theinvisiblecollection.com\/fr\/wp-json\/wp\/v2\/product\/5898398","targetHints":{"allow":["GET"]}}],"collection":[{"href":"https:\/\/theinvisiblecollection.com\/fr\/wp-json\/wp\/v2\/product"}],"about":[{"href":"https:\/\/theinvisiblecollection.com\/fr\/wp-json\/wp\/v2\/types\/product"}],"wp:featuredmedia":[{"embeddable":true,"href":"https:\/\/theinvisiblecollection.com\/fr\/wp-json\/wp\/v2\/media\/5898380"}],"wp:attachment":[{"href":"https:\/\/theinvisiblecollection.com\/fr\/wp-json\/wp\/v2\/media?parent=5898398"}],"wp:term":[{"taxonomy":"product_brand","embeddable":true,"href":"https:\/\/theinvisiblecollection.com\/fr\/wp-json\/wp\/v2\/product_brand?post=5898398"},{"taxonomy":"product_cat","embeddable":true,"href":"https:\/\/theinvisiblecollection.com\/fr\/wp-json\/wp\/v2\/product_cat?post=5898398"},{"taxonomy":"product_tag","embeddable":true,"href":"https:\/\/theinvisiblecollection.com\/fr\/wp-json\/wp\/v2\/product_tag?post=5898398"},{"taxonomy":"product_designer","embeddable":true,"href":"https:\/\/theinvisiblecollection.com\/fr\/wp-json\/wp\/v2\/product_designer?post=5898398"},{"taxonomy":"comfabric","embeddable":true,"href":"https:\/\/theinvisiblecollection.com\/fr\/wp-json\/wp\/v2\/comfabric?post=5898398"},{"taxonomy":"manufacturer","embeddable":true,"href":"https:\/\/theinvisiblecollection.com\/fr\/wp-json\/wp\/v2\/manufacturer?post=5898398"},{"taxonomy":"reporting_designer","embeddable":true,"href":"https:\/\/theinvisiblecollection.com\/fr\/wp-json\/wp\/v2\/reporting_designer?post=5898398"},{"taxonomy":"samplecomfabric","embeddable":true,"href":"https:\/\/theinvisiblecollection.com\/fr\/wp-json\/wp\/v2\/samplecomfabric?post=5898398"},{"taxonomy":"clubroom_product_designer","embeddable":true,"href":"https:\/\/theinvisiblecollection.com\/fr\/wp-json\/wp\/v2\/designer_clubroom?post=5898398"}],"curies":[{"name":"wp","href":"https:\/\/api.w.org\/{rel}","templated":true}]}}