{"id":5899308,"date":"2026-03-30T12:37:54","date_gmt":"2026-03-30T12:37:54","guid":{"rendered":"https:\/\/theinvisiblecollection.com\/?post_type=product&#038;p=5899308"},"modified":"2026-05-01T07:37:02","modified_gmt":"2026-05-01T07:37:02","slug":"victoria-magniant-applique-sole","status":"publish","type":"product","link":"https:\/\/theinvisiblecollection.com\/fr\/produit\/victoria-magniant-applique-sole\/","title":{"rendered":"Applique Sole"},"content":{"rendered":"<p style=\"text-align: justify;\">Fa\u00e7onn\u00e9e \u00e0 la main par un artisan fran\u00e7ais d\u2019exception, ma\u00eetre dans l\u2019art rare du verre fusionn\u00e9, chaque pi\u00e8ce de l&#8217;applique Sole de Victoria Magniant r\u00e9v\u00e8le un jeu subtil de textures, de transparence et de lumi\u00e8re. Les teintes semblent y flotter comme une couleur liquide, changeante, captivant le regard dans un mouvement silencieux.Chaque pi\u00e8ce est unique. Elle est disponible en trois formats et dans une vari\u00e9t\u00e9 de couleurs, avec des possibilit\u00e9s de personnalisation sur demande. La pi\u00e8ce \u00e9voque \u00e0 la fois une lentille de microscope et un myst\u00e9rieux corps c\u00e9leste, elle invite \u00e0 multiplier les points de vue.<\/p>\n","protected":false},"excerpt":{"rendered":"<p>Fa\u00e7onn\u00e9e \u00e0 la main par un artisan fran\u00e7ais d\u2019exception, ma\u00eetre dans l\u2019art rare du verre fusionn\u00e9, chaque pi\u00e8ce de l&#8217;applique Sole de Victoria Magniant r\u00e9v\u00e8le un jeu subtil de textures, de transparence et de lumi\u00e8re. Les teintes semblent y flotter comme une couleur liquide, changeante, captivant le regard dans un mouvement silencieux.Chaque pi\u00e8ce est unique. [&hellip;]<\/p>\n","protected":false},"featured_media":5899299,"template":"","meta":{"_acf_changed":false,"content-type":"","_themeisle_gutenberg_block_has_review":false},"product_brand":[],"product_cat":[8975,12507],"product_tag":[9200,22681],"product_designer":[11131],"comfabric":[],"manufacturer":[36055],"reporting_designer":[37392],"samplecomfabric":[],"designer_clubroom":[],"class_list":{"0":"post-5899308","1":"product","2":"type-product","3":"status-publish","4":"has-post-thumbnail","6":"product_cat-appliques-murales","7":"product_cat-luminaires","8":"product_tag-luminaire-fr-2","9":"product_tag-applique-fr-2","10":"product_designer-victoria-magniant-fr","11":"manufacturer-victoria-magniant-pickup-lec-fr","12":"reporting_designer-victoria-magniant","14":"first","15":"instock","16":"taxable","17":"shipping-taxable","18":"purchasable","19":"product-type-variable"},"acf":[],"_links":{"self":[{"href":"https:\/\/theinvisiblecollection.com\/fr\/wp-json\/wp\/v2\/product\/5899308","targetHints":{"allow":["GET"]}}],"collection":[{"href":"https:\/\/theinvisiblecollection.com\/fr\/wp-json\/wp\/v2\/product"}],"about":[{"href":"https:\/\/theinvisiblecollection.com\/fr\/wp-json\/wp\/v2\/types\/product"}],"wp:featuredmedia":[{"embeddable":true,"href":"https:\/\/theinvisiblecollection.com\/fr\/wp-json\/wp\/v2\/media\/5899299"}],"wp:attachment":[{"href":"https:\/\/theinvisiblecollection.com\/fr\/wp-json\/wp\/v2\/media?parent=5899308"}],"wp:term":[{"taxonomy":"product_brand","embeddable":true,"href":"https:\/\/theinvisiblecollection.com\/fr\/wp-json\/wp\/v2\/product_brand?post=5899308"},{"taxonomy":"product_cat","embeddable":true,"href":"https:\/\/theinvisiblecollection.com\/fr\/wp-json\/wp\/v2\/product_cat?post=5899308"},{"taxonomy":"product_tag","embeddable":true,"href":"https:\/\/theinvisiblecollection.com\/fr\/wp-json\/wp\/v2\/product_tag?post=5899308"},{"taxonomy":"product_designer","embeddable":true,"href":"https:\/\/theinvisiblecollection.com\/fr\/wp-json\/wp\/v2\/product_designer?post=5899308"},{"taxonomy":"comfabric","embeddable":true,"href":"https:\/\/theinvisiblecollection.com\/fr\/wp-json\/wp\/v2\/comfabric?post=5899308"},{"taxonomy":"manufacturer","embeddable":true,"href":"https:\/\/theinvisiblecollection.com\/fr\/wp-json\/wp\/v2\/manufacturer?post=5899308"},{"taxonomy":"reporting_designer","embeddable":true,"href":"https:\/\/theinvisiblecollection.com\/fr\/wp-json\/wp\/v2\/reporting_designer?post=5899308"},{"taxonomy":"samplecomfabric","embeddable":true,"href":"https:\/\/theinvisiblecollection.com\/fr\/wp-json\/wp\/v2\/samplecomfabric?post=5899308"},{"taxonomy":"clubroom_product_designer","embeddable":true,"href":"https:\/\/theinvisiblecollection.com\/fr\/wp-json\/wp\/v2\/designer_clubroom?post=5899308"}],"curies":[{"name":"wp","href":"https:\/\/api.w.org\/{rel}","templated":true}]}}