{"id":5899348,"date":"2026-03-30T12:15:32","date_gmt":"2026-03-30T12:15:32","guid":{"rendered":"https:\/\/theinvisiblecollection.com\/?post_type=product&#038;p=5899348"},"modified":"2026-05-08T04:38:19","modified_gmt":"2026-05-08T04:38:19","slug":"victoria-magniant-chaise-de-bar-ma","status":"publish","type":"product","link":"https:\/\/theinvisiblecollection.com\/fr\/produit\/victoria-magniant-chaise-de-bar-ma\/","title":{"rendered":"Chaise De Bar Ma"},"content":{"rendered":"<p data-start=\"69\" data-end=\"352\">La chaise de bar Ma r\u00e9v\u00e8le une silhouette fa\u00e7onn\u00e9e par le subtil jeu des courbes et des assemblages. Chaque \u00e9l\u00e9ment s\u2019encha\u00eene avec fluidit\u00e9, v\u00e9ritable hommage au bois massif et \u00e0 un savoir-faire soign\u00e9. La chaise Ma associe subtilement confort et lignes fluides, nettes et affirm\u00e9es.<\/p>\n<p data-start=\"354\" data-end=\"518\" data-is-last-node=\"\" data-is-only-node=\"\">\n","protected":false},"excerpt":{"rendered":"<p>La chaise de bar Ma r\u00e9v\u00e8le une silhouette fa\u00e7onn\u00e9e par le subtil jeu des courbes et des assemblages. Chaque \u00e9l\u00e9ment s\u2019encha\u00eene avec fluidit\u00e9, v\u00e9ritable hommage au bois massif et \u00e0 un savoir-faire soign\u00e9. La chaise Ma associe subtilement confort et lignes fluides, nettes et affirm\u00e9es.<\/p>\n","protected":false},"featured_media":5899388,"template":"","meta":{"_acf_changed":false,"content-type":"","_themeisle_gutenberg_block_has_review":false},"product_brand":[],"product_cat":[12499,34857],"product_tag":[8942,9017,10904,11173],"product_designer":[11131],"comfabric":[],"manufacturer":[23410],"reporting_designer":[37392],"samplecomfabric":[],"designer_clubroom":[],"class_list":{"0":"post-5899348","1":"product","2":"type-product","3":"status-publish","4":"has-post-thumbnail","6":"product_cat-assises","7":"product_cat-tabourets-de-bar","8":"product_tag-assise","9":"product_tag-chaise","10":"product_tag-bar-fr","11":"product_tag-victoria-magniant-fr-2","12":"product_designer-victoria-magniant-fr","13":"manufacturer-l-e-c-fr","14":"reporting_designer-victoria-magniant","16":"first","17":"instock","18":"taxable","19":"shipping-taxable","20":"purchasable","21":"product-type-variable"},"acf":[],"_links":{"self":[{"href":"https:\/\/theinvisiblecollection.com\/fr\/wp-json\/wp\/v2\/product\/5899348","targetHints":{"allow":["GET"]}}],"collection":[{"href":"https:\/\/theinvisiblecollection.com\/fr\/wp-json\/wp\/v2\/product"}],"about":[{"href":"https:\/\/theinvisiblecollection.com\/fr\/wp-json\/wp\/v2\/types\/product"}],"wp:featuredmedia":[{"embeddable":true,"href":"https:\/\/theinvisiblecollection.com\/fr\/wp-json\/wp\/v2\/media\/5899388"}],"wp:attachment":[{"href":"https:\/\/theinvisiblecollection.com\/fr\/wp-json\/wp\/v2\/media?parent=5899348"}],"wp:term":[{"taxonomy":"product_brand","embeddable":true,"href":"https:\/\/theinvisiblecollection.com\/fr\/wp-json\/wp\/v2\/product_brand?post=5899348"},{"taxonomy":"product_cat","embeddable":true,"href":"https:\/\/theinvisiblecollection.com\/fr\/wp-json\/wp\/v2\/product_cat?post=5899348"},{"taxonomy":"product_tag","embeddable":true,"href":"https:\/\/theinvisiblecollection.com\/fr\/wp-json\/wp\/v2\/product_tag?post=5899348"},{"taxonomy":"product_designer","embeddable":true,"href":"https:\/\/theinvisiblecollection.com\/fr\/wp-json\/wp\/v2\/product_designer?post=5899348"},{"taxonomy":"comfabric","embeddable":true,"href":"https:\/\/theinvisiblecollection.com\/fr\/wp-json\/wp\/v2\/comfabric?post=5899348"},{"taxonomy":"manufacturer","embeddable":true,"href":"https:\/\/theinvisiblecollection.com\/fr\/wp-json\/wp\/v2\/manufacturer?post=5899348"},{"taxonomy":"reporting_designer","embeddable":true,"href":"https:\/\/theinvisiblecollection.com\/fr\/wp-json\/wp\/v2\/reporting_designer?post=5899348"},{"taxonomy":"samplecomfabric","embeddable":true,"href":"https:\/\/theinvisiblecollection.com\/fr\/wp-json\/wp\/v2\/samplecomfabric?post=5899348"},{"taxonomy":"clubroom_product_designer","embeddable":true,"href":"https:\/\/theinvisiblecollection.com\/fr\/wp-json\/wp\/v2\/designer_clubroom?post=5899348"}],"curies":[{"name":"wp","href":"https:\/\/api.w.org\/{rel}","templated":true}]}}