{"id":5899769,"date":"2026-03-31T16:28:08","date_gmt":"2026-03-31T16:28:08","guid":{"rendered":"https:\/\/theinvisiblecollection.com\/?post_type=product&#038;p=5899769"},"modified":"2026-05-01T07:37:02","modified_gmt":"2026-05-01T07:37:02","slug":"lit-national-lit-nuage","status":"publish","type":"product","link":"https:\/\/theinvisiblecollection.com\/fr\/produit\/lit-national-lit-nuage\/","title":{"rendered":"Lit Nuage"},"content":{"rendered":"<section class=\"text-token-text-primary w-full focus:outline-none [--shadow-height:45px] has-data-writing-block:pointer-events-none has-data-writing-block:-mt-(--shadow-height) has-data-writing-block:pt-(--shadow-height) [&amp;:has([data-writing-block])&gt;*]:pointer-events-auto R6Vx5W_threadScrollVars scroll-mb-[calc(var(--scroll-root-safe-area-inset-bottom,0px)+var(--thread-response-height))] scroll-mt-(--header-height)\" dir=\"auto\" data-turn-id=\"710c3ce8-7389-42ba-98ff-ed9195d16f5e\" data-testid=\"conversation-turn-29\" data-scroll-anchor=\"false\" data-turn=\"user\"><\/section>\n<section class=\"text-token-text-primary w-full focus:outline-none [--shadow-height:45px] has-data-writing-block:pointer-events-none has-data-writing-block:-mt-(--shadow-height) has-data-writing-block:pt-(--shadow-height) [&amp;:has([data-writing-block])&gt;*]:pointer-events-auto [content-visibility:auto] supports-[content-visibility:auto]:[contain-intrinsic-size:auto_100lvh] R6Vx5W_threadScrollVars scroll-mb-[calc(var(--scroll-root-safe-area-inset-bottom,0px)+var(--thread-response-height))] scroll-mt-[calc(var(--header-height)+min(200px,max(70px,20svh)))]\" dir=\"auto\" data-turn-id=\"request-WEB:d4489d36-ebb2-48a3-ba89-9c9414f6fc11-14\" data-testid=\"conversation-turn-30\" data-scroll-anchor=\"false\" data-turn=\"assistant\">\n<div class=\"text-base my-auto mx-auto pb-10 [--thread-content-margin:var(--thread-content-margin-xs,calc(var(--spacing)*4))] @w-sm\/main:[--thread-content-margin:var(--thread-content-margin-sm,calc(var(--spacing)*6))] @w-lg\/main:[--thread-content-margin:var(--thread-content-margin-lg,calc(var(--spacing)*16))] px-(--thread-content-margin)\">\n<div class=\"[--thread-content-max-width:40rem] @w-lg\/main:[--thread-content-max-width:48rem] mx-auto max-w-(--thread-content-max-width) flex-1 group\/turn-messages focus-visible:outline-hidden relative flex w-full min-w-0 flex-col agent-turn\">\n<div class=\"flex max-w-full flex-col gap-4 grow\">\n<div class=\"min-h-8 text-message relative flex w-full flex-col items-end gap-2 text-start break-words whitespace-normal outline-none keyboard-focused:focus-ring [.text-message+&amp;]:mt-1\" dir=\"auto\" tabindex=\"0\" data-message-author-role=\"assistant\" data-message-id=\"09c825bd-448e-4a39-abe0-bb798e350f0e\" data-message-model-slug=\"gpt-5-3-mini\" data-turn-start-message=\"true\">\n<div class=\"flex w-full flex-col gap-1 empty:hidden\">\n<div class=\"markdown prose dark:prose-invert w-full wrap-break-word light markdown-new-styling\">\n<p style=\"text-align: justify;\" data-start=\"0\" data-end=\"216\">Exclusivement cr\u00e9\u00e9s pour Invisible Collection par Lit National, ces matelas sont con\u00e7us comme de v\u00e9ritables objets de confort : des mat\u00e9riaux naturels, un savoir-faire d&#8217;exception et des techniques h\u00e9rit\u00e9es du temps. Ils associent ressorts ensach\u00e9s, laine, crin de cheval et lin, puis sont termin\u00e9s par un po\u00e8me brod\u00e9\u2014quelques mots d\u2019amour, de m\u00e9moire ou de d\u00e9votion, simplement pos\u00e9s sur la mati\u00e8re. <em data-start=\"403\" data-end=\"460\">Mon Amour, Aimez Aimez, Aimons Toujours, Voici Mon C\u0153ur<\/em>\u2014quatre fa\u00e7ons de parler de l\u2019amour, du repos et de la chaleur, chacune avec son propre niveau de confort.<\/p>\n<\/div>\n<\/div>\n<\/div>\n<\/div>\n<\/div>\n<\/div>\n<\/section>\n","protected":false},"excerpt":{"rendered":"<p>Exclusivement cr\u00e9\u00e9s pour Invisible Collection par Lit National, ces matelas sont con\u00e7us comme de v\u00e9ritables objets de confort : des mat\u00e9riaux naturels, un savoir-faire d&#8217;exception et des techniques h\u00e9rit\u00e9es du temps. Ils associent ressorts ensach\u00e9s, laine, crin de cheval et lin, puis sont termin\u00e9s par un po\u00e8me brod\u00e9\u2014quelques mots d\u2019amour, de m\u00e9moire ou de d\u00e9votion, [&hellip;]<\/p>\n","protected":false},"featured_media":5900006,"template":"","meta":{"_acf_changed":false,"content-type":"","_themeisle_gutenberg_block_has_review":false},"product_brand":[],"product_cat":[7909,12501],"product_tag":[35206],"product_designer":[35491],"comfabric":[35487],"manufacturer":[35485],"reporting_designer":[37784],"samplecomfabric":[35489],"designer_clubroom":[],"class_list":{"0":"post-5899769","1":"product","2":"type-product","3":"status-publish","4":"has-post-thumbnail","6":"product_cat-lits","7":"product_cat-chambre-a-coucher","8":"product_tag-exclusive-fr","9":"pa_choice-aimez-aimez","10":"pa_choice-aimons-toujours","11":"pa_choice-mon-amour","12":"pa_choice-voici-mon-coeur","13":"pa_size-california-king-us","14":"pa_size-super-king-ue","15":"pa_size-super-king-uk","16":"product_designer-lit-national-fr","17":"comfabric-lit-national-fr","18":"manufacturer-lit-national-fr","19":"reporting_designer-lit-national-fr","20":"samplecomfabric-lit-national-fr","21":"exhibitions-paris-fr","23":"first","24":"instock","25":"taxable","26":"shipping-taxable","27":"purchasable","28":"product-type-variable"},"acf":[],"_links":{"self":[{"href":"https:\/\/theinvisiblecollection.com\/fr\/wp-json\/wp\/v2\/product\/5899769","targetHints":{"allow":["GET"]}}],"collection":[{"href":"https:\/\/theinvisiblecollection.com\/fr\/wp-json\/wp\/v2\/product"}],"about":[{"href":"https:\/\/theinvisiblecollection.com\/fr\/wp-json\/wp\/v2\/types\/product"}],"wp:featuredmedia":[{"embeddable":true,"href":"https:\/\/theinvisiblecollection.com\/fr\/wp-json\/wp\/v2\/media\/5900006"}],"wp:attachment":[{"href":"https:\/\/theinvisiblecollection.com\/fr\/wp-json\/wp\/v2\/media?parent=5899769"}],"wp:term":[{"taxonomy":"product_brand","embeddable":true,"href":"https:\/\/theinvisiblecollection.com\/fr\/wp-json\/wp\/v2\/product_brand?post=5899769"},{"taxonomy":"product_cat","embeddable":true,"href":"https:\/\/theinvisiblecollection.com\/fr\/wp-json\/wp\/v2\/product_cat?post=5899769"},{"taxonomy":"product_tag","embeddable":true,"href":"https:\/\/theinvisiblecollection.com\/fr\/wp-json\/wp\/v2\/product_tag?post=5899769"},{"taxonomy":"product_designer","embeddable":true,"href":"https:\/\/theinvisiblecollection.com\/fr\/wp-json\/wp\/v2\/product_designer?post=5899769"},{"taxonomy":"comfabric","embeddable":true,"href":"https:\/\/theinvisiblecollection.com\/fr\/wp-json\/wp\/v2\/comfabric?post=5899769"},{"taxonomy":"manufacturer","embeddable":true,"href":"https:\/\/theinvisiblecollection.com\/fr\/wp-json\/wp\/v2\/manufacturer?post=5899769"},{"taxonomy":"reporting_designer","embeddable":true,"href":"https:\/\/theinvisiblecollection.com\/fr\/wp-json\/wp\/v2\/reporting_designer?post=5899769"},{"taxonomy":"samplecomfabric","embeddable":true,"href":"https:\/\/theinvisiblecollection.com\/fr\/wp-json\/wp\/v2\/samplecomfabric?post=5899769"},{"taxonomy":"clubroom_product_designer","embeddable":true,"href":"https:\/\/theinvisiblecollection.com\/fr\/wp-json\/wp\/v2\/designer_clubroom?post=5899769"}],"curies":[{"name":"wp","href":"https:\/\/api.w.org\/{rel}","templated":true}]}}