{"id":5899894,"date":"2026-04-01T08:31:28","date_gmt":"2026-04-01T08:31:28","guid":{"rendered":"https:\/\/theinvisiblecollection.com\/?post_type=product&#038;p=5899894"},"modified":"2026-05-01T07:37:02","modified_gmt":"2026-05-01T07:37:02","slug":"le-berre-vevaud-applique-izar","status":"publish","type":"product","link":"https:\/\/theinvisiblecollection.com\/fr\/produit\/le-berre-vevaud-applique-izar\/","title":{"rendered":"Applique Izar"},"content":{"rendered":"<p style=\"text-align: justify;\">Inspir\u00e9e de la transformation progressive des roches volcaniques, s&#8217;\u00e9claircissant et se patinant au fil du temps, la collection Radice amorce une transition po\u00e9tique vers la lumi\u00e8re tout en conservant l&#8217;esprit min\u00e9ral et sculptural qui caract\u00e9rise le travail du duo Le Berre Vevaud.<\/p>\n","protected":false},"excerpt":{"rendered":"<p>Inspir\u00e9e de la transformation progressive des roches volcaniques, s&#8217;\u00e9claircissant et se patinant au fil du temps, la collection Radice amorce une transition po\u00e9tique vers la lumi\u00e8re tout en conservant l&#8217;esprit min\u00e9ral et sculptural qui caract\u00e9rise le travail du duo Le Berre Vevaud.<\/p>\n","protected":false},"featured_media":5899906,"template":"","meta":{"_acf_changed":false,"content-type":"","_themeisle_gutenberg_block_has_review":false},"product_brand":[],"product_cat":[8975,12507],"product_tag":[9200,9785,9805,22681,31474],"product_designer":[8868],"comfabric":[],"manufacturer":[34424],"reporting_designer":[37160],"samplecomfabric":[],"designer_clubroom":[],"class_list":{"0":"post-5899894","1":"product","2":"type-product","3":"status-publish","4":"has-post-thumbnail","6":"product_cat-appliques-murales","7":"product_cat-luminaires","8":"product_tag-luminaire-fr-2","9":"product_tag-platre","10":"product_tag-le-berre-vevaud-fr","11":"product_tag-applique-fr-2","12":"product_tag-co-white-fr","13":"product_designer-le-berre-vevaud-fr","14":"manufacturer-atelier-le-berre-vevaud-atelier-promthe-fr","15":"reporting_designer-le-berre-vevaud","17":"first","18":"instock","19":"taxable","20":"shipping-taxable","21":"purchasable","22":"product-type-simple"},"acf":[],"_links":{"self":[{"href":"https:\/\/theinvisiblecollection.com\/fr\/wp-json\/wp\/v2\/product\/5899894","targetHints":{"allow":["GET"]}}],"collection":[{"href":"https:\/\/theinvisiblecollection.com\/fr\/wp-json\/wp\/v2\/product"}],"about":[{"href":"https:\/\/theinvisiblecollection.com\/fr\/wp-json\/wp\/v2\/types\/product"}],"wp:featuredmedia":[{"embeddable":true,"href":"https:\/\/theinvisiblecollection.com\/fr\/wp-json\/wp\/v2\/media\/5899906"}],"wp:attachment":[{"href":"https:\/\/theinvisiblecollection.com\/fr\/wp-json\/wp\/v2\/media?parent=5899894"}],"wp:term":[{"taxonomy":"product_brand","embeddable":true,"href":"https:\/\/theinvisiblecollection.com\/fr\/wp-json\/wp\/v2\/product_brand?post=5899894"},{"taxonomy":"product_cat","embeddable":true,"href":"https:\/\/theinvisiblecollection.com\/fr\/wp-json\/wp\/v2\/product_cat?post=5899894"},{"taxonomy":"product_tag","embeddable":true,"href":"https:\/\/theinvisiblecollection.com\/fr\/wp-json\/wp\/v2\/product_tag?post=5899894"},{"taxonomy":"product_designer","embeddable":true,"href":"https:\/\/theinvisiblecollection.com\/fr\/wp-json\/wp\/v2\/product_designer?post=5899894"},{"taxonomy":"comfabric","embeddable":true,"href":"https:\/\/theinvisiblecollection.com\/fr\/wp-json\/wp\/v2\/comfabric?post=5899894"},{"taxonomy":"manufacturer","embeddable":true,"href":"https:\/\/theinvisiblecollection.com\/fr\/wp-json\/wp\/v2\/manufacturer?post=5899894"},{"taxonomy":"reporting_designer","embeddable":true,"href":"https:\/\/theinvisiblecollection.com\/fr\/wp-json\/wp\/v2\/reporting_designer?post=5899894"},{"taxonomy":"samplecomfabric","embeddable":true,"href":"https:\/\/theinvisiblecollection.com\/fr\/wp-json\/wp\/v2\/samplecomfabric?post=5899894"},{"taxonomy":"clubroom_product_designer","embeddable":true,"href":"https:\/\/theinvisiblecollection.com\/fr\/wp-json\/wp\/v2\/designer_clubroom?post=5899894"}],"curies":[{"name":"wp","href":"https:\/\/api.w.org\/{rel}","templated":true}]}}