{"id":5900625,"date":"2026-04-09T11:48:10","date_gmt":"2026-04-09T11:48:10","guid":{"rendered":"https:\/\/theinvisiblecollection.com\/?post_type=product&#038;p=5900625"},"modified":"2026-05-01T07:37:02","modified_gmt":"2026-05-01T07:37:02","slug":"francesco-balzano-cheminee-nudi-onyx","status":"publish","type":"product","link":"https:\/\/theinvisiblecollection.com\/fr\/produit\/francesco-balzano-cheminee-nudi-onyx\/","title":{"rendered":"Chemin\u00e9e Nudi Onyx"},"content":{"rendered":"<p class=\"p1\" style=\"text-align: justify;\">Nudi est une collection imagin\u00e9e par Francesco Balzano comme un \u00e9tat originel de la forme, d\u00e9pouill\u00e9 de tout artifice. Nudi r\u00e9v\u00e8le l\u2019essence : une pr\u00e9sence pure offerte \u00e0 la lumi\u00e8re, o\u00f9 la mati\u00e8re, lib\u00e9r\u00e9e du superflu, laisse \u00e9merger la v\u00e9rit\u00e9 du geste, du corps ou de l\u2019objet.<br \/>\n\u00catre Nudi, c\u2019est se tenir dans une nudit\u00e9 sensible et silencieuse, o\u00f9 la forme devient langage et la simplicit\u00e9, profondeur.<\/p>\n","protected":false},"excerpt":{"rendered":"<p>\u00c9dition limit\u00e9e de 12 pi\u00e8ces, sign\u00e9es et num\u00e9rot\u00e9es<br \/>\nTable basse en marbre Breccia Aurora<br \/>\n\u00c9galement disponible en <a href=\"https:\/\/theinvisiblecollection.com\/fr\/produit\/francesco-balzano-table-basse-swan-3-onyx\/\" target=\"_blank\" rel=\"noopener\"><span style=\"text-decoration: underline;\">onyx blanc<\/span><\/a><br \/>\n\u00c9galement disponible en laque <a href=\"https:\/\/theinvisiblecollection.com\/fr\/produit\/francesco-balzano-table-basse-swan-laque\/\" target=\"_blank\" rel=\"noopener\"><span style=\"text-decoration: underline;\">bordeaux<\/span><\/a>, <a href=\"https:\/\/theinvisiblecollection.com\/fr\/produit\/francesco-balzano-table-basse-swan-laque-vert\/\" target=\"_blank\" rel=\"noopener\"><span style=\"text-decoration: underline;\">vert<\/span><\/a> et <a href=\"https:\/\/theinvisiblecollection.com\/fr\/produit\/francesco-balzano-table-basse-swan-laque-ivoire\/\" target=\"_blank\" rel=\"noopener\"><span style=\"text-decoration: underline;\">ivoire<\/span><\/a><br \/>\nDimensions et mat\u00e9riaux sur-mesure sur demande<\/p>\n<p>L 225 x l 100 x H 30 cm<\/p>\n<p class=\"p1\">Fabriqu\u00e9e \u00e0 la main en France<br \/>\nD\u00e9lais de fabrication : 14 &#8211; 16 semaines<\/p>\n<p class=\"p2\"><span style=\"text-decoration: underline;\"><span class=\"s1\"><a href=\"https:\/\/www.theinvisiblecollection.com\/fr\/demande-de-devis\/?product_id=92431\">Contactez-nous pour toute demande de devis ou de renseignements<\/a><\/span><\/span><\/p>\n","protected":false},"featured_media":5900629,"template":"","meta":{"_acf_changed":false,"content-type":"","_themeisle_gutenberg_block_has_review":false},"product_brand":[],"product_cat":[7675,12503],"product_tag":[9959,31474,33319],"product_designer":[9965],"comfabric":[],"manufacturer":[16842],"reporting_designer":[37822],"samplecomfabric":[],"designer_clubroom":[],"class_list":{"0":"post-5900625","1":"product","2":"type-product","3":"status-publish","4":"has-post-thumbnail","6":"product_cat-consoles-fr","7":"product_cat-tables-fr","8":"product_tag-francesco-balzano-fr","9":"product_tag-co-white-fr","10":"product_tag-edition-limitee","11":"product_designer-francesco-balzano-fr","12":"manufacturer-ateliers-saint-jacques-fonderie-de-coubertin-fr","13":"reporting_designer-francesco-balzano","15":"first","16":"outofstock","17":"taxable","18":"shipping-taxable","19":"purchasable","20":"product-type-simple"},"acf":[],"_links":{"self":[{"href":"https:\/\/theinvisiblecollection.com\/fr\/wp-json\/wp\/v2\/product\/5900625","targetHints":{"allow":["GET"]}}],"collection":[{"href":"https:\/\/theinvisiblecollection.com\/fr\/wp-json\/wp\/v2\/product"}],"about":[{"href":"https:\/\/theinvisiblecollection.com\/fr\/wp-json\/wp\/v2\/types\/product"}],"wp:featuredmedia":[{"embeddable":true,"href":"https:\/\/theinvisiblecollection.com\/fr\/wp-json\/wp\/v2\/media\/5900629"}],"wp:attachment":[{"href":"https:\/\/theinvisiblecollection.com\/fr\/wp-json\/wp\/v2\/media?parent=5900625"}],"wp:term":[{"taxonomy":"product_brand","embeddable":true,"href":"https:\/\/theinvisiblecollection.com\/fr\/wp-json\/wp\/v2\/product_brand?post=5900625"},{"taxonomy":"product_cat","embeddable":true,"href":"https:\/\/theinvisiblecollection.com\/fr\/wp-json\/wp\/v2\/product_cat?post=5900625"},{"taxonomy":"product_tag","embeddable":true,"href":"https:\/\/theinvisiblecollection.com\/fr\/wp-json\/wp\/v2\/product_tag?post=5900625"},{"taxonomy":"product_designer","embeddable":true,"href":"https:\/\/theinvisiblecollection.com\/fr\/wp-json\/wp\/v2\/product_designer?post=5900625"},{"taxonomy":"comfabric","embeddable":true,"href":"https:\/\/theinvisiblecollection.com\/fr\/wp-json\/wp\/v2\/comfabric?post=5900625"},{"taxonomy":"manufacturer","embeddable":true,"href":"https:\/\/theinvisiblecollection.com\/fr\/wp-json\/wp\/v2\/manufacturer?post=5900625"},{"taxonomy":"reporting_designer","embeddable":true,"href":"https:\/\/theinvisiblecollection.com\/fr\/wp-json\/wp\/v2\/reporting_designer?post=5900625"},{"taxonomy":"samplecomfabric","embeddable":true,"href":"https:\/\/theinvisiblecollection.com\/fr\/wp-json\/wp\/v2\/samplecomfabric?post=5900625"},{"taxonomy":"clubroom_product_designer","embeddable":true,"href":"https:\/\/theinvisiblecollection.com\/fr\/wp-json\/wp\/v2\/designer_clubroom?post=5900625"}],"curies":[{"name":"wp","href":"https:\/\/api.w.org\/{rel}","templated":true}]}}