{"id":5900880,"date":"2026-04-10T10:06:22","date_gmt":"2026-04-10T10:06:22","guid":{"rendered":"https:\/\/theinvisiblecollection.com\/?post_type=product&#038;p=5900880"},"modified":"2026-05-15T05:01:41","modified_gmt":"2026-05-15T05:01:41","slug":"jacques-doucet-coussin-byzance-velours","status":"publish","type":"product","link":"https:\/\/theinvisiblecollection.com\/fr\/produit\/jacques-doucet-coussin-byzance-velours\/","title":{"rendered":"Coussin Byzance Velours"},"content":{"rendered":"<p style=\"text-align: justify;\"><span class=\"TextRun SCXW125874668 BCX8\" lang=\"FR-FR\" xml:lang=\"FR-FR\" data-contrast=\"none\"><span class=\"NormalTextRun SCXW125874668 BCX8\">Une <\/span><span class=\"NormalTextRun SCXW125874668 BCX8\">collection inspir\u00e9e par les coussins du Studio Saint James, la maison de Jacques Doucet \u00e0 Neuilly. <\/span><span class=\"NormalTextRun SCXW125874668 BCX8\">Tr\u00e8s g<\/span><span class=\"NormalTextRun SCXW125874668 BCX8\">lamour, on les imagine dans tous les int\u00e9rieurs<\/span><span class=\"NormalTextRun SCXW125874668 BCX8\">, \u00e9voquant<\/span> <span class=\"NormalTextRun SCXW125874668 BCX8\">un esprit Art D\u00e9co.<\/span> <span class=\"NormalTextRun SCXW125874668 BCX8\">Les coussins sont disponibles<\/span><span class=\"NormalTextRun SCXW125874668 BCX8\"> en deux tailles<\/span><span class=\"NormalTextRun SCXW125874668 BCX8\">.\u00a0<\/span><\/span><span class=\"EOP SCXW125874668 BCX8\" data-ccp-props=\"{&quot;335557856&quot;:16777215,&quot;335559738&quot;:200,&quot;335559739&quot;:200}\">\u00a0<\/span><\/p>\n<p>Les images pr\u00e9sent\u00e9es sont des visuels 3D de grande qualit\u00e9 con\u00e7us pour repr\u00e9senter les coussins fid\u00e8lement, bien qu\u2019ils ne puissent restituer chaque d\u00e9tail avec une pr\u00e9cision absolue.<\/p>\n","protected":false},"excerpt":{"rendered":"<p>Une collection inspir\u00e9e par les coussins du Studio Saint James, la maison de Jacques Doucet \u00e0 Neuilly. Tr\u00e8s glamour, on les imagine dans tous les int\u00e9rieurs, \u00e9voquant un esprit Art D\u00e9co. Les coussins sont disponibles en deux tailles.\u00a0\u00a0 Les images pr\u00e9sent\u00e9es sont des visuels 3D de grande qualit\u00e9 con\u00e7us pour repr\u00e9senter les coussins fid\u00e8lement, bien [&hellip;]<\/p>\n","protected":false},"featured_media":5901309,"template":"","meta":{"_acf_changed":false,"content-type":"","_themeisle_gutenberg_block_has_review":false},"product_brand":[],"product_cat":[7517,12530,19992],"product_tag":[31477,35206],"product_designer":[32433],"comfabric":[],"manufacturer":[],"reporting_designer":[],"samplecomfabric":[],"designer_clubroom":[],"class_list":{"0":"post-5900880","1":"product","2":"type-product","3":"status-publish","4":"has-post-thumbnail","6":"product_cat-deco-fr","7":"product_cat-coussins-plaids","8":"product_cat-coussins","9":"product_tag-st-curvy-fr","10":"product_tag-exclusive-fr","11":"pa_size-l-280-x-l-100-x-h-80-fr","12":"pa_size-petit","13":"product_designer-jacques-doucet-fr","15":"first","16":"instock","17":"taxable","18":"shipping-taxable","19":"purchasable","20":"product-type-variable"},"acf":[],"_links":{"self":[{"href":"https:\/\/theinvisiblecollection.com\/fr\/wp-json\/wp\/v2\/product\/5900880","targetHints":{"allow":["GET"]}}],"collection":[{"href":"https:\/\/theinvisiblecollection.com\/fr\/wp-json\/wp\/v2\/product"}],"about":[{"href":"https:\/\/theinvisiblecollection.com\/fr\/wp-json\/wp\/v2\/types\/product"}],"wp:featuredmedia":[{"embeddable":true,"href":"https:\/\/theinvisiblecollection.com\/fr\/wp-json\/wp\/v2\/media\/5901309"}],"wp:attachment":[{"href":"https:\/\/theinvisiblecollection.com\/fr\/wp-json\/wp\/v2\/media?parent=5900880"}],"wp:term":[{"taxonomy":"product_brand","embeddable":true,"href":"https:\/\/theinvisiblecollection.com\/fr\/wp-json\/wp\/v2\/product_brand?post=5900880"},{"taxonomy":"product_cat","embeddable":true,"href":"https:\/\/theinvisiblecollection.com\/fr\/wp-json\/wp\/v2\/product_cat?post=5900880"},{"taxonomy":"product_tag","embeddable":true,"href":"https:\/\/theinvisiblecollection.com\/fr\/wp-json\/wp\/v2\/product_tag?post=5900880"},{"taxonomy":"product_designer","embeddable":true,"href":"https:\/\/theinvisiblecollection.com\/fr\/wp-json\/wp\/v2\/product_designer?post=5900880"},{"taxonomy":"comfabric","embeddable":true,"href":"https:\/\/theinvisiblecollection.com\/fr\/wp-json\/wp\/v2\/comfabric?post=5900880"},{"taxonomy":"manufacturer","embeddable":true,"href":"https:\/\/theinvisiblecollection.com\/fr\/wp-json\/wp\/v2\/manufacturer?post=5900880"},{"taxonomy":"reporting_designer","embeddable":true,"href":"https:\/\/theinvisiblecollection.com\/fr\/wp-json\/wp\/v2\/reporting_designer?post=5900880"},{"taxonomy":"samplecomfabric","embeddable":true,"href":"https:\/\/theinvisiblecollection.com\/fr\/wp-json\/wp\/v2\/samplecomfabric?post=5900880"},{"taxonomy":"clubroom_product_designer","embeddable":true,"href":"https:\/\/theinvisiblecollection.com\/fr\/wp-json\/wp\/v2\/designer_clubroom?post=5900880"}],"curies":[{"name":"wp","href":"https:\/\/api.w.org\/{rel}","templated":true}]}}