{"id":5900941,"date":"2026-04-10T13:48:39","date_gmt":"2026-04-10T13:48:39","guid":{"rendered":"https:\/\/theinvisiblecollection.com\/?post_type=product&#038;p=5900941"},"modified":"2026-05-01T07:37:02","modified_gmt":"2026-05-01T07:37:02","slug":"ozone-lampe-de-table-embrun-lp","status":"publish","type":"product","link":"https:\/\/theinvisiblecollection.com\/fr\/produit\/ozone-lampe-de-table-embrun-lp\/","title":{"rendered":"Lampe De Table Embrun LP"},"content":{"rendered":"<p style=\"text-align: justify;\" data-start=\"0\" data-end=\"322\">Embrun est un jalon dans la collection d\u2019Ozone. Sans doute m\u00eame un tournant dans cette histoire qui se d\u00e9ploie sur plus de deux d\u00e9cennies. En plus d\u2019une forme, volontairement retenue, les pi\u00e8ces de cette collection imposent un mat\u00e9riau, l\u2019Onyx blanc que la nouvelle lampe \u00e0 poser s\u2019applique \u00e0 mettre en majest\u00e9, offrant la vision captivante de la lumi\u00e8re passant au travers des veines de la pierre. La texture \u00e9mouvante de l\u2019onyx blanc diffuse un lumi\u00e8re homog\u00e8ne qui contraste joliment avec la structure en laiton patin\u00e9 fonc\u00e9 de la lampe. La lampe \u00e0 poser fait partie de la collection Embrun cr\u00e9\u00e9e par Etienne Gounot et Eric J\u00e4hnke, les fondateurs d\u2019Ozone.<\/p>\n","protected":false},"excerpt":{"rendered":"<p>Embrun est un jalon dans la collection d\u2019Ozone. Sans doute m\u00eame un tournant dans cette histoire qui se d\u00e9ploie sur plus de deux d\u00e9cennies. En plus d\u2019une forme, volontairement retenue, les pi\u00e8ces de cette collection imposent un mat\u00e9riau, l\u2019Onyx blanc que la nouvelle lampe \u00e0 poser s\u2019applique \u00e0 mettre en majest\u00e9, offrant la vision captivante [&hellip;]<\/p>\n","protected":false},"featured_media":5900949,"template":"","meta":{"_acf_changed":false,"content-type":"","_themeisle_gutenberg_block_has_review":false},"product_brand":[],"product_cat":[12507,8974],"product_tag":[11960,31474,35206,9200],"product_designer":[11951,11898],"comfabric":[],"manufacturer":[16738],"reporting_designer":[37576],"samplecomfabric":[],"designer_clubroom":[],"class_list":{"0":"post-5900941","1":"product","2":"type-product","3":"status-publish","4":"has-post-thumbnail","6":"product_cat-luminaires","7":"product_cat-lampes-de-table","8":"product_tag-ozone-fr","9":"product_tag-co-white-fr","10":"product_tag-exclusive-fr","11":"product_tag-luminaire-fr-2","12":"product_designer-gounot-and-jahnke-par-ozone","13":"product_designer-ozone-fr","14":"manufacturer-ozone-fr","15":"reporting_designer-ozone","17":"first","18":"instock","19":"taxable","20":"shipping-taxable","21":"purchasable","22":"product-type-variable"},"acf":[],"_links":{"self":[{"href":"https:\/\/theinvisiblecollection.com\/fr\/wp-json\/wp\/v2\/product\/5900941","targetHints":{"allow":["GET"]}}],"collection":[{"href":"https:\/\/theinvisiblecollection.com\/fr\/wp-json\/wp\/v2\/product"}],"about":[{"href":"https:\/\/theinvisiblecollection.com\/fr\/wp-json\/wp\/v2\/types\/product"}],"wp:featuredmedia":[{"embeddable":true,"href":"https:\/\/theinvisiblecollection.com\/fr\/wp-json\/wp\/v2\/media\/5900949"}],"wp:attachment":[{"href":"https:\/\/theinvisiblecollection.com\/fr\/wp-json\/wp\/v2\/media?parent=5900941"}],"wp:term":[{"taxonomy":"product_brand","embeddable":true,"href":"https:\/\/theinvisiblecollection.com\/fr\/wp-json\/wp\/v2\/product_brand?post=5900941"},{"taxonomy":"product_cat","embeddable":true,"href":"https:\/\/theinvisiblecollection.com\/fr\/wp-json\/wp\/v2\/product_cat?post=5900941"},{"taxonomy":"product_tag","embeddable":true,"href":"https:\/\/theinvisiblecollection.com\/fr\/wp-json\/wp\/v2\/product_tag?post=5900941"},{"taxonomy":"product_designer","embeddable":true,"href":"https:\/\/theinvisiblecollection.com\/fr\/wp-json\/wp\/v2\/product_designer?post=5900941"},{"taxonomy":"comfabric","embeddable":true,"href":"https:\/\/theinvisiblecollection.com\/fr\/wp-json\/wp\/v2\/comfabric?post=5900941"},{"taxonomy":"manufacturer","embeddable":true,"href":"https:\/\/theinvisiblecollection.com\/fr\/wp-json\/wp\/v2\/manufacturer?post=5900941"},{"taxonomy":"reporting_designer","embeddable":true,"href":"https:\/\/theinvisiblecollection.com\/fr\/wp-json\/wp\/v2\/reporting_designer?post=5900941"},{"taxonomy":"samplecomfabric","embeddable":true,"href":"https:\/\/theinvisiblecollection.com\/fr\/wp-json\/wp\/v2\/samplecomfabric?post=5900941"},{"taxonomy":"clubroom_product_designer","embeddable":true,"href":"https:\/\/theinvisiblecollection.com\/fr\/wp-json\/wp\/v2\/designer_clubroom?post=5900941"}],"curies":[{"name":"wp","href":"https:\/\/api.w.org\/{rel}","templated":true}]}}