{"id":5901361,"date":"2026-04-14T10:14:51","date_gmt":"2026-04-14T10:14:51","guid":{"rendered":"https:\/\/theinvisiblecollection.com\/?post_type=product&#038;p=5901361"},"modified":"2026-05-01T07:37:02","modified_gmt":"2026-05-01T07:37:02","slug":"charlotte-biltgen-bibliotheque-osaka-new-york","status":"publish","type":"product","link":"https:\/\/theinvisiblecollection.com\/fr\/produit\/charlotte-biltgen-bibliotheque-osaka-new-york\/","title":{"rendered":"Biblioth\u00e8que Osaka New York"},"content":{"rendered":"<p style=\"text-align: justify;\" data-start=\"0\" data-end=\"168\">La biblioth\u00e8que Osaka, con\u00e7ue par Charlotte Biltgen, puise son essence dans le Japon, o\u00f9 la qu\u00eate de simplicit\u00e9 devient un art et o\u00f9 chaque ligne a une raison d\u2019\u00eatre.<br \/>\nTelle une composition silencieuse, elle se d\u00e9ploie dans l\u2019espace comme un rythme de lignes et de respirations, entre structure et libert\u00e9. Sa conception modulaire instaure un dialogue subtil, o\u00f9 chaque \u00e9l\u00e9ment r\u00e9pond \u00e0 l\u2019autre, offrant une infinit\u00e9 de variations.<br \/>\nFa\u00e7onn\u00e9e en noyer, Osaka joue avec les contrastes, ancr\u00e9e mais a\u00e9rienne, pr\u00e9sente et presque immat\u00e9rielle. Les modules, tels des notes sur une partition, ponctuent la structure avec pr\u00e9cision et \u00e9l\u00e9gance, dessinant un ensemble harmonieux.<\/p>\n","protected":false},"excerpt":{"rendered":"<p>Biblioth\u00e8que en noyer<br \/>\nBois et nombre de modules sur-mesure sur demande<\/p>\n<p>2 modules: L 220 x l 40 x H 88.5 cm<br \/>\n3 modules: L 220 x l 40 x H 137 cm<br \/>\n4 modules: L 220 x l 40 x H 177 cm<br \/>\n5 modules: L 280 x l 40 x H 220 cm<\/p>\n<p>Fabriqu\u00e9e \u00e0 la main en France<br \/>\nD\u00e9lais de fabrication : 14 semaines<\/p>\n<p class=\"p1\"><span style=\"text-decoration: underline;\"><span class=\"s1\"><a href=\"https:\/\/www.theinvisiblecollection.com\/fr\/demande-de-devis\/?product_id=872636\" target=\"_blank\" rel=\"noopener\">Contactez-nous pour toute demande de devis ou de renseignements<\/a><\/span><\/span><\/p>\n","protected":false},"featured_media":5901488,"template":"","meta":{"_acf_changed":false,"content-type":"","_themeisle_gutenberg_block_has_review":false},"product_brand":[],"product_cat":[8956,12505,13076],"product_tag":[7435],"product_designer":[8923],"comfabric":[],"manufacturer":[18497],"reporting_designer":[],"samplecomfabric":[30950],"designer_clubroom":[],"class_list":{"0":"post-5901361","1":"product","2":"type-product","3":"status-publish","4":"has-post-thumbnail","6":"product_cat-bibliotheques","7":"product_cat-rangements","8":"product_cat-bureau-a-la-maison","9":"product_tag-new-in-fr","10":"product_designer-charlotte-biltgen-fr","11":"manufacturer-laval-fr","12":"samplecomfabric-ame-sarl-fr","14":"first","15":"instock","16":"taxable","17":"shipping-taxable","18":"purchasable","19":"product-type-variable"},"acf":[],"_links":{"self":[{"href":"https:\/\/theinvisiblecollection.com\/fr\/wp-json\/wp\/v2\/product\/5901361","targetHints":{"allow":["GET"]}}],"collection":[{"href":"https:\/\/theinvisiblecollection.com\/fr\/wp-json\/wp\/v2\/product"}],"about":[{"href":"https:\/\/theinvisiblecollection.com\/fr\/wp-json\/wp\/v2\/types\/product"}],"wp:featuredmedia":[{"embeddable":true,"href":"https:\/\/theinvisiblecollection.com\/fr\/wp-json\/wp\/v2\/media\/5901488"}],"wp:attachment":[{"href":"https:\/\/theinvisiblecollection.com\/fr\/wp-json\/wp\/v2\/media?parent=5901361"}],"wp:term":[{"taxonomy":"product_brand","embeddable":true,"href":"https:\/\/theinvisiblecollection.com\/fr\/wp-json\/wp\/v2\/product_brand?post=5901361"},{"taxonomy":"product_cat","embeddable":true,"href":"https:\/\/theinvisiblecollection.com\/fr\/wp-json\/wp\/v2\/product_cat?post=5901361"},{"taxonomy":"product_tag","embeddable":true,"href":"https:\/\/theinvisiblecollection.com\/fr\/wp-json\/wp\/v2\/product_tag?post=5901361"},{"taxonomy":"product_designer","embeddable":true,"href":"https:\/\/theinvisiblecollection.com\/fr\/wp-json\/wp\/v2\/product_designer?post=5901361"},{"taxonomy":"comfabric","embeddable":true,"href":"https:\/\/theinvisiblecollection.com\/fr\/wp-json\/wp\/v2\/comfabric?post=5901361"},{"taxonomy":"manufacturer","embeddable":true,"href":"https:\/\/theinvisiblecollection.com\/fr\/wp-json\/wp\/v2\/manufacturer?post=5901361"},{"taxonomy":"reporting_designer","embeddable":true,"href":"https:\/\/theinvisiblecollection.com\/fr\/wp-json\/wp\/v2\/reporting_designer?post=5901361"},{"taxonomy":"samplecomfabric","embeddable":true,"href":"https:\/\/theinvisiblecollection.com\/fr\/wp-json\/wp\/v2\/samplecomfabric?post=5901361"},{"taxonomy":"clubroom_product_designer","embeddable":true,"href":"https:\/\/theinvisiblecollection.com\/fr\/wp-json\/wp\/v2\/designer_clubroom?post=5901361"}],"curies":[{"name":"wp","href":"https:\/\/api.w.org\/{rel}","templated":true}]}}