{"id":5902132,"date":"2026-04-17T11:02:38","date_gmt":"2026-04-17T11:02:38","guid":{"rendered":"https:\/\/theinvisiblecollection.com\/?post_type=product&#038;p=5902132"},"modified":"2026-05-01T07:37:02","modified_gmt":"2026-05-01T07:37:02","slug":"julien-lagueste-table-basse-gigogne-ambre-2","status":"publish","type":"product","link":"https:\/\/theinvisiblecollection.com\/fr\/produit\/julien-lagueste-table-basse-gigogne-ambre-2\/","title":{"rendered":"Table Basse Gigogne Ambre"},"content":{"rendered":"","protected":false},"excerpt":{"rendered":"<p>Plateau compos\u00e9 de 5 couches de r\u00e9sine transparente m\u00e9lang\u00e9e avec des pigments et travaill\u00e9e \u00e0 la main<br \/>\nPhotographi\u00e9e ici dans sa couleur originale turquoise<br \/>\n<span style=\"text-decoration: underline;\"><a href=\"https:\/\/theinvisiblecollection.com\/wp-content\/uploads\/2022\/07\/Invisible-Collection_Julien-Lagueste-_Colour-Selection.pdf\" target=\"_blank\" rel=\"noopener\">D\u00e9couvrez la s\u00e9lection de couleurs ici<\/a><\/span><br \/>\nPi\u00e8tement en bouleau contreplaqu\u00e9, finition vernis mat<br \/>\nChaque table est unique, les plateaux en r\u00e9sine comportent de l\u00e9g\u00e8res imperfections et variations de couleur en raison du travail artisanal<br \/>\n<span class=\"x_ContentPasted2\"><span class=\"x_ContentPasted3\"><span class=\"x_ContentPasted4\">Dimensions et couleurs de r\u00e9sine sur-mesure sur demande<\/span><\/span><\/span><\/p>\n<p>Belle-Ile : L 44 x l 44 x H 46.1 cm<br \/>\nHouat : L 36 x l 36 x 40.7 cm<br \/>\nHoedic : L 29 x l 29 x H 35.3 cm<\/p>\n<p>Fabriqu\u00e9e \u00e0 la main en France par l&#8217;artiste<br \/>\nD\u00e9lais de production : 20 semaines<\/p>\n<p><a href=\"https:\/\/www.theinvisiblecollection.com\/fr\/demande-de-devis\/?product_id=39235\">Contactez-nous pour toute demande de devis ou de renseignements<\/a><\/p>\n","protected":false},"featured_media":5902188,"template":"","meta":{"_acf_changed":false,"content-type":"","_themeisle_gutenberg_block_has_review":false},"product_brand":[],"product_cat":[12332,12501,12503,12514],"product_tag":[9016,9059,9275,11360,11544,31477,35206],"product_designer":[8932],"comfabric":[],"manufacturer":[16719],"reporting_designer":[],"samplecomfabric":[],"designer_clubroom":[],"class_list":{"0":"post-5902132","1":"product","2":"type-product","3":"status-publish","4":"has-post-thumbnail","6":"product_cat-tables-dappoint","7":"product_cat-chambre-a-coucher","8":"product_cat-tables-fr","9":"product_cat-tables-de-chevet","10":"product_tag-chambre-fr-2","11":"product_tag-gueridon-fr-2","12":"product_tag-tabouret-fr-2","13":"product_tag-en-stock","14":"product_tag-tables-irresistibles","15":"product_tag-st-curvy-fr","16":"product_tag-exclusive-fr","17":"pa_size-belle-ile-fr","18":"pa_size-hoedic-fr","19":"pa_size-houat-fr","20":"pa_size-set-de-trois-fr","21":"product_designer-julien-lagueste-fr","22":"manufacturer-julien-lagueste-fr","24":"first","25":"instock","26":"taxable","27":"shipping-taxable","28":"purchasable","29":"product-type-variable"},"acf":[],"_links":{"self":[{"href":"https:\/\/theinvisiblecollection.com\/fr\/wp-json\/wp\/v2\/product\/5902132","targetHints":{"allow":["GET"]}}],"collection":[{"href":"https:\/\/theinvisiblecollection.com\/fr\/wp-json\/wp\/v2\/product"}],"about":[{"href":"https:\/\/theinvisiblecollection.com\/fr\/wp-json\/wp\/v2\/types\/product"}],"wp:featuredmedia":[{"embeddable":true,"href":"https:\/\/theinvisiblecollection.com\/fr\/wp-json\/wp\/v2\/media\/5902188"}],"wp:attachment":[{"href":"https:\/\/theinvisiblecollection.com\/fr\/wp-json\/wp\/v2\/media?parent=5902132"}],"wp:term":[{"taxonomy":"product_brand","embeddable":true,"href":"https:\/\/theinvisiblecollection.com\/fr\/wp-json\/wp\/v2\/product_brand?post=5902132"},{"taxonomy":"product_cat","embeddable":true,"href":"https:\/\/theinvisiblecollection.com\/fr\/wp-json\/wp\/v2\/product_cat?post=5902132"},{"taxonomy":"product_tag","embeddable":true,"href":"https:\/\/theinvisiblecollection.com\/fr\/wp-json\/wp\/v2\/product_tag?post=5902132"},{"taxonomy":"product_designer","embeddable":true,"href":"https:\/\/theinvisiblecollection.com\/fr\/wp-json\/wp\/v2\/product_designer?post=5902132"},{"taxonomy":"comfabric","embeddable":true,"href":"https:\/\/theinvisiblecollection.com\/fr\/wp-json\/wp\/v2\/comfabric?post=5902132"},{"taxonomy":"manufacturer","embeddable":true,"href":"https:\/\/theinvisiblecollection.com\/fr\/wp-json\/wp\/v2\/manufacturer?post=5902132"},{"taxonomy":"reporting_designer","embeddable":true,"href":"https:\/\/theinvisiblecollection.com\/fr\/wp-json\/wp\/v2\/reporting_designer?post=5902132"},{"taxonomy":"samplecomfabric","embeddable":true,"href":"https:\/\/theinvisiblecollection.com\/fr\/wp-json\/wp\/v2\/samplecomfabric?post=5902132"},{"taxonomy":"clubroom_product_designer","embeddable":true,"href":"https:\/\/theinvisiblecollection.com\/fr\/wp-json\/wp\/v2\/designer_clubroom?post=5902132"}],"curies":[{"name":"wp","href":"https:\/\/api.w.org\/{rel}","templated":true}]}}