{"id":5902514,"date":"2026-04-21T08:10:28","date_gmt":"2026-04-21T08:10:28","guid":{"rendered":"https:\/\/theinvisiblecollection.com\/?post_type=product&#038;p=5902514"},"modified":"2026-05-01T07:37:02","modified_gmt":"2026-05-01T07:37:02","slug":"farniente-applique-ferrat","status":"publish","type":"product","link":"https:\/\/theinvisiblecollection.com\/fr\/produit\/farniente-applique-ferrat\/","title":{"rendered":"Applique Ferrat"},"content":{"rendered":"<p style=\"text-align: justify;\">L\u2019applique Ferrat est r\u00e9alis\u00e9e en gr\u00e8s lisse beige, avec une version d\u00e9clinable en gr\u00e8s lisse noir. Inspir\u00e9e par le Cap Ferrat comme un echo au nom Farniente, sa forme douce et courb\u00e9e \u00e9voque la s\u00e9r\u00e9nit\u00e9 des paysages c\u00f4tiers. Cette applique se distingue par sa capacit\u00e9 \u00e0 projeter la lumi\u00e8re en trois points, cr\u00e9ant ainsi une diffusion unique et originale qui illumine le mur de mani\u00e8re subtile et \u00e9l\u00e9gante. L&#8217;applique a une pr\u00e9sence notable tout en restant \u00e9quilibr\u00e9e, ce qui permet \u00e0 la Ferrat de s\u2019imposer sans \u00eatre envahissante. Un \u00e9clairage \u00e0 la fois fonctionnel et d\u00e9coratif, id\u00e9al pour sublimer vos murs cr\u00e9ant une atmosph\u00e8re apaisante et raffin\u00e9e.<\/p>\n","protected":false},"excerpt":{"rendered":"<p>L\u2019applique Ferrat est r\u00e9alis\u00e9e en gr\u00e8s lisse beige, avec une version d\u00e9clinable en gr\u00e8s lisse noir. Inspir\u00e9e par le Cap Ferrat comme un echo au nom Farniente, sa forme douce et courb\u00e9e \u00e9voque la s\u00e9r\u00e9nit\u00e9 des paysages c\u00f4tiers. Cette applique se distingue par sa capacit\u00e9 \u00e0 projeter la lumi\u00e8re en trois points, cr\u00e9ant ainsi une [&hellip;]<\/p>\n","protected":false},"featured_media":5902524,"template":"","meta":{"_acf_changed":false,"content-type":"","_themeisle_gutenberg_block_has_review":false},"product_brand":[],"product_cat":[8975,10549,12507],"product_tag":[9200,10140,31475,35206],"product_designer":[36983],"comfabric":[],"manufacturer":[36977],"reporting_designer":[],"samplecomfabric":[],"designer_clubroom":[],"class_list":{"0":"post-5902514","1":"product","2":"type-product","3":"status-publish","4":"has-post-thumbnail","6":"product_cat-appliques-murales","7":"product_cat-mobilier-dexterieur","8":"product_cat-luminaires","9":"product_tag-luminaire-fr-2","10":"product_tag-mobilier-exterieur-fr","11":"product_tag-st-ceramic-fr","12":"product_tag-exclusive-fr","13":"product_designer-farniente-fr","14":"manufacturer-farniente-pick-up-portugal-amande-haeghen-fr","16":"first","17":"instock","18":"taxable","19":"shipping-taxable","20":"purchasable","21":"product-type-variable"},"acf":[],"_links":{"self":[{"href":"https:\/\/theinvisiblecollection.com\/fr\/wp-json\/wp\/v2\/product\/5902514","targetHints":{"allow":["GET"]}}],"collection":[{"href":"https:\/\/theinvisiblecollection.com\/fr\/wp-json\/wp\/v2\/product"}],"about":[{"href":"https:\/\/theinvisiblecollection.com\/fr\/wp-json\/wp\/v2\/types\/product"}],"wp:featuredmedia":[{"embeddable":true,"href":"https:\/\/theinvisiblecollection.com\/fr\/wp-json\/wp\/v2\/media\/5902524"}],"wp:attachment":[{"href":"https:\/\/theinvisiblecollection.com\/fr\/wp-json\/wp\/v2\/media?parent=5902514"}],"wp:term":[{"taxonomy":"product_brand","embeddable":true,"href":"https:\/\/theinvisiblecollection.com\/fr\/wp-json\/wp\/v2\/product_brand?post=5902514"},{"taxonomy":"product_cat","embeddable":true,"href":"https:\/\/theinvisiblecollection.com\/fr\/wp-json\/wp\/v2\/product_cat?post=5902514"},{"taxonomy":"product_tag","embeddable":true,"href":"https:\/\/theinvisiblecollection.com\/fr\/wp-json\/wp\/v2\/product_tag?post=5902514"},{"taxonomy":"product_designer","embeddable":true,"href":"https:\/\/theinvisiblecollection.com\/fr\/wp-json\/wp\/v2\/product_designer?post=5902514"},{"taxonomy":"comfabric","embeddable":true,"href":"https:\/\/theinvisiblecollection.com\/fr\/wp-json\/wp\/v2\/comfabric?post=5902514"},{"taxonomy":"manufacturer","embeddable":true,"href":"https:\/\/theinvisiblecollection.com\/fr\/wp-json\/wp\/v2\/manufacturer?post=5902514"},{"taxonomy":"reporting_designer","embeddable":true,"href":"https:\/\/theinvisiblecollection.com\/fr\/wp-json\/wp\/v2\/reporting_designer?post=5902514"},{"taxonomy":"samplecomfabric","embeddable":true,"href":"https:\/\/theinvisiblecollection.com\/fr\/wp-json\/wp\/v2\/samplecomfabric?post=5902514"},{"taxonomy":"clubroom_product_designer","embeddable":true,"href":"https:\/\/theinvisiblecollection.com\/fr\/wp-json\/wp\/v2\/designer_clubroom?post=5902514"}],"curies":[{"name":"wp","href":"https:\/\/api.w.org\/{rel}","templated":true}]}}