{"id":5902530,"date":"2026-04-21T08:33:56","date_gmt":"2026-04-21T08:33:56","guid":{"rendered":"https:\/\/theinvisiblecollection.com\/?post_type=product&#038;p=5902530"},"modified":"2026-05-01T07:37:02","modified_gmt":"2026-05-01T07:37:02","slug":"farnient-applique-nice","status":"publish","type":"product","link":"https:\/\/theinvisiblecollection.com\/fr\/produit\/farnient-applique-nice\/","title":{"rendered":"Applique Nice"},"content":{"rendered":"<p style=\"text-align: justify;\">L\u2019applique Nice est une v\u00e9ritable sculpture aux formes organiques, qui apportent une \u00e9l\u00e9gance naturelle. Sa conception soign\u00e9e et ses courbes raffin\u00e9s lui conf\u00e8rent une allure de bijou, transformant le mur en une \u0153uvre d\u2019art lumineuse. Disponible en gr\u00e8s lisse beige et noir, elle s\u2019int\u00e8gre ais\u00e9ment dans diff\u00e9rents d\u00e9cors, apportant une touche de sophistication unique. L&#8217;applique Nice ne se contente pas d\u2019\u00e9clairer, elle devient une v\u00e9ritable signature d\u00e9corative de votre ext\u00e9rieur.<\/p>\n","protected":false},"excerpt":{"rendered":"<p>L\u2019applique Nice est une v\u00e9ritable sculpture aux formes organiques, qui apportent une \u00e9l\u00e9gance naturelle. Sa conception soign\u00e9e et ses courbes raffin\u00e9s lui conf\u00e8rent une allure de bijou, transformant le mur en une \u0153uvre d\u2019art lumineuse. Disponible en gr\u00e8s lisse beige et noir, elle s\u2019int\u00e8gre ais\u00e9ment dans diff\u00e9rents d\u00e9cors, apportant une touche de sophistication unique. L&#8217;applique [&hellip;]<\/p>\n","protected":false},"featured_media":5902542,"template":"","meta":{"_acf_changed":false,"content-type":"","_themeisle_gutenberg_block_has_review":false},"product_brand":[],"product_cat":[8975,10549,12507],"product_tag":[9200,10140,35206],"product_designer":[36983],"comfabric":[],"manufacturer":[36977],"reporting_designer":[],"samplecomfabric":[],"designer_clubroom":[],"class_list":{"0":"post-5902530","1":"product","2":"type-product","3":"status-publish","4":"has-post-thumbnail","6":"product_cat-appliques-murales","7":"product_cat-mobilier-dexterieur","8":"product_cat-luminaires","9":"product_tag-luminaire-fr-2","10":"product_tag-mobilier-exterieur-fr","11":"product_tag-exclusive-fr","12":"product_designer-farniente-fr","13":"manufacturer-farniente-pick-up-portugal-amande-haeghen-fr","15":"first","16":"instock","17":"taxable","18":"shipping-taxable","19":"purchasable","20":"product-type-variable"},"acf":[],"_links":{"self":[{"href":"https:\/\/theinvisiblecollection.com\/fr\/wp-json\/wp\/v2\/product\/5902530","targetHints":{"allow":["GET"]}}],"collection":[{"href":"https:\/\/theinvisiblecollection.com\/fr\/wp-json\/wp\/v2\/product"}],"about":[{"href":"https:\/\/theinvisiblecollection.com\/fr\/wp-json\/wp\/v2\/types\/product"}],"wp:featuredmedia":[{"embeddable":true,"href":"https:\/\/theinvisiblecollection.com\/fr\/wp-json\/wp\/v2\/media\/5902542"}],"wp:attachment":[{"href":"https:\/\/theinvisiblecollection.com\/fr\/wp-json\/wp\/v2\/media?parent=5902530"}],"wp:term":[{"taxonomy":"product_brand","embeddable":true,"href":"https:\/\/theinvisiblecollection.com\/fr\/wp-json\/wp\/v2\/product_brand?post=5902530"},{"taxonomy":"product_cat","embeddable":true,"href":"https:\/\/theinvisiblecollection.com\/fr\/wp-json\/wp\/v2\/product_cat?post=5902530"},{"taxonomy":"product_tag","embeddable":true,"href":"https:\/\/theinvisiblecollection.com\/fr\/wp-json\/wp\/v2\/product_tag?post=5902530"},{"taxonomy":"product_designer","embeddable":true,"href":"https:\/\/theinvisiblecollection.com\/fr\/wp-json\/wp\/v2\/product_designer?post=5902530"},{"taxonomy":"comfabric","embeddable":true,"href":"https:\/\/theinvisiblecollection.com\/fr\/wp-json\/wp\/v2\/comfabric?post=5902530"},{"taxonomy":"manufacturer","embeddable":true,"href":"https:\/\/theinvisiblecollection.com\/fr\/wp-json\/wp\/v2\/manufacturer?post=5902530"},{"taxonomy":"reporting_designer","embeddable":true,"href":"https:\/\/theinvisiblecollection.com\/fr\/wp-json\/wp\/v2\/reporting_designer?post=5902530"},{"taxonomy":"samplecomfabric","embeddable":true,"href":"https:\/\/theinvisiblecollection.com\/fr\/wp-json\/wp\/v2\/samplecomfabric?post=5902530"},{"taxonomy":"clubroom_product_designer","embeddable":true,"href":"https:\/\/theinvisiblecollection.com\/fr\/wp-json\/wp\/v2\/designer_clubroom?post=5902530"}],"curies":[{"name":"wp","href":"https:\/\/api.w.org\/{rel}","templated":true}]}}