{"id":5902546,"date":"2026-04-21T08:39:30","date_gmt":"2026-04-21T08:39:30","guid":{"rendered":"https:\/\/theinvisiblecollection.com\/?post_type=product&#038;p=5902546"},"modified":"2026-05-01T07:37:02","modified_gmt":"2026-05-01T07:37:02","slug":"farnient-applique-sicie","status":"publish","type":"product","link":"https:\/\/theinvisiblecollection.com\/fr\/produit\/farnient-applique-sicie\/","title":{"rendered":"Applique Sicie"},"content":{"rendered":"<p style=\"text-align: justify;\">L\u2019applique Sicie se caract\u00e9rise par son design \u00e9pur\u00e9 et longiligne, offrant une esth\u00e9tique minimaliste. Sa simplicit\u00e9 lui permet de se fondre dans tous les styles, du plus traditionnel au plus contemporain. Sa beaut\u00e9 r\u00e9side dans sa capacit\u00e9 \u00e0 \u00eatre pr\u00e9sente sans imposer sa pr\u00e9sence. La Sicie occupe l\u2019espace avec \u00e9l\u00e9gance, tout en restant discr\u00e8te. Disponible en gr\u00e8s lisse beige et noir, elle apporte une touche de raffinement sans jamais \u00eatre ostentatoire. Une applique \u00e0 la fois moderne et classique.<\/p>\n","protected":false},"excerpt":{"rendered":"<p>L\u2019applique Sicie se caract\u00e9rise par son design \u00e9pur\u00e9 et longiligne, offrant une esth\u00e9tique minimaliste. Sa simplicit\u00e9 lui permet de se fondre dans tous les styles, du plus traditionnel au plus contemporain. Sa beaut\u00e9 r\u00e9side dans sa capacit\u00e9 \u00e0 \u00eatre pr\u00e9sente sans imposer sa pr\u00e9sence. La Sicie occupe l\u2019espace avec \u00e9l\u00e9gance, tout en restant discr\u00e8te. Disponible [&hellip;]<\/p>\n","protected":false},"featured_media":5902556,"template":"","meta":{"_acf_changed":false,"content-type":"","_themeisle_gutenberg_block_has_review":false},"product_brand":[],"product_cat":[8975,10549,12507],"product_tag":[9200,10140,31475,35206],"product_designer":[36983],"comfabric":[],"manufacturer":[36977],"reporting_designer":[],"samplecomfabric":[],"designer_clubroom":[],"class_list":{"0":"post-5902546","1":"product","2":"type-product","3":"status-publish","4":"has-post-thumbnail","6":"product_cat-appliques-murales","7":"product_cat-mobilier-dexterieur","8":"product_cat-luminaires","9":"product_tag-luminaire-fr-2","10":"product_tag-mobilier-exterieur-fr","11":"product_tag-st-ceramic-fr","12":"product_tag-exclusive-fr","13":"product_designer-farniente-fr","14":"manufacturer-farniente-pick-up-portugal-amande-haeghen-fr","16":"first","17":"instock","18":"taxable","19":"shipping-taxable","20":"purchasable","21":"product-type-variable"},"acf":[],"_links":{"self":[{"href":"https:\/\/theinvisiblecollection.com\/fr\/wp-json\/wp\/v2\/product\/5902546","targetHints":{"allow":["GET"]}}],"collection":[{"href":"https:\/\/theinvisiblecollection.com\/fr\/wp-json\/wp\/v2\/product"}],"about":[{"href":"https:\/\/theinvisiblecollection.com\/fr\/wp-json\/wp\/v2\/types\/product"}],"wp:featuredmedia":[{"embeddable":true,"href":"https:\/\/theinvisiblecollection.com\/fr\/wp-json\/wp\/v2\/media\/5902556"}],"wp:attachment":[{"href":"https:\/\/theinvisiblecollection.com\/fr\/wp-json\/wp\/v2\/media?parent=5902546"}],"wp:term":[{"taxonomy":"product_brand","embeddable":true,"href":"https:\/\/theinvisiblecollection.com\/fr\/wp-json\/wp\/v2\/product_brand?post=5902546"},{"taxonomy":"product_cat","embeddable":true,"href":"https:\/\/theinvisiblecollection.com\/fr\/wp-json\/wp\/v2\/product_cat?post=5902546"},{"taxonomy":"product_tag","embeddable":true,"href":"https:\/\/theinvisiblecollection.com\/fr\/wp-json\/wp\/v2\/product_tag?post=5902546"},{"taxonomy":"product_designer","embeddable":true,"href":"https:\/\/theinvisiblecollection.com\/fr\/wp-json\/wp\/v2\/product_designer?post=5902546"},{"taxonomy":"comfabric","embeddable":true,"href":"https:\/\/theinvisiblecollection.com\/fr\/wp-json\/wp\/v2\/comfabric?post=5902546"},{"taxonomy":"manufacturer","embeddable":true,"href":"https:\/\/theinvisiblecollection.com\/fr\/wp-json\/wp\/v2\/manufacturer?post=5902546"},{"taxonomy":"reporting_designer","embeddable":true,"href":"https:\/\/theinvisiblecollection.com\/fr\/wp-json\/wp\/v2\/reporting_designer?post=5902546"},{"taxonomy":"samplecomfabric","embeddable":true,"href":"https:\/\/theinvisiblecollection.com\/fr\/wp-json\/wp\/v2\/samplecomfabric?post=5902546"},{"taxonomy":"clubroom_product_designer","embeddable":true,"href":"https:\/\/theinvisiblecollection.com\/fr\/wp-json\/wp\/v2\/designer_clubroom?post=5902546"}],"curies":[{"name":"wp","href":"https:\/\/api.w.org\/{rel}","templated":true}]}}