{"id":5902562,"date":"2026-04-21T08:45:33","date_gmt":"2026-04-21T08:45:33","guid":{"rendered":"https:\/\/theinvisiblecollection.com\/?post_type=product&#038;p=5902562"},"modified":"2026-05-01T07:37:02","modified_gmt":"2026-05-01T07:37:02","slug":"farniente-applique-antibes","status":"publish","type":"product","link":"https:\/\/theinvisiblecollection.com\/fr\/produit\/farniente-applique-antibes\/","title":{"rendered":"Applique Antibes"},"content":{"rendered":"<p style=\"text-align: justify;\">L\u2019applique Antibes s\u2019inspire des lignes et de l\u2019\u00e9l\u00e9gance de l\u2019Art D\u00e9co, offrant une touche r\u00e9tro-chic \u00e0 toute d\u00e9coration. Gr\u00e2ce \u00e0 ses larges ouvertures, elle diffuse une lumi\u00e8re intense et orient\u00e9e, cr\u00e9ant une atmosph\u00e8re chaleureuse et enveloppante. L\u2019applique Antibes habille le mur avec une pr\u00e9sence imposante, ajoutant une touche de grandeur \u00e0 l\u2019espace. Fabriqu\u00e9e en gr\u00e8s lisse beige, elle se d\u00e9cline \u00e9galement en gr\u00e8s lisse noir, ce qui lui permet de s\u2019adapter parfaitement \u00e0 diff\u00e9rents styles d&#8217;ext\u00e9rieurs. Son \u00e9clairage, \u00e0 la fois puissant et subtil, combine fonctionnalit\u00e9 et originalit\u00e9, faisant de cette applique une v\u00e9ritable pi\u00e8ce unique.<\/p>\n","protected":false},"excerpt":{"rendered":"<p>L\u2019applique Antibes s\u2019inspire des lignes et de l\u2019\u00e9l\u00e9gance de l\u2019Art D\u00e9co, offrant une touche r\u00e9tro-chic \u00e0 toute d\u00e9coration. Gr\u00e2ce \u00e0 ses larges ouvertures, elle diffuse une lumi\u00e8re intense et orient\u00e9e, cr\u00e9ant une atmosph\u00e8re chaleureuse et enveloppante. L\u2019applique Antibes habille le mur avec une pr\u00e9sence imposante, ajoutant une touche de grandeur \u00e0 l\u2019espace. Fabriqu\u00e9e en gr\u00e8s [&hellip;]<\/p>\n","protected":false},"featured_media":5902572,"template":"","meta":{"_acf_changed":false,"content-type":"","_themeisle_gutenberg_block_has_review":false},"product_brand":[],"product_cat":[12507,8975],"product_tag":[35206],"product_designer":[36983],"comfabric":[],"manufacturer":[36977],"reporting_designer":[],"samplecomfabric":[],"designer_clubroom":[],"class_list":{"0":"post-5902562","1":"product","2":"type-product","3":"status-publish","4":"has-post-thumbnail","6":"product_cat-luminaires","7":"product_cat-appliques-murales","8":"product_tag-exclusive-fr","9":"product_designer-farniente-fr","10":"manufacturer-farniente-pick-up-portugal-amande-haeghen-fr","12":"first","13":"instock","14":"taxable","15":"shipping-taxable","16":"purchasable","17":"product-type-variable"},"acf":[],"_links":{"self":[{"href":"https:\/\/theinvisiblecollection.com\/fr\/wp-json\/wp\/v2\/product\/5902562","targetHints":{"allow":["GET"]}}],"collection":[{"href":"https:\/\/theinvisiblecollection.com\/fr\/wp-json\/wp\/v2\/product"}],"about":[{"href":"https:\/\/theinvisiblecollection.com\/fr\/wp-json\/wp\/v2\/types\/product"}],"wp:featuredmedia":[{"embeddable":true,"href":"https:\/\/theinvisiblecollection.com\/fr\/wp-json\/wp\/v2\/media\/5902572"}],"wp:attachment":[{"href":"https:\/\/theinvisiblecollection.com\/fr\/wp-json\/wp\/v2\/media?parent=5902562"}],"wp:term":[{"taxonomy":"product_brand","embeddable":true,"href":"https:\/\/theinvisiblecollection.com\/fr\/wp-json\/wp\/v2\/product_brand?post=5902562"},{"taxonomy":"product_cat","embeddable":true,"href":"https:\/\/theinvisiblecollection.com\/fr\/wp-json\/wp\/v2\/product_cat?post=5902562"},{"taxonomy":"product_tag","embeddable":true,"href":"https:\/\/theinvisiblecollection.com\/fr\/wp-json\/wp\/v2\/product_tag?post=5902562"},{"taxonomy":"product_designer","embeddable":true,"href":"https:\/\/theinvisiblecollection.com\/fr\/wp-json\/wp\/v2\/product_designer?post=5902562"},{"taxonomy":"comfabric","embeddable":true,"href":"https:\/\/theinvisiblecollection.com\/fr\/wp-json\/wp\/v2\/comfabric?post=5902562"},{"taxonomy":"manufacturer","embeddable":true,"href":"https:\/\/theinvisiblecollection.com\/fr\/wp-json\/wp\/v2\/manufacturer?post=5902562"},{"taxonomy":"reporting_designer","embeddable":true,"href":"https:\/\/theinvisiblecollection.com\/fr\/wp-json\/wp\/v2\/reporting_designer?post=5902562"},{"taxonomy":"samplecomfabric","embeddable":true,"href":"https:\/\/theinvisiblecollection.com\/fr\/wp-json\/wp\/v2\/samplecomfabric?post=5902562"},{"taxonomy":"clubroom_product_designer","embeddable":true,"href":"https:\/\/theinvisiblecollection.com\/fr\/wp-json\/wp\/v2\/designer_clubroom?post=5902562"}],"curies":[{"name":"wp","href":"https:\/\/api.w.org\/{rel}","templated":true}]}}