{"id":5902579,"date":"2026-04-21T08:51:09","date_gmt":"2026-04-21T08:51:09","guid":{"rendered":"https:\/\/theinvisiblecollection.com\/?post_type=product&#038;p=5902579"},"modified":"2026-05-01T07:37:02","modified_gmt":"2026-05-01T07:37:02","slug":"farniente-applique-taillat","status":"publish","type":"product","link":"https:\/\/theinvisiblecollection.com\/fr\/produit\/farniente-applique-taillat\/","title":{"rendered":"Applique Taillat"},"content":{"rendered":"<p style=\"text-align: justify;\">L\u2019applique Taillat est un classique revisit\u00e9. Son design \u00e9pur\u00e9, sans artifice, lui permet de s\u2019harmoniser parfaitement avec toutes les teintes et textures de murs, quelle que soit l\u2019ambiance de l\u2019espace. Une applique \u00e0 la fois sobre et \u00e9l\u00e9gante, parfaite pour illuminer un jardin aux accents m\u00e9diterran\u00e9ens ou un ext\u00e9rieur de type loft industriel. L&#8217;applique Taillat s\u2019impose discr\u00e8tement sur le mur, apportant une pr\u00e9sence raffin\u00e9e sans \u00eatre ostentatoire. Fabriqu\u00e9e en gr\u00e8s lisse beige, elle est \u00e9galement disponible en gr\u00e8s lisse noir.<\/p>\n","protected":false},"excerpt":{"rendered":"<p>L\u2019applique Taillat est un classique revisit\u00e9. Son design \u00e9pur\u00e9, sans artifice, lui permet de s\u2019harmoniser parfaitement avec toutes les teintes et textures de murs, quelle que soit l\u2019ambiance de l\u2019espace. Une applique \u00e0 la fois sobre et \u00e9l\u00e9gante, parfaite pour illuminer un jardin aux accents m\u00e9diterran\u00e9ens ou un ext\u00e9rieur de type loft industriel. L&#8217;applique Taillat [&hellip;]<\/p>\n","protected":false},"featured_media":5902589,"template":"","meta":{"_acf_changed":false,"content-type":"","_themeisle_gutenberg_block_has_review":false},"product_brand":[],"product_cat":[8975,10549,12507],"product_tag":[9200,10140,31475,35206],"product_designer":[36983],"comfabric":[],"manufacturer":[36977],"reporting_designer":[],"samplecomfabric":[],"designer_clubroom":[],"class_list":{"0":"post-5902579","1":"product","2":"type-product","3":"status-publish","4":"has-post-thumbnail","6":"product_cat-appliques-murales","7":"product_cat-mobilier-dexterieur","8":"product_cat-luminaires","9":"product_tag-luminaire-fr-2","10":"product_tag-mobilier-exterieur-fr","11":"product_tag-st-ceramic-fr","12":"product_tag-exclusive-fr","13":"product_designer-farniente-fr","14":"manufacturer-farniente-pick-up-portugal-amande-haeghen-fr","16":"first","17":"instock","18":"taxable","19":"shipping-taxable","20":"purchasable","21":"product-type-variable"},"acf":[],"_links":{"self":[{"href":"https:\/\/theinvisiblecollection.com\/fr\/wp-json\/wp\/v2\/product\/5902579","targetHints":{"allow":["GET"]}}],"collection":[{"href":"https:\/\/theinvisiblecollection.com\/fr\/wp-json\/wp\/v2\/product"}],"about":[{"href":"https:\/\/theinvisiblecollection.com\/fr\/wp-json\/wp\/v2\/types\/product"}],"wp:featuredmedia":[{"embeddable":true,"href":"https:\/\/theinvisiblecollection.com\/fr\/wp-json\/wp\/v2\/media\/5902589"}],"wp:attachment":[{"href":"https:\/\/theinvisiblecollection.com\/fr\/wp-json\/wp\/v2\/media?parent=5902579"}],"wp:term":[{"taxonomy":"product_brand","embeddable":true,"href":"https:\/\/theinvisiblecollection.com\/fr\/wp-json\/wp\/v2\/product_brand?post=5902579"},{"taxonomy":"product_cat","embeddable":true,"href":"https:\/\/theinvisiblecollection.com\/fr\/wp-json\/wp\/v2\/product_cat?post=5902579"},{"taxonomy":"product_tag","embeddable":true,"href":"https:\/\/theinvisiblecollection.com\/fr\/wp-json\/wp\/v2\/product_tag?post=5902579"},{"taxonomy":"product_designer","embeddable":true,"href":"https:\/\/theinvisiblecollection.com\/fr\/wp-json\/wp\/v2\/product_designer?post=5902579"},{"taxonomy":"comfabric","embeddable":true,"href":"https:\/\/theinvisiblecollection.com\/fr\/wp-json\/wp\/v2\/comfabric?post=5902579"},{"taxonomy":"manufacturer","embeddable":true,"href":"https:\/\/theinvisiblecollection.com\/fr\/wp-json\/wp\/v2\/manufacturer?post=5902579"},{"taxonomy":"reporting_designer","embeddable":true,"href":"https:\/\/theinvisiblecollection.com\/fr\/wp-json\/wp\/v2\/reporting_designer?post=5902579"},{"taxonomy":"samplecomfabric","embeddable":true,"href":"https:\/\/theinvisiblecollection.com\/fr\/wp-json\/wp\/v2\/samplecomfabric?post=5902579"},{"taxonomy":"clubroom_product_designer","embeddable":true,"href":"https:\/\/theinvisiblecollection.com\/fr\/wp-json\/wp\/v2\/designer_clubroom?post=5902579"}],"curies":[{"name":"wp","href":"https:\/\/api.w.org\/{rel}","templated":true}]}}