{"id":5902595,"date":"2026-04-21T08:55:18","date_gmt":"2026-04-21T08:55:18","guid":{"rendered":"https:\/\/theinvisiblecollection.com\/?post_type=product&#038;p=5902595"},"modified":"2026-05-01T07:37:02","modified_gmt":"2026-05-01T07:37:02","slug":"farniente-applique-benat","status":"publish","type":"product","link":"https:\/\/theinvisiblecollection.com\/fr\/produit\/farniente-applique-benat\/","title":{"rendered":"Applique B\u00e9nat"},"content":{"rendered":"<p style=\"text-align: justify;\">L\u2019applique B\u00e9nat, \u00e9l\u00e9gante et intemporelle, elle allie simplicit\u00e9 et raffinement. Fabriqu\u00e9e en gr\u00e8s lisse beige, elle est \u00e9galement d\u00e9clinable en gr\u00e8s lisse noir. Son design minimaliste et sans artifice permet \u00e0 la B\u00e9nat de se fondre harmonieusement quel que soit le coloris ou la texture des murs de votre ext\u00e9rieur. Ses lignes creus\u00e9es dans la masse, caract\u00e9ristiques de son design renforcent l\u2019impression de simplicit\u00e9 tout en offrant une profondeur visuelle qui lui donne une identit\u00e9 forte. Ces d\u00e9tails, \u00e0 la fois discrets et pr\u00e9cis, en font un v\u00e9ritable classique.<\/p>\n","protected":false},"excerpt":{"rendered":"<p>L\u2019applique B\u00e9nat, \u00e9l\u00e9gante et intemporelle, elle allie simplicit\u00e9 et raffinement. Fabriqu\u00e9e en gr\u00e8s lisse beige, elle est \u00e9galement d\u00e9clinable en gr\u00e8s lisse noir. Son design minimaliste et sans artifice permet \u00e0 la B\u00e9nat de se fondre harmonieusement quel que soit le coloris ou la texture des murs de votre ext\u00e9rieur. Ses lignes creus\u00e9es dans la [&hellip;]<\/p>\n","protected":false},"featured_media":5902605,"template":"","meta":{"_acf_changed":false,"content-type":"","_themeisle_gutenberg_block_has_review":false},"product_brand":[],"product_cat":[8975,10549,12507],"product_tag":[10140,31475,31477,35206],"product_designer":[36983],"comfabric":[],"manufacturer":[36977],"reporting_designer":[],"samplecomfabric":[],"designer_clubroom":[],"class_list":{"0":"post-5902595","1":"product","2":"type-product","3":"status-publish","4":"has-post-thumbnail","6":"product_cat-appliques-murales","7":"product_cat-mobilier-dexterieur","8":"product_cat-luminaires","9":"product_tag-mobilier-exterieur-fr","10":"product_tag-st-ceramic-fr","11":"product_tag-st-curvy-fr","12":"product_tag-exclusive-fr","13":"product_designer-farniente-fr","14":"manufacturer-farniente-pick-up-portugal-amande-haeghen-fr","16":"first","17":"instock","18":"taxable","19":"shipping-taxable","20":"purchasable","21":"product-type-variable"},"acf":[],"_links":{"self":[{"href":"https:\/\/theinvisiblecollection.com\/fr\/wp-json\/wp\/v2\/product\/5902595","targetHints":{"allow":["GET"]}}],"collection":[{"href":"https:\/\/theinvisiblecollection.com\/fr\/wp-json\/wp\/v2\/product"}],"about":[{"href":"https:\/\/theinvisiblecollection.com\/fr\/wp-json\/wp\/v2\/types\/product"}],"wp:featuredmedia":[{"embeddable":true,"href":"https:\/\/theinvisiblecollection.com\/fr\/wp-json\/wp\/v2\/media\/5902605"}],"wp:attachment":[{"href":"https:\/\/theinvisiblecollection.com\/fr\/wp-json\/wp\/v2\/media?parent=5902595"}],"wp:term":[{"taxonomy":"product_brand","embeddable":true,"href":"https:\/\/theinvisiblecollection.com\/fr\/wp-json\/wp\/v2\/product_brand?post=5902595"},{"taxonomy":"product_cat","embeddable":true,"href":"https:\/\/theinvisiblecollection.com\/fr\/wp-json\/wp\/v2\/product_cat?post=5902595"},{"taxonomy":"product_tag","embeddable":true,"href":"https:\/\/theinvisiblecollection.com\/fr\/wp-json\/wp\/v2\/product_tag?post=5902595"},{"taxonomy":"product_designer","embeddable":true,"href":"https:\/\/theinvisiblecollection.com\/fr\/wp-json\/wp\/v2\/product_designer?post=5902595"},{"taxonomy":"comfabric","embeddable":true,"href":"https:\/\/theinvisiblecollection.com\/fr\/wp-json\/wp\/v2\/comfabric?post=5902595"},{"taxonomy":"manufacturer","embeddable":true,"href":"https:\/\/theinvisiblecollection.com\/fr\/wp-json\/wp\/v2\/manufacturer?post=5902595"},{"taxonomy":"reporting_designer","embeddable":true,"href":"https:\/\/theinvisiblecollection.com\/fr\/wp-json\/wp\/v2\/reporting_designer?post=5902595"},{"taxonomy":"samplecomfabric","embeddable":true,"href":"https:\/\/theinvisiblecollection.com\/fr\/wp-json\/wp\/v2\/samplecomfabric?post=5902595"},{"taxonomy":"clubroom_product_designer","embeddable":true,"href":"https:\/\/theinvisiblecollection.com\/fr\/wp-json\/wp\/v2\/designer_clubroom?post=5902595"}],"curies":[{"name":"wp","href":"https:\/\/api.w.org\/{rel}","templated":true}]}}