{"id":5902946,"date":"2026-04-27T08:26:19","date_gmt":"2026-04-27T08:26:19","guid":{"rendered":"https:\/\/theinvisiblecollection.com\/?post_type=product&#038;p=5902946"},"modified":"2026-05-01T07:37:02","modified_gmt":"2026-05-01T07:37:02","slug":"fauteuil-grand-oval","status":"publish","type":"product","link":"https:\/\/theinvisiblecollection.com\/fr\/produit\/fauteuil-grand-oval\/","title":{"rendered":"Fauteuil Grand Oval"},"content":{"rendered":"<p style=\"text-align: justify;\">Le fauteuil Grand Oval est inspir\u00e9 d\u2019une berg\u00e8re ovale du ma\u00eetre menuisier <span class=\"hover:entity-accent entity-underline inline cursor-pointer align-baseline\"><span class=\"whitespace-normal\">Louis Delanois<\/span><\/span> (1731\u20131792). Enti\u00e8rement fabriqu\u00e9 \u00e0 la main en Europe par une \u00e9quipe d\u2019artisans de talent, le si\u00e8ge est tapiss\u00e9 de mohair et repose sur un ensemble de quatre pieds en bronze goug\u00e9. Le m\u00e9daillon et les accoudoirs, que l\u2019on retrouve dans le mobilier typique Louis XVI, ont \u00e9t\u00e9 simplifi\u00e9s et participent au travail de tapisserie, devenant ainsi un \u00e9cho sculptural \u00e0 ce qui d\u00e9finit, depuis plus de deux cents ans, le style fran\u00e7ais.<\/p>\n","protected":false},"excerpt":{"rendered":"<p>Le fauteuil Grand Oval est inspir\u00e9 d\u2019une berg\u00e8re ovale du ma\u00eetre menuisier Louis Delanois (1731\u20131792). Enti\u00e8rement fabriqu\u00e9 \u00e0 la main en Europe par une \u00e9quipe d\u2019artisans de talent, le si\u00e8ge est tapiss\u00e9 de mohair et repose sur un ensemble de quatre pieds en bronze goug\u00e9. Le m\u00e9daillon et les accoudoirs, que l\u2019on retrouve dans le [&hellip;]<\/p>\n","protected":false},"featured_media":5902829,"template":"","meta":{"_acf_changed":false,"content-type":"","_themeisle_gutenberg_block_has_review":false},"product_brand":[],"product_cat":[8945,12499],"product_tag":[8942,9150,31477,35206],"product_designer":[19809],"comfabric":[],"manufacturer":[34951],"reporting_designer":[],"samplecomfabric":[],"designer_clubroom":[],"class_list":{"0":"post-5902946","1":"product","2":"type-product","3":"status-publish","4":"has-post-thumbnail","6":"product_cat-fauteuils","7":"product_cat-assises","8":"product_tag-assise","9":"product_tag-fauteuil-fr-2","10":"product_tag-st-curvy-fr","11":"product_tag-exclusive-fr","12":"product_designer-leo-sentou-fr","13":"manufacturer-a-d-sourcing-pickup-leo-sentou-fr","15":"first","16":"instock","17":"taxable","18":"shipping-taxable","19":"purchasable","20":"product-type-variable"},"acf":[],"_links":{"self":[{"href":"https:\/\/theinvisiblecollection.com\/fr\/wp-json\/wp\/v2\/product\/5902946","targetHints":{"allow":["GET"]}}],"collection":[{"href":"https:\/\/theinvisiblecollection.com\/fr\/wp-json\/wp\/v2\/product"}],"about":[{"href":"https:\/\/theinvisiblecollection.com\/fr\/wp-json\/wp\/v2\/types\/product"}],"wp:featuredmedia":[{"embeddable":true,"href":"https:\/\/theinvisiblecollection.com\/fr\/wp-json\/wp\/v2\/media\/5902829"}],"wp:attachment":[{"href":"https:\/\/theinvisiblecollection.com\/fr\/wp-json\/wp\/v2\/media?parent=5902946"}],"wp:term":[{"taxonomy":"product_brand","embeddable":true,"href":"https:\/\/theinvisiblecollection.com\/fr\/wp-json\/wp\/v2\/product_brand?post=5902946"},{"taxonomy":"product_cat","embeddable":true,"href":"https:\/\/theinvisiblecollection.com\/fr\/wp-json\/wp\/v2\/product_cat?post=5902946"},{"taxonomy":"product_tag","embeddable":true,"href":"https:\/\/theinvisiblecollection.com\/fr\/wp-json\/wp\/v2\/product_tag?post=5902946"},{"taxonomy":"product_designer","embeddable":true,"href":"https:\/\/theinvisiblecollection.com\/fr\/wp-json\/wp\/v2\/product_designer?post=5902946"},{"taxonomy":"comfabric","embeddable":true,"href":"https:\/\/theinvisiblecollection.com\/fr\/wp-json\/wp\/v2\/comfabric?post=5902946"},{"taxonomy":"manufacturer","embeddable":true,"href":"https:\/\/theinvisiblecollection.com\/fr\/wp-json\/wp\/v2\/manufacturer?post=5902946"},{"taxonomy":"reporting_designer","embeddable":true,"href":"https:\/\/theinvisiblecollection.com\/fr\/wp-json\/wp\/v2\/reporting_designer?post=5902946"},{"taxonomy":"samplecomfabric","embeddable":true,"href":"https:\/\/theinvisiblecollection.com\/fr\/wp-json\/wp\/v2\/samplecomfabric?post=5902946"},{"taxonomy":"clubroom_product_designer","embeddable":true,"href":"https:\/\/theinvisiblecollection.com\/fr\/wp-json\/wp\/v2\/designer_clubroom?post=5902946"}],"curies":[{"name":"wp","href":"https:\/\/api.w.org\/{rel}","templated":true}]}}